{"id":110,"date":"2024-05-29T14:41:30","date_gmt":"2024-05-29T13:41:30","guid":{"rendered":"https:\/\/nordiclab.webgiantdemo.se\/produkt\/vatskefilter-022um\/"},"modified":"2026-03-03T12:56:24","modified_gmt":"2026-03-03T11:56:24","slug":"vatskefilter-022um","status":"publish","type":"product","link":"https:\/\/nordiclabsupplies.com\/en\/product\/liquid-filter-022um\/","title":{"rendered":"Liquid filter (0.22um)"},"content":{"rendered":"<p>CAPSULE FILTER 0.22\u039cM<\/p>\n<p>Brand: Embalab<br \/>\nFilter media: Hydrophilic nylon<br \/>\nHousing and support material: polypropylene.<br \/>\nPore size (removal): 0.22um<br \/>\nEffective filtration area: 550 cm2.<br \/>\nTypical flow rate: Up to 50L.<br \/>\nInlet\/outlet connections: 6.4-12.7mm diameter stepped hose.<br \/>\nCase length: 48 mm (1.89 in)<br \/>\nOverall length: 92 mm (3.62 in)<br \/>\nDiameter: 70mm (2.76in)<br \/>\nMaximum operating temperature: 60 degrees Celsius<br \/>\nMaximum operating pressure: 5.0 bar at ambient temperature<br \/>\nTypical retention volume: 25ml<br \/>\nSterilization: Individually sterile packaging.<\/p>","protected":false},"excerpt":{"rendered":"<p>CAPSULE FILTER 0.22\u03bcM Brand: Embalab Filter media: Hydrophilic nylon Housing and support material: polypropylene. Pore size (removal): 0.22um Effective filtration area: 550 cm2. Typical flow rate: Up to 50L. Inlet\/outlet connections: 6.4-12.7 mm diameter stepped hose. Housing length: 48 mm (1.89 in) Overall length: 92 mm (3.62 in) Diameter: 70 mm (2.76 in) Maximum operating temperature: 60 degrees Celsius Maximum operating pressure: [\u2026]<\/p>","protected":false},"featured_media":506,"comment_status":"open","ping_status":"closed","template":"","meta":{"_acf_changed":false},"product_brand":[],"product_cat":[25],"product_tag":[],"class_list":{"0":"post-110","1":"product","2":"type-product","3":"status-publish","4":"has-post-thumbnail","6":"product_cat-filter","8":"first","9":"instock","10":"taxable","11":"shipping-taxable","12":"purchasable","13":"product-type-simple"},"acf":[],"yoast_head":"<!-- This site is optimized with the Yoast SEO Premium plugin v22.6 (Yoast SEO v27.1.1) - https:\/\/yoast.com\/product\/yoast-seo-premium-wordpress\/ -->\n<title>V\u00e4tskefilter (0,22um) - Nordiclabsupplies.com<\/title>\n<meta name=\"robots\" content=\"index, follow, max-snippet:-1, max-image-preview:large, max-video-preview:-1\" \/>\n<link rel=\"canonical\" href=\"https:\/\/nordiclabsupplies.com\/en\/product\/liquid-filter-022um\/\" \/>\n<meta property=\"og:locale\" content=\"en_US\" \/>\n<meta property=\"og:type\" content=\"article\" \/>\n<meta property=\"og:title\" content=\"V\u00e4tskefilter (0,22um)\" \/>\n<meta property=\"og:description\" content=\"KAPSELFILTER 0,22\u039cM M\u00e4rke: Embalab Filtermedia: Hydrofil nylon H\u00f6lje och st\u00f6dmaterial: polypropen. Porstorlek (avl\u00e4gsnande): 0,22um Effektiv filtreringsomr\u00e5de: 550 cm2. Typisk genomstr\u00f6mning: Upp till 50L. Inlopps-\/utloppsanslutningar: Slang med trappsteg med 6,4-12,7 mm diameter. Husets l\u00e4ngd: 48 mm (1,89 tum) Total l\u00e4ngd: 92 mm (3,62 tum) Diameter: 70 mm (2,76 tum) Maximal drifttemperatur: 60 grader Celsius Maximalt drifttryck: [&hellip;]\" \/>\n<meta property=\"og:url\" content=\"https:\/\/nordiclabsupplies.com\/en\/product\/liquid-filter-022um\/\" \/>\n<meta property=\"og:site_name\" content=\"Nordiclabsupplies.com\" \/>\n<meta property=\"article:modified_time\" content=\"2026-03-03T11:56:24+00:00\" \/>\n<meta property=\"og:image\" content=\"https:\/\/nordiclabsupplies.com\/wp-content\/uploads\/2024\/05\/SAP-02002-22-1-scaled.jpg\" \/>\n\t<meta property=\"og:image:width\" content=\"2560\" \/>\n\t<meta property=\"og:image:height\" content=\"1954\" \/>\n\t<meta property=\"og:image:type\" content=\"image\/jpeg\" \/>\n<meta name=\"twitter:card\" content=\"summary_large_image\" \/>\n<meta name=\"twitter:label1\" content=\"Price\" \/>\n\t<meta name=\"twitter:data1\" content=\"500,00&nbsp;&#107;&#114;\" \/>\n\t<meta name=\"twitter:label2\" content=\"Availability\" \/>\n\t<meta name=\"twitter:data2\" content=\"In stock\" \/>\n<script type=\"application\/ld+json\" class=\"yoast-schema-graph\">{\"@context\":\"https:\/\/schema.org\",\"@graph\":[{\"@type\":\"WebPage\",\"@id\":\"https:\/\/nordiclabsupplies.com\/produkt\/vatskefilter-022um\/\",\"url\":\"https:\/\/nordiclabsupplies.com\/produkt\/vatskefilter-022um\/\",\"name\":\"V\u00e4tskefilter (0,22um) - Nordiclabsupplies.com\",\"isPartOf\":{\"@id\":\"https:\/\/nordiclabsupplies.com\/#website\"},\"primaryImageOfPage\":{\"@id\":\"https:\/\/nordiclabsupplies.com\/produkt\/vatskefilter-022um\/#primaryimage\"},\"image\":{\"@id\":\"https:\/\/nordiclabsupplies.com\/produkt\/vatskefilter-022um\/#primaryimage\"},\"thumbnailUrl\":\"https:\/\/nordiclabsupplies.com\/wp-content\/uploads\/2024\/05\/SAP-02002-22-1-scaled.jpg\",\"datePublished\":\"2024-05-29T13:41:30+00:00\",\"dateModified\":\"2026-03-03T11:56:24+00:00\",\"breadcrumb\":{\"@id\":\"https:\/\/nordiclabsupplies.com\/produkt\/vatskefilter-022um\/#breadcrumb\"},\"inLanguage\":\"en-US\",\"potentialAction\":[{\"@type\":\"ReadAction\",\"target\":[\"https:\/\/nordiclabsupplies.com\/produkt\/vatskefilter-022um\/\"]}]},{\"@type\":\"ImageObject\",\"inLanguage\":\"en-US\",\"@id\":\"https:\/\/nordiclabsupplies.com\/produkt\/vatskefilter-022um\/#primaryimage\",\"url\":\"https:\/\/nordiclabsupplies.com\/wp-content\/uploads\/2024\/05\/SAP-02002-22-1-scaled.jpg\",\"contentUrl\":\"https:\/\/nordiclabsupplies.com\/wp-content\/uploads\/2024\/05\/SAP-02002-22-1-scaled.jpg\",\"width\":2560,\"height\":1954},{\"@type\":\"BreadcrumbList\",\"@id\":\"https:\/\/nordiclabsupplies.com\/produkt\/vatskefilter-022um\/#breadcrumb\",\"itemListElement\":[{\"@type\":\"ListItem\",\"position\":1,\"name\":\"Home\",\"item\":\"https:\/\/nordiclabsupplies.com\/\"},{\"@type\":\"ListItem\",\"position\":2,\"name\":\"Butik\",\"item\":\"https:\/\/nordiclabsupplies.com\/butik\/\"},{\"@type\":\"ListItem\",\"position\":3,\"name\":\"V\u00e4tskefilter (0,22um)\"}]},{\"@type\":\"WebSite\",\"@id\":\"https:\/\/nordiclabsupplies.com\/#website\",\"url\":\"https:\/\/nordiclabsupplies.com\/\",\"name\":\"Nordiclabsupplies.com\",\"description\":\"\",\"potentialAction\":[{\"@type\":\"SearchAction\",\"target\":{\"@type\":\"EntryPoint\",\"urlTemplate\":\"https:\/\/nordiclabsupplies.com\/?s={search_term_string}\"},\"query-input\":{\"@type\":\"PropertyValueSpecification\",\"valueRequired\":true,\"valueName\":\"search_term_string\"}}],\"inLanguage\":\"en-US\"}]}<\/script>\n<meta property=\"product:price:amount\" content=\"500.00\" \/>\n<meta property=\"product:price:currency\" content=\"SEK\" \/>\n<meta property=\"og:availability\" content=\"instock\" \/>\n<meta property=\"product:availability\" content=\"instock\" \/>\n<meta property=\"product:retailer_item_id\" content=\"SAP-02002-22\" \/>\n<meta property=\"product:condition\" content=\"new\" \/>\n<!-- \/ Yoast SEO Premium plugin. -->","yoast_head_json":{"title":"V\u00e4tskefilter (0,22um) - Nordiclabsupplies.com","robots":{"index":"index","follow":"follow","max-snippet":"max-snippet:-1","max-image-preview":"max-image-preview:large","max-video-preview":"max-video-preview:-1"},"canonical":"https:\/\/nordiclabsupplies.com\/en\/product\/liquid-filter-022um\/","og_locale":"en_US","og_type":"article","og_title":"V\u00e4tskefilter (0,22um)","og_description":"KAPSELFILTER 0,22\u039cM M\u00e4rke: Embalab Filtermedia: Hydrofil nylon H\u00f6lje och st\u00f6dmaterial: polypropen. Porstorlek (avl\u00e4gsnande): 0,22um Effektiv filtreringsomr\u00e5de: 550 cm2. Typisk genomstr\u00f6mning: Upp till 50L. Inlopps-\/utloppsanslutningar: Slang med trappsteg med 6,4-12,7 mm diameter. Husets l\u00e4ngd: 48 mm (1,89 tum) Total l\u00e4ngd: 92 mm (3,62 tum) Diameter: 70 mm (2,76 tum) Maximal drifttemperatur: 60 grader Celsius Maximalt drifttryck: [&hellip;]","og_url":"https:\/\/nordiclabsupplies.com\/en\/product\/liquid-filter-022um\/","og_site_name":"Nordiclabsupplies.com","article_modified_time":"2026-03-03T11:56:24+00:00","og_image":[{"width":2560,"height":1954,"url":"https:\/\/nordiclabsupplies.com\/wp-content\/uploads\/2024\/05\/SAP-02002-22-1-scaled.jpg","type":"image\/jpeg"}],"twitter_card":"summary_large_image","twitter_misc":{"Price":"500,00&nbsp;&#107;&#114;","Availability":"In stock"},"schema":{"@context":"https:\/\/schema.org","@graph":[{"@type":"WebPage","@id":"https:\/\/nordiclabsupplies.com\/produkt\/vatskefilter-022um\/","url":"https:\/\/nordiclabsupplies.com\/produkt\/vatskefilter-022um\/","name":"V\u00e4tskefilter (0,22um) - Nordiclabsupplies.com","isPartOf":{"@id":"https:\/\/nordiclabsupplies.com\/#website"},"primaryImageOfPage":{"@id":"https:\/\/nordiclabsupplies.com\/produkt\/vatskefilter-022um\/#primaryimage"},"image":{"@id":"https:\/\/nordiclabsupplies.com\/produkt\/vatskefilter-022um\/#primaryimage"},"thumbnailUrl":"https:\/\/nordiclabsupplies.com\/wp-content\/uploads\/2024\/05\/SAP-02002-22-1-scaled.jpg","datePublished":"2024-05-29T13:41:30+00:00","dateModified":"2026-03-03T11:56:24+00:00","breadcrumb":{"@id":"https:\/\/nordiclabsupplies.com\/produkt\/vatskefilter-022um\/#breadcrumb"},"inLanguage":"en-US","potentialAction":[{"@type":"ReadAction","target":["https:\/\/nordiclabsupplies.com\/produkt\/vatskefilter-022um\/"]}]},{"@type":"ImageObject","inLanguage":"en-US","@id":"https:\/\/nordiclabsupplies.com\/produkt\/vatskefilter-022um\/#primaryimage","url":"https:\/\/nordiclabsupplies.com\/wp-content\/uploads\/2024\/05\/SAP-02002-22-1-scaled.jpg","contentUrl":"https:\/\/nordiclabsupplies.com\/wp-content\/uploads\/2024\/05\/SAP-02002-22-1-scaled.jpg","width":2560,"height":1954},{"@type":"BreadcrumbList","@id":"https:\/\/nordiclabsupplies.com\/produkt\/vatskefilter-022um\/#breadcrumb","itemListElement":[{"@type":"ListItem","position":1,"name":"Home","item":"https:\/\/nordiclabsupplies.com\/"},{"@type":"ListItem","position":2,"name":"Butik","item":"https:\/\/nordiclabsupplies.com\/butik\/"},{"@type":"ListItem","position":3,"name":"V\u00e4tskefilter (0,22um)"}]},{"@type":"WebSite","@id":"https:\/\/nordiclabsupplies.com\/#website","url":"https:\/\/nordiclabsupplies.com\/","name":"Nordiclabsupplies.com","description":"","potentialAction":[{"@type":"SearchAction","target":{"@type":"EntryPoint","urlTemplate":"https:\/\/nordiclabsupplies.com\/?s={search_term_string}"},"query-input":{"@type":"PropertyValueSpecification","valueRequired":true,"valueName":"search_term_string"}}],"inLanguage":"en-US"}]},"product_price_amount":"500.00","product_price_currency":"SEK","og_availability":"instock","product_availability":"instock","product_retailer_item_id":"SAP-02002-22","product_condition":"new"},"_links":{"self":[{"href":"https:\/\/nordiclabsupplies.com\/en\/wp-json\/wp\/v2\/product\/110","targetHints":{"allow":["GET"]}}],"collection":[{"href":"https:\/\/nordiclabsupplies.com\/en\/wp-json\/wp\/v2\/product"}],"about":[{"href":"https:\/\/nordiclabsupplies.com\/en\/wp-json\/wp\/v2\/types\/product"}],"replies":[{"embeddable":true,"href":"https:\/\/nordiclabsupplies.com\/en\/wp-json\/wp\/v2\/comments?post=110"}],"wp:featuredmedia":[{"embeddable":true,"href":"https:\/\/nordiclabsupplies.com\/en\/wp-json\/wp\/v2\/media\/506"}],"wp:attachment":[{"href":"https:\/\/nordiclabsupplies.com\/en\/wp-json\/wp\/v2\/media?parent=110"}],"wp:term":[{"taxonomy":"product_brand","embeddable":true,"href":"https:\/\/nordiclabsupplies.com\/en\/wp-json\/wp\/v2\/product_brand?post=110"},{"taxonomy":"product_cat","embeddable":true,"href":"https:\/\/nordiclabsupplies.com\/en\/wp-json\/wp\/v2\/product_cat?post=110"},{"taxonomy":"product_tag","embeddable":true,"href":"https:\/\/nordiclabsupplies.com\/en\/wp-json\/wp\/v2\/product_tag?post=110"}],"curies":[{"name":"wp","href":"https:\/\/api.w.org\/{rel}","templated":true}]}}