{"id":1124,"date":"2025-03-17T18:38:55","date_gmt":"2025-03-17T17:38:55","guid":{"rendered":"https:\/\/nordiclabsupplies.com\/?post_type=product&#038;p=1124"},"modified":"2025-04-02T22:07:33","modified_gmt":"2025-04-02T21:07:33","slug":"hexagon-8-mm-stans","status":"publish","type":"product","link":"https:\/\/nordiclabsupplies.com\/en\/product\/hexagon-8-mm-punch\/","title":{"rendered":"Hexagon 8 mm Punch"},"content":{"rendered":"<p data-pm-slice=\"1 1 []\"><strong>Punching tool Hexagon 8 mm for Tablet press<\/strong><\/p>\n<p>This high-quality punching tool is specially designed to produce tablets with a precise 8mm hexagonal shape. The tool consists of a die and upper and lower punches, all made of durable and long-lasting stainless steel to ensure long life and optimal performance.<\/p>\n<p>The hexagonal shape gives the tablets a professional and clear appearance, perfect for vitamins, supplements, pharmaceuticals or other types of compressed tablets.<\/p>\n<h3>Specifications:<\/h3>\n<ul data-spread=\"false\">\n<li><strong>Form:<\/strong> Hexagonal<\/li>\n<li><strong>Diameter:<\/strong> 8mm<\/li>\n<li><strong>Material:<\/strong> High quality stainless steel<\/li>\n<li><strong>Compatibility: <span style=\"color: #0000ff;\"><a style=\"color: #0000ff;\" href=\"https:\/\/nordiclabsupplies.com\/en\/product\/thdp-5-single-punch-tablet-machine\/\">TDP-5<\/a><\/span><\/strong><\/li>\n<\/ul>\n<p>The punch is easy to install and simple to clean after use. Its robust design ensures consistent and precise results with every use.<\/p>\n<p><strong>Areas of use:<\/strong><\/p>\n<ul data-spread=\"false\">\n<li>Pharmaceutical production<\/li>\n<li>Dietary supplement production<\/li>\n<li>Manufacture of compressed tablets in health and wellness<\/li>\n<\/ul>\n<p>Ensure high productivity and precision in your production with our 8 mm hexagonal punch tool<\/p>","protected":false},"excerpt":{"rendered":"<p>Punch Tool Hexagon 8 mm for Tablet Press This high-quality punch tool is specially designed to produce tablets with a precise hexagonal shape of 8 mm. The tool consists of a matrix (die) and upper and lower punches, all made of durable and long-lasting stainless steel to ensure long life and optimal performance. The hexagonal shape provides [\u2026]<\/p>","protected":false},"featured_media":1126,"comment_status":"open","ping_status":"closed","template":"","meta":{"_acf_changed":false},"product_brand":[],"product_cat":[38],"product_tag":[],"class_list":{"0":"post-1124","1":"product","2":"type-product","3":"status-publish","4":"has-post-thumbnail","6":"product_cat-stansar","8":"first","9":"instock","10":"taxable","11":"shipping-taxable","12":"purchasable","13":"product-type-simple"},"acf":[],"yoast_head":"<!-- This site is optimized with the Yoast SEO plugin v27.4 - https:\/\/yoast.com\/product\/yoast-seo-wordpress\/ -->\n<title>Hexagon 8 mm Stans - Nordiclabsupplies.com<\/title>\n<meta name=\"robots\" content=\"index, follow, max-snippet:-1, max-image-preview:large, max-video-preview:-1\" \/>\n<link rel=\"canonical\" href=\"https:\/\/nordiclabsupplies.com\/en\/product\/hexagon-8-mm-punch\/\" \/>\n<meta property=\"og:locale\" content=\"en_US\" \/>\n<meta property=\"og:type\" content=\"article\" \/>\n<meta property=\"og:title\" content=\"Hexagon 8 mm Stans - Nordiclabsupplies.com\" \/>\n<meta property=\"og:description\" content=\"Stansverktyg Hexagon 8 mm f\u00f6r Tablettpress Detta h\u00f6gkvalitativa stansverktyg \u00e4r speciellt utformat f\u00f6r att producera tabletter med en exakt hexagonal form p\u00e5 8 mm. Verktyget best\u00e5r av en matris (die) samt \u00f6vre och undre stans, samtliga tillverkade i slitstarkt och h\u00e5llbart rostfritt st\u00e5l f\u00f6r att s\u00e4kerst\u00e4lla l\u00e5ng livsl\u00e4ngd och optimal prestanda. Den hexagonala formen ger [&hellip;]\" \/>\n<meta property=\"og:url\" content=\"https:\/\/nordiclabsupplies.com\/en\/product\/hexagon-8-mm-punch\/\" \/>\n<meta property=\"og:site_name\" content=\"Nordiclabsupplies.com\" \/>\n<meta property=\"article:modified_time\" content=\"2025-04-02T21:07:33+00:00\" \/>\n<meta property=\"og:image\" content=\"https:\/\/nordiclabsupplies.com\/wp-content\/uploads\/2025\/03\/1-8.jpg\" \/>\n\t<meta property=\"og:image:width\" content=\"738\" \/>\n\t<meta property=\"og:image:height\" content=\"850\" \/>\n\t<meta property=\"og:image:type\" content=\"image\/jpeg\" \/>\n<meta name=\"twitter:card\" content=\"summary_large_image\" \/>\n<meta name=\"twitter:label1\" content=\"Est. reading time\" \/>\n\t<meta name=\"twitter:data1\" content=\"1 minute\" \/>\n<script type=\"application\/ld+json\" class=\"yoast-schema-graph\">{\"@context\":\"https:\\\/\\\/schema.org\",\"@graph\":[{\"@type\":\"WebPage\",\"@id\":\"https:\\\/\\\/nordiclabsupplies.com\\\/produkt\\\/hexagon-8-mm-stans\\\/\",\"url\":\"https:\\\/\\\/nordiclabsupplies.com\\\/produkt\\\/hexagon-8-mm-stans\\\/\",\"name\":\"Hexagon 8 mm Stans - Nordiclabsupplies.com\",\"isPartOf\":{\"@id\":\"https:\\\/\\\/nordiclabsupplies.com\\\/#website\"},\"primaryImageOfPage\":{\"@id\":\"https:\\\/\\\/nordiclabsupplies.com\\\/produkt\\\/hexagon-8-mm-stans\\\/#primaryimage\"},\"image\":{\"@id\":\"https:\\\/\\\/nordiclabsupplies.com\\\/produkt\\\/hexagon-8-mm-stans\\\/#primaryimage\"},\"thumbnailUrl\":\"https:\\\/\\\/nordiclabsupplies.com\\\/wp-content\\\/uploads\\\/2025\\\/03\\\/1-8.jpg\",\"datePublished\":\"2025-03-17T17:38:55+00:00\",\"dateModified\":\"2025-04-02T21:07:33+00:00\",\"breadcrumb\":{\"@id\":\"https:\\\/\\\/nordiclabsupplies.com\\\/produkt\\\/hexagon-8-mm-stans\\\/#breadcrumb\"},\"inLanguage\":\"en-US\",\"potentialAction\":[{\"@type\":\"ReadAction\",\"target\":[\"https:\\\/\\\/nordiclabsupplies.com\\\/produkt\\\/hexagon-8-mm-stans\\\/\"]}]},{\"@type\":\"ImageObject\",\"inLanguage\":\"en-US\",\"@id\":\"https:\\\/\\\/nordiclabsupplies.com\\\/produkt\\\/hexagon-8-mm-stans\\\/#primaryimage\",\"url\":\"https:\\\/\\\/nordiclabsupplies.com\\\/wp-content\\\/uploads\\\/2025\\\/03\\\/1-8.jpg\",\"contentUrl\":\"https:\\\/\\\/nordiclabsupplies.com\\\/wp-content\\\/uploads\\\/2025\\\/03\\\/1-8.jpg\",\"width\":738,\"height\":850},{\"@type\":\"BreadcrumbList\",\"@id\":\"https:\\\/\\\/nordiclabsupplies.com\\\/produkt\\\/hexagon-8-mm-stans\\\/#breadcrumb\",\"itemListElement\":[{\"@type\":\"ListItem\",\"position\":1,\"name\":\"Home\",\"item\":\"https:\\\/\\\/nordiclabsupplies.com\\\/\"},{\"@type\":\"ListItem\",\"position\":2,\"name\":\"Butik\",\"item\":\"https:\\\/\\\/nordiclabsupplies.com\\\/butik\\\/\"},{\"@type\":\"ListItem\",\"position\":3,\"name\":\"Hexagon 8 mm Stans\"}]},{\"@type\":\"WebSite\",\"@id\":\"https:\\\/\\\/nordiclabsupplies.com\\\/#website\",\"url\":\"https:\\\/\\\/nordiclabsupplies.com\\\/\",\"name\":\"Nordiclabsupplies.com\",\"description\":\"\",\"potentialAction\":[{\"@type\":\"SearchAction\",\"target\":{\"@type\":\"EntryPoint\",\"urlTemplate\":\"https:\\\/\\\/nordiclabsupplies.com\\\/?s={search_term_string}\"},\"query-input\":{\"@type\":\"PropertyValueSpecification\",\"valueRequired\":true,\"valueName\":\"search_term_string\"}}],\"inLanguage\":\"en-US\"}]}<\/script>\n<!-- \/ Yoast SEO plugin. -->","yoast_head_json":{"title":"Hexagon 8 mm Stans - Nordiclabsupplies.com","robots":{"index":"index","follow":"follow","max-snippet":"max-snippet:-1","max-image-preview":"max-image-preview:large","max-video-preview":"max-video-preview:-1"},"canonical":"https:\/\/nordiclabsupplies.com\/en\/product\/hexagon-8-mm-punch\/","og_locale":"en_US","og_type":"article","og_title":"Hexagon 8 mm Stans - Nordiclabsupplies.com","og_description":"Stansverktyg Hexagon 8 mm f\u00f6r Tablettpress Detta h\u00f6gkvalitativa stansverktyg \u00e4r speciellt utformat f\u00f6r att producera tabletter med en exakt hexagonal form p\u00e5 8 mm. Verktyget best\u00e5r av en matris (die) samt \u00f6vre och undre stans, samtliga tillverkade i slitstarkt och h\u00e5llbart rostfritt st\u00e5l f\u00f6r att s\u00e4kerst\u00e4lla l\u00e5ng livsl\u00e4ngd och optimal prestanda. Den hexagonala formen ger [&hellip;]","og_url":"https:\/\/nordiclabsupplies.com\/en\/product\/hexagon-8-mm-punch\/","og_site_name":"Nordiclabsupplies.com","article_modified_time":"2025-04-02T21:07:33+00:00","og_image":[{"width":738,"height":850,"url":"https:\/\/nordiclabsupplies.com\/wp-content\/uploads\/2025\/03\/1-8.jpg","type":"image\/jpeg"}],"twitter_card":"summary_large_image","twitter_misc":{"Est. reading time":"1 minute"},"schema":{"@context":"https:\/\/schema.org","@graph":[{"@type":"WebPage","@id":"https:\/\/nordiclabsupplies.com\/produkt\/hexagon-8-mm-stans\/","url":"https:\/\/nordiclabsupplies.com\/produkt\/hexagon-8-mm-stans\/","name":"Hexagon 8 mm Stans - Nordiclabsupplies.com","isPartOf":{"@id":"https:\/\/nordiclabsupplies.com\/#website"},"primaryImageOfPage":{"@id":"https:\/\/nordiclabsupplies.com\/produkt\/hexagon-8-mm-stans\/#primaryimage"},"image":{"@id":"https:\/\/nordiclabsupplies.com\/produkt\/hexagon-8-mm-stans\/#primaryimage"},"thumbnailUrl":"https:\/\/nordiclabsupplies.com\/wp-content\/uploads\/2025\/03\/1-8.jpg","datePublished":"2025-03-17T17:38:55+00:00","dateModified":"2025-04-02T21:07:33+00:00","breadcrumb":{"@id":"https:\/\/nordiclabsupplies.com\/produkt\/hexagon-8-mm-stans\/#breadcrumb"},"inLanguage":"en-US","potentialAction":[{"@type":"ReadAction","target":["https:\/\/nordiclabsupplies.com\/produkt\/hexagon-8-mm-stans\/"]}]},{"@type":"ImageObject","inLanguage":"en-US","@id":"https:\/\/nordiclabsupplies.com\/produkt\/hexagon-8-mm-stans\/#primaryimage","url":"https:\/\/nordiclabsupplies.com\/wp-content\/uploads\/2025\/03\/1-8.jpg","contentUrl":"https:\/\/nordiclabsupplies.com\/wp-content\/uploads\/2025\/03\/1-8.jpg","width":738,"height":850},{"@type":"BreadcrumbList","@id":"https:\/\/nordiclabsupplies.com\/produkt\/hexagon-8-mm-stans\/#breadcrumb","itemListElement":[{"@type":"ListItem","position":1,"name":"Home","item":"https:\/\/nordiclabsupplies.com\/"},{"@type":"ListItem","position":2,"name":"Butik","item":"https:\/\/nordiclabsupplies.com\/butik\/"},{"@type":"ListItem","position":3,"name":"Hexagon 8 mm Stans"}]},{"@type":"WebSite","@id":"https:\/\/nordiclabsupplies.com\/#website","url":"https:\/\/nordiclabsupplies.com\/","name":"Nordiclabsupplies.com","description":"","potentialAction":[{"@type":"SearchAction","target":{"@type":"EntryPoint","urlTemplate":"https:\/\/nordiclabsupplies.com\/?s={search_term_string}"},"query-input":{"@type":"PropertyValueSpecification","valueRequired":true,"valueName":"search_term_string"}}],"inLanguage":"en-US"}]}},"_links":{"self":[{"href":"https:\/\/nordiclabsupplies.com\/en\/wp-json\/wp\/v2\/product\/1124","targetHints":{"allow":["GET"]}}],"collection":[{"href":"https:\/\/nordiclabsupplies.com\/en\/wp-json\/wp\/v2\/product"}],"about":[{"href":"https:\/\/nordiclabsupplies.com\/en\/wp-json\/wp\/v2\/types\/product"}],"replies":[{"embeddable":true,"href":"https:\/\/nordiclabsupplies.com\/en\/wp-json\/wp\/v2\/comments?post=1124"}],"wp:featuredmedia":[{"embeddable":true,"href":"https:\/\/nordiclabsupplies.com\/en\/wp-json\/wp\/v2\/media\/1126"}],"wp:attachment":[{"href":"https:\/\/nordiclabsupplies.com\/en\/wp-json\/wp\/v2\/media?parent=1124"}],"wp:term":[{"taxonomy":"product_brand","embeddable":true,"href":"https:\/\/nordiclabsupplies.com\/en\/wp-json\/wp\/v2\/product_brand?post=1124"},{"taxonomy":"product_cat","embeddable":true,"href":"https:\/\/nordiclabsupplies.com\/en\/wp-json\/wp\/v2\/product_cat?post=1124"},{"taxonomy":"product_tag","embeddable":true,"href":"https:\/\/nordiclabsupplies.com\/en\/wp-json\/wp\/v2\/product_tag?post=1124"}],"curies":[{"name":"wp","href":"https:\/\/api.w.org\/{rel}","templated":true}]}}