{"id":1128,"date":"2025-03-17T18:57:18","date_gmt":"2025-03-17T17:57:18","guid":{"rendered":"https:\/\/nordiclabsupplies.com\/?post_type=product&#038;p=1128"},"modified":"2025-08-23T21:46:37","modified_gmt":"2025-08-23T20:46:37","slug":"delkryss-10-mm-stans","status":"publish","type":"product","link":"https:\/\/nordiclabsupplies.com\/en\/product\/partial-cross-10-mm-punch\/","title":{"rendered":"Cross section 10 mm Punch"},"content":{"rendered":"<p data-start=\"125\" data-end=\"517\">This professional round die set with a cross-shaped design is specially designed for use in tablet presses for the production of pharmaceuticals, vitamins, dietary supplements and similar products. The tablet has a diameter of 10 mm, with a clear cross-shaped embossing on one side, which allows it to be easily divided into up to four equal parts if necessary. The opposite side of the tablet is completely smooth.<\/p>\n<p data-start=\"519\" data-end=\"867\">The punch is carefully designed and manufactured from high-quality, hardened stainless steel, ensuring long-lasting durability, maximum precision and consistent results with every press. The robust construction also makes the punch easy to clean, sterilize and maintain to meet the high hygiene requirements in food and pharmaceutical production.<\/p>\n<p data-start=\"869\" data-end=\"1034\">This punch set creates easily identifiable and professionally designed tablets, making it perfect for both small-scale and commercial production.<\/p>\n<p data-start=\"1036\" data-end=\"1058\"><strong data-start=\"1036\" data-end=\"1056\">Specifications:<\/strong><\/p>\n<ul data-start=\"1059\" data-end=\"1351\">\n<li data-start=\"1059\" data-end=\"1090\"><strong data-start=\"1061\" data-end=\"1070\">Form:<\/strong> Round with partial cross<\/li>\n<li data-start=\"1091\" data-end=\"1114\"><strong data-start=\"1093\" data-end=\"1106\">Diameter:<\/strong> 10mm<\/li>\n<li data-start=\"1115\" data-end=\"1154\"><strong data-start=\"1117\" data-end=\"1130\">Material:<\/strong> Hardened stainless steel<\/li>\n<li data-start=\"1155\" data-end=\"1224\"><strong data-start=\"1157\" data-end=\"1170\">Embossing:<\/strong> Clear partial cross on one side, smooth on the opposite side<\/li>\n<li data-start=\"1225\" data-end=\"1289\"><strong data-start=\"1227\" data-end=\"1246\">Compatibility: <span style=\"color: #0000ff;\"><a style=\"color: #0000ff;\" href=\"https:\/\/nordiclabsupplies.com\/en\/product\/thdp-5-single-punch-tablet-machine\/\">TDP-5<\/a><\/span><\/strong><\/li>\n<li data-start=\"1290\" data-end=\"1351\"><strong data-start=\"1292\" data-end=\"1307\">Durability:<\/strong> Extremely durable for intensive use<\/li>\n<\/ul>\n<h3 data-start=\"1353\" data-end=\"1376\">Areas of use:<\/h3>\n<ul data-start=\"1377\" data-end=\"1485\">\n<li data-start=\"1377\" data-end=\"1418\">Medicines and pharmaceutical tablets<\/li>\n<li data-start=\"1419\" data-end=\"1450\">Dietary supplements and vitamins<\/li>\n<li data-start=\"1451\" data-end=\"1485\">Health products and herbal preparations<\/li>\n<\/ul>","protected":false},"excerpt":{"rendered":"<p>This professional round die set with a cross-shaped design is specially designed for use in tablet presses for the production of pharmaceuticals, vitamins, dietary supplements and similar products. The tablet has a diameter of 10 mm, with a clear cross-shaped embossing on one side, which allows it to be easily divided into up to four equal parts if necessary. The opposite [\u2026]<\/p>","protected":false},"featured_media":1130,"comment_status":"open","ping_status":"closed","template":"","meta":{"_acf_changed":false},"product_brand":[],"product_cat":[38],"product_tag":[],"class_list":{"0":"post-1128","1":"product","2":"type-product","3":"status-publish","4":"has-post-thumbnail","6":"product_cat-stansar","8":"first","9":"outofstock","10":"taxable","11":"shipping-taxable","12":"purchasable","13":"product-type-simple"},"acf":[],"yoast_head":"<!-- This site is optimized with the Yoast SEO plugin v27.4 - https:\/\/yoast.com\/product\/yoast-seo-wordpress\/ -->\n<title>Delkryss 10 mm Stans - Nordiclabsupplies.com<\/title>\n<meta name=\"robots\" content=\"index, follow, max-snippet:-1, max-image-preview:large, max-video-preview:-1\" \/>\n<link rel=\"canonical\" href=\"https:\/\/nordiclabsupplies.com\/en\/product\/partial-cross-10-mm-punch\/\" \/>\n<meta property=\"og:locale\" content=\"en_US\" \/>\n<meta property=\"og:type\" content=\"article\" \/>\n<meta property=\"og:title\" content=\"Delkryss 10 mm Stans - Nordiclabsupplies.com\" \/>\n<meta property=\"og:description\" content=\"Denna professionella stanssats med rund form och delkryss \u00e4r speciellt framtagen f\u00f6r anv\u00e4ndning i tablettpressar vid produktion av l\u00e4kemedel, vitaminer, kosttillskott och liknande produkter. Tabletten f\u00e5r en diameter p\u00e5 10 mm, med en tydlig delkrysspr\u00e4gling p\u00e5 ena sidan, vilket g\u00f6r att den enkelt kan delas i upp till fyra j\u00e4mna delar vid behov. Den motsatta [&hellip;]\" \/>\n<meta property=\"og:url\" content=\"https:\/\/nordiclabsupplies.com\/en\/product\/partial-cross-10-mm-punch\/\" \/>\n<meta property=\"og:site_name\" content=\"Nordiclabsupplies.com\" \/>\n<meta property=\"article:modified_time\" content=\"2025-08-23T20:46:37+00:00\" \/>\n<meta property=\"og:image\" content=\"https:\/\/nordiclabsupplies.com\/wp-content\/uploads\/2025\/03\/1-10.jpg\" \/>\n\t<meta property=\"og:image:width\" content=\"731\" \/>\n\t<meta property=\"og:image:height\" content=\"545\" \/>\n\t<meta property=\"og:image:type\" content=\"image\/jpeg\" \/>\n<meta name=\"twitter:card\" content=\"summary_large_image\" \/>\n<meta name=\"twitter:label1\" content=\"Est. reading time\" \/>\n\t<meta name=\"twitter:data1\" content=\"2 minutes\" \/>\n<script type=\"application\/ld+json\" class=\"yoast-schema-graph\">{\"@context\":\"https:\\\/\\\/schema.org\",\"@graph\":[{\"@type\":\"WebPage\",\"@id\":\"https:\\\/\\\/nordiclabsupplies.com\\\/produkt\\\/delkryss-10-mm-stans\\\/\",\"url\":\"https:\\\/\\\/nordiclabsupplies.com\\\/produkt\\\/delkryss-10-mm-stans\\\/\",\"name\":\"Delkryss 10 mm Stans - Nordiclabsupplies.com\",\"isPartOf\":{\"@id\":\"https:\\\/\\\/nordiclabsupplies.com\\\/#website\"},\"primaryImageOfPage\":{\"@id\":\"https:\\\/\\\/nordiclabsupplies.com\\\/produkt\\\/delkryss-10-mm-stans\\\/#primaryimage\"},\"image\":{\"@id\":\"https:\\\/\\\/nordiclabsupplies.com\\\/produkt\\\/delkryss-10-mm-stans\\\/#primaryimage\"},\"thumbnailUrl\":\"https:\\\/\\\/nordiclabsupplies.com\\\/wp-content\\\/uploads\\\/2025\\\/03\\\/1-10.jpg\",\"datePublished\":\"2025-03-17T17:57:18+00:00\",\"dateModified\":\"2025-08-23T20:46:37+00:00\",\"breadcrumb\":{\"@id\":\"https:\\\/\\\/nordiclabsupplies.com\\\/produkt\\\/delkryss-10-mm-stans\\\/#breadcrumb\"},\"inLanguage\":\"en-US\",\"potentialAction\":[{\"@type\":\"ReadAction\",\"target\":[\"https:\\\/\\\/nordiclabsupplies.com\\\/produkt\\\/delkryss-10-mm-stans\\\/\"]}]},{\"@type\":\"ImageObject\",\"inLanguage\":\"en-US\",\"@id\":\"https:\\\/\\\/nordiclabsupplies.com\\\/produkt\\\/delkryss-10-mm-stans\\\/#primaryimage\",\"url\":\"https:\\\/\\\/nordiclabsupplies.com\\\/wp-content\\\/uploads\\\/2025\\\/03\\\/1-10.jpg\",\"contentUrl\":\"https:\\\/\\\/nordiclabsupplies.com\\\/wp-content\\\/uploads\\\/2025\\\/03\\\/1-10.jpg\",\"width\":731,\"height\":545},{\"@type\":\"BreadcrumbList\",\"@id\":\"https:\\\/\\\/nordiclabsupplies.com\\\/produkt\\\/delkryss-10-mm-stans\\\/#breadcrumb\",\"itemListElement\":[{\"@type\":\"ListItem\",\"position\":1,\"name\":\"Home\",\"item\":\"https:\\\/\\\/nordiclabsupplies.com\\\/\"},{\"@type\":\"ListItem\",\"position\":2,\"name\":\"Butik\",\"item\":\"https:\\\/\\\/nordiclabsupplies.com\\\/butik\\\/\"},{\"@type\":\"ListItem\",\"position\":3,\"name\":\"Delkryss 10 mm Stans\"}]},{\"@type\":\"WebSite\",\"@id\":\"https:\\\/\\\/nordiclabsupplies.com\\\/#website\",\"url\":\"https:\\\/\\\/nordiclabsupplies.com\\\/\",\"name\":\"Nordiclabsupplies.com\",\"description\":\"\",\"potentialAction\":[{\"@type\":\"SearchAction\",\"target\":{\"@type\":\"EntryPoint\",\"urlTemplate\":\"https:\\\/\\\/nordiclabsupplies.com\\\/?s={search_term_string}\"},\"query-input\":{\"@type\":\"PropertyValueSpecification\",\"valueRequired\":true,\"valueName\":\"search_term_string\"}}],\"inLanguage\":\"en-US\"}]}<\/script>\n<!-- \/ Yoast SEO plugin. -->","yoast_head_json":{"title":"Delkryss 10 mm Stans - Nordiclabsupplies.com","robots":{"index":"index","follow":"follow","max-snippet":"max-snippet:-1","max-image-preview":"max-image-preview:large","max-video-preview":"max-video-preview:-1"},"canonical":"https:\/\/nordiclabsupplies.com\/en\/product\/partial-cross-10-mm-punch\/","og_locale":"en_US","og_type":"article","og_title":"Delkryss 10 mm Stans - Nordiclabsupplies.com","og_description":"Denna professionella stanssats med rund form och delkryss \u00e4r speciellt framtagen f\u00f6r anv\u00e4ndning i tablettpressar vid produktion av l\u00e4kemedel, vitaminer, kosttillskott och liknande produkter. Tabletten f\u00e5r en diameter p\u00e5 10 mm, med en tydlig delkrysspr\u00e4gling p\u00e5 ena sidan, vilket g\u00f6r att den enkelt kan delas i upp till fyra j\u00e4mna delar vid behov. Den motsatta [&hellip;]","og_url":"https:\/\/nordiclabsupplies.com\/en\/product\/partial-cross-10-mm-punch\/","og_site_name":"Nordiclabsupplies.com","article_modified_time":"2025-08-23T20:46:37+00:00","og_image":[{"width":731,"height":545,"url":"https:\/\/nordiclabsupplies.com\/wp-content\/uploads\/2025\/03\/1-10.jpg","type":"image\/jpeg"}],"twitter_card":"summary_large_image","twitter_misc":{"Est. reading time":"2 minutes"},"schema":{"@context":"https:\/\/schema.org","@graph":[{"@type":"WebPage","@id":"https:\/\/nordiclabsupplies.com\/produkt\/delkryss-10-mm-stans\/","url":"https:\/\/nordiclabsupplies.com\/produkt\/delkryss-10-mm-stans\/","name":"Delkryss 10 mm Stans - Nordiclabsupplies.com","isPartOf":{"@id":"https:\/\/nordiclabsupplies.com\/#website"},"primaryImageOfPage":{"@id":"https:\/\/nordiclabsupplies.com\/produkt\/delkryss-10-mm-stans\/#primaryimage"},"image":{"@id":"https:\/\/nordiclabsupplies.com\/produkt\/delkryss-10-mm-stans\/#primaryimage"},"thumbnailUrl":"https:\/\/nordiclabsupplies.com\/wp-content\/uploads\/2025\/03\/1-10.jpg","datePublished":"2025-03-17T17:57:18+00:00","dateModified":"2025-08-23T20:46:37+00:00","breadcrumb":{"@id":"https:\/\/nordiclabsupplies.com\/produkt\/delkryss-10-mm-stans\/#breadcrumb"},"inLanguage":"en-US","potentialAction":[{"@type":"ReadAction","target":["https:\/\/nordiclabsupplies.com\/produkt\/delkryss-10-mm-stans\/"]}]},{"@type":"ImageObject","inLanguage":"en-US","@id":"https:\/\/nordiclabsupplies.com\/produkt\/delkryss-10-mm-stans\/#primaryimage","url":"https:\/\/nordiclabsupplies.com\/wp-content\/uploads\/2025\/03\/1-10.jpg","contentUrl":"https:\/\/nordiclabsupplies.com\/wp-content\/uploads\/2025\/03\/1-10.jpg","width":731,"height":545},{"@type":"BreadcrumbList","@id":"https:\/\/nordiclabsupplies.com\/produkt\/delkryss-10-mm-stans\/#breadcrumb","itemListElement":[{"@type":"ListItem","position":1,"name":"Home","item":"https:\/\/nordiclabsupplies.com\/"},{"@type":"ListItem","position":2,"name":"Butik","item":"https:\/\/nordiclabsupplies.com\/butik\/"},{"@type":"ListItem","position":3,"name":"Delkryss 10 mm Stans"}]},{"@type":"WebSite","@id":"https:\/\/nordiclabsupplies.com\/#website","url":"https:\/\/nordiclabsupplies.com\/","name":"Nordiclabsupplies.com","description":"","potentialAction":[{"@type":"SearchAction","target":{"@type":"EntryPoint","urlTemplate":"https:\/\/nordiclabsupplies.com\/?s={search_term_string}"},"query-input":{"@type":"PropertyValueSpecification","valueRequired":true,"valueName":"search_term_string"}}],"inLanguage":"en-US"}]}},"_links":{"self":[{"href":"https:\/\/nordiclabsupplies.com\/en\/wp-json\/wp\/v2\/product\/1128","targetHints":{"allow":["GET"]}}],"collection":[{"href":"https:\/\/nordiclabsupplies.com\/en\/wp-json\/wp\/v2\/product"}],"about":[{"href":"https:\/\/nordiclabsupplies.com\/en\/wp-json\/wp\/v2\/types\/product"}],"replies":[{"embeddable":true,"href":"https:\/\/nordiclabsupplies.com\/en\/wp-json\/wp\/v2\/comments?post=1128"}],"wp:featuredmedia":[{"embeddable":true,"href":"https:\/\/nordiclabsupplies.com\/en\/wp-json\/wp\/v2\/media\/1130"}],"wp:attachment":[{"href":"https:\/\/nordiclabsupplies.com\/en\/wp-json\/wp\/v2\/media?parent=1128"}],"wp:term":[{"taxonomy":"product_brand","embeddable":true,"href":"https:\/\/nordiclabsupplies.com\/en\/wp-json\/wp\/v2\/product_brand?post=1128"},{"taxonomy":"product_cat","embeddable":true,"href":"https:\/\/nordiclabsupplies.com\/en\/wp-json\/wp\/v2\/product_cat?post=1128"},{"taxonomy":"product_tag","embeddable":true,"href":"https:\/\/nordiclabsupplies.com\/en\/wp-json\/wp\/v2\/product_tag?post=1128"}],"curies":[{"name":"wp","href":"https:\/\/api.w.org\/{rel}","templated":true}]}}