{"id":1139,"date":"2025-03-17T19:13:28","date_gmt":"2025-03-17T18:13:28","guid":{"rendered":"https:\/\/nordiclabsupplies.com\/?post_type=product&#038;p=1139"},"modified":"2026-01-06T20:17:01","modified_gmt":"2026-01-06T19:17:01","slug":"pentagonal-8-mm-stans","status":"publish","type":"product","link":"https:\/\/nordiclabsupplies.com\/en\/product\/pentagonal-8-mm-punch\/","title":{"rendered":"Pentagonal 8 mm Punch"},"content":{"rendered":"<h2 data-start=\"55\" data-end=\"88\">Pentagonal Tablet punch \u2013 8 mm<\/h2>\n<p data-start=\"90\" data-end=\"357\">This stylish pentagonal die set is specifically designed for the production of professionally shaped tablets for pharmaceuticals, vitamins, dietary supplements and other health products. The tablets are given a unique and easily identifiable shape, with smooth and clean edges.<\/p>\n<p data-start=\"359\" data-end=\"653\">The punch set is made of carefully machined, hardened stainless steel for optimal precision, durability and long life. The material makes the punch durable and hard-wearing, while being very easy to clean and sterilize, making it ideal for hygienic production environments.<\/p>\n<p data-start=\"655\" data-end=\"854\">The Pentagonal die provides a unique design that helps your product stand out from the crowd. It is ideal for both commercial production and smaller batches where quality and finish are crucial.<\/p>\n<p data-start=\"856\" data-end=\"878\"><strong data-start=\"856\" data-end=\"876\">Specifications:<\/strong><\/p>\n<ul data-start=\"879\" data-end=\"1137\">\n<li data-start=\"879\" data-end=\"913\"><strong data-start=\"881\" data-end=\"890\">Form:<\/strong> Pentagon (five-sided)<\/li>\n<li data-start=\"914\" data-end=\"936\"><strong data-start=\"916\" data-end=\"929\">Diameter:<\/strong> 8mm<\/li>\n<li data-start=\"937\" data-end=\"976\"><strong data-start=\"939\" data-end=\"952\">Material:<\/strong> Hardened stainless steel<\/li>\n<li data-start=\"977\" data-end=\"1020\"><strong data-start=\"979\" data-end=\"992\">Embossing:<\/strong> Smooth design on both sides<\/li>\n<li data-start=\"1021\" data-end=\"1084\"><strong data-start=\"1023\" data-end=\"1042\">Compatibility: <span style=\"color: #0000ff;\"><a style=\"color: #0000ff;\" href=\"https:\/\/nordiclabsupplies.com\/en\/product\/thdp-5-single-punch-tablet-machine\/\">TDP-5<\/a><\/span><\/strong><\/li>\n<li data-start=\"1085\" data-end=\"1137\"><strong data-start=\"1087\" data-end=\"1102\">Durability:<\/strong> Very high wear resistance and durability<\/li>\n<\/ul>\n<p data-start=\"1139\" data-end=\"1164\"><strong data-start=\"1139\" data-end=\"1162\">Areas of use:<\/strong><\/p>\n<ul data-start=\"1165\" data-end=\"1334\">\n<li data-start=\"1165\" data-end=\"1206\">Medicines and pharmaceutical tablets<\/li>\n<li data-start=\"1207\" data-end=\"1238\">Vitamins and supplements<\/li>\n<li data-start=\"1239\" data-end=\"1273\">Health products and herbal preparations<\/li>\n<li data-start=\"1274\" data-end=\"1334\">Products with unique design and branding<\/li>\n<\/ul>","protected":false},"excerpt":{"rendered":"<p>Pentagonal Tablet Punch \u2013 8 mm This stylish pentagonal (five-sided) punch set is specially designed for the production of professionally shaped tablets in pharmaceuticals, vitamins, dietary supplements and other health products. The tablets are given a unique and easily identifiable shape, with smooth and clean edges. The punch set is made of carefully machined, hardened stainless steel for optimal precision, durability and long life. The material [\u2026]<\/p>","protected":false},"featured_media":1141,"comment_status":"open","ping_status":"closed","template":"","meta":{"_acf_changed":false},"product_brand":[],"product_cat":[38],"product_tag":[],"class_list":{"0":"post-1139","1":"product","2":"type-product","3":"status-publish","4":"has-post-thumbnail","6":"product_cat-stansar","8":"first","9":"outofstock","10":"taxable","11":"shipping-taxable","12":"purchasable","13":"product-type-simple"},"acf":[],"yoast_head":"<!-- This site is optimized with the Yoast SEO plugin v27.4 - https:\/\/yoast.com\/product\/yoast-seo-wordpress\/ -->\n<title>Pentagonal 8 mm Stans - Nordiclabsupplies.com<\/title>\n<meta name=\"robots\" content=\"index, follow, max-snippet:-1, max-image-preview:large, max-video-preview:-1\" \/>\n<link rel=\"canonical\" href=\"https:\/\/nordiclabsupplies.com\/en\/product\/pentagonal-8-mm-punch\/\" \/>\n<meta property=\"og:locale\" content=\"en_US\" \/>\n<meta property=\"og:type\" content=\"article\" \/>\n<meta property=\"og:title\" content=\"Pentagonal 8 mm Stans - Nordiclabsupplies.com\" \/>\n<meta property=\"og:description\" content=\"Pentagonal Tablettstans \u2013 8 mm Denna stilrena pentagonala (femkantiga) stanssats \u00e4r s\u00e4rskilt framtagen f\u00f6r produktion av professionellt formade tabletter inom l\u00e4kemedel, vitaminer, kosttillskott och andra h\u00e4lsoprodukter. Tabletterna f\u00e5r en unik och l\u00e4ttidentifierad form, med j\u00e4mna och rena kanter. Stansupps\u00e4ttningen \u00e4r tillverkad i noggrant bearbetat, h\u00e4rdat rostfritt st\u00e5l f\u00f6r optimal precision, h\u00e5llbarhet och l\u00e5ng livsl\u00e4ngd. Materialet [&hellip;]\" \/>\n<meta property=\"og:url\" content=\"https:\/\/nordiclabsupplies.com\/en\/product\/pentagonal-8-mm-punch\/\" \/>\n<meta property=\"og:site_name\" content=\"Nordiclabsupplies.com\" \/>\n<meta property=\"article:modified_time\" content=\"2026-01-06T19:17:01+00:00\" \/>\n<meta property=\"og:image\" content=\"https:\/\/nordiclabsupplies.com\/wp-content\/uploads\/2025\/03\/3-8.jpg\" \/>\n\t<meta property=\"og:image:width\" content=\"698\" \/>\n\t<meta property=\"og:image:height\" content=\"587\" \/>\n\t<meta property=\"og:image:type\" content=\"image\/jpeg\" \/>\n<meta name=\"twitter:card\" content=\"summary_large_image\" \/>\n<meta name=\"twitter:label1\" content=\"Est. reading time\" \/>\n\t<meta name=\"twitter:data1\" content=\"1 minute\" \/>\n<script type=\"application\/ld+json\" class=\"yoast-schema-graph\">{\"@context\":\"https:\\\/\\\/schema.org\",\"@graph\":[{\"@type\":\"WebPage\",\"@id\":\"https:\\\/\\\/nordiclabsupplies.com\\\/produkt\\\/pentagonal-8-mm-stans\\\/\",\"url\":\"https:\\\/\\\/nordiclabsupplies.com\\\/produkt\\\/pentagonal-8-mm-stans\\\/\",\"name\":\"Pentagonal 8 mm Stans - Nordiclabsupplies.com\",\"isPartOf\":{\"@id\":\"https:\\\/\\\/nordiclabsupplies.com\\\/#website\"},\"primaryImageOfPage\":{\"@id\":\"https:\\\/\\\/nordiclabsupplies.com\\\/produkt\\\/pentagonal-8-mm-stans\\\/#primaryimage\"},\"image\":{\"@id\":\"https:\\\/\\\/nordiclabsupplies.com\\\/produkt\\\/pentagonal-8-mm-stans\\\/#primaryimage\"},\"thumbnailUrl\":\"https:\\\/\\\/nordiclabsupplies.com\\\/wp-content\\\/uploads\\\/2025\\\/03\\\/3-8.jpg\",\"datePublished\":\"2025-03-17T18:13:28+00:00\",\"dateModified\":\"2026-01-06T19:17:01+00:00\",\"breadcrumb\":{\"@id\":\"https:\\\/\\\/nordiclabsupplies.com\\\/produkt\\\/pentagonal-8-mm-stans\\\/#breadcrumb\"},\"inLanguage\":\"en-US\",\"potentialAction\":[{\"@type\":\"ReadAction\",\"target\":[\"https:\\\/\\\/nordiclabsupplies.com\\\/produkt\\\/pentagonal-8-mm-stans\\\/\"]}]},{\"@type\":\"ImageObject\",\"inLanguage\":\"en-US\",\"@id\":\"https:\\\/\\\/nordiclabsupplies.com\\\/produkt\\\/pentagonal-8-mm-stans\\\/#primaryimage\",\"url\":\"https:\\\/\\\/nordiclabsupplies.com\\\/wp-content\\\/uploads\\\/2025\\\/03\\\/3-8.jpg\",\"contentUrl\":\"https:\\\/\\\/nordiclabsupplies.com\\\/wp-content\\\/uploads\\\/2025\\\/03\\\/3-8.jpg\",\"width\":698,\"height\":587},{\"@type\":\"BreadcrumbList\",\"@id\":\"https:\\\/\\\/nordiclabsupplies.com\\\/produkt\\\/pentagonal-8-mm-stans\\\/#breadcrumb\",\"itemListElement\":[{\"@type\":\"ListItem\",\"position\":1,\"name\":\"Home\",\"item\":\"https:\\\/\\\/nordiclabsupplies.com\\\/\"},{\"@type\":\"ListItem\",\"position\":2,\"name\":\"Butik\",\"item\":\"https:\\\/\\\/nordiclabsupplies.com\\\/butik\\\/\"},{\"@type\":\"ListItem\",\"position\":3,\"name\":\"Pentagonal 8 mm Stans\"}]},{\"@type\":\"WebSite\",\"@id\":\"https:\\\/\\\/nordiclabsupplies.com\\\/#website\",\"url\":\"https:\\\/\\\/nordiclabsupplies.com\\\/\",\"name\":\"Nordiclabsupplies.com\",\"description\":\"\",\"potentialAction\":[{\"@type\":\"SearchAction\",\"target\":{\"@type\":\"EntryPoint\",\"urlTemplate\":\"https:\\\/\\\/nordiclabsupplies.com\\\/?s={search_term_string}\"},\"query-input\":{\"@type\":\"PropertyValueSpecification\",\"valueRequired\":true,\"valueName\":\"search_term_string\"}}],\"inLanguage\":\"en-US\"}]}<\/script>\n<!-- \/ Yoast SEO plugin. -->","yoast_head_json":{"title":"Pentagonal 8 mm Stans - Nordiclabsupplies.com","robots":{"index":"index","follow":"follow","max-snippet":"max-snippet:-1","max-image-preview":"max-image-preview:large","max-video-preview":"max-video-preview:-1"},"canonical":"https:\/\/nordiclabsupplies.com\/en\/product\/pentagonal-8-mm-punch\/","og_locale":"en_US","og_type":"article","og_title":"Pentagonal 8 mm Stans - Nordiclabsupplies.com","og_description":"Pentagonal Tablettstans \u2013 8 mm Denna stilrena pentagonala (femkantiga) stanssats \u00e4r s\u00e4rskilt framtagen f\u00f6r produktion av professionellt formade tabletter inom l\u00e4kemedel, vitaminer, kosttillskott och andra h\u00e4lsoprodukter. Tabletterna f\u00e5r en unik och l\u00e4ttidentifierad form, med j\u00e4mna och rena kanter. Stansupps\u00e4ttningen \u00e4r tillverkad i noggrant bearbetat, h\u00e4rdat rostfritt st\u00e5l f\u00f6r optimal precision, h\u00e5llbarhet och l\u00e5ng livsl\u00e4ngd. Materialet [&hellip;]","og_url":"https:\/\/nordiclabsupplies.com\/en\/product\/pentagonal-8-mm-punch\/","og_site_name":"Nordiclabsupplies.com","article_modified_time":"2026-01-06T19:17:01+00:00","og_image":[{"width":698,"height":587,"url":"https:\/\/nordiclabsupplies.com\/wp-content\/uploads\/2025\/03\/3-8.jpg","type":"image\/jpeg"}],"twitter_card":"summary_large_image","twitter_misc":{"Est. reading time":"1 minute"},"schema":{"@context":"https:\/\/schema.org","@graph":[{"@type":"WebPage","@id":"https:\/\/nordiclabsupplies.com\/produkt\/pentagonal-8-mm-stans\/","url":"https:\/\/nordiclabsupplies.com\/produkt\/pentagonal-8-mm-stans\/","name":"Pentagonal 8 mm Stans - Nordiclabsupplies.com","isPartOf":{"@id":"https:\/\/nordiclabsupplies.com\/#website"},"primaryImageOfPage":{"@id":"https:\/\/nordiclabsupplies.com\/produkt\/pentagonal-8-mm-stans\/#primaryimage"},"image":{"@id":"https:\/\/nordiclabsupplies.com\/produkt\/pentagonal-8-mm-stans\/#primaryimage"},"thumbnailUrl":"https:\/\/nordiclabsupplies.com\/wp-content\/uploads\/2025\/03\/3-8.jpg","datePublished":"2025-03-17T18:13:28+00:00","dateModified":"2026-01-06T19:17:01+00:00","breadcrumb":{"@id":"https:\/\/nordiclabsupplies.com\/produkt\/pentagonal-8-mm-stans\/#breadcrumb"},"inLanguage":"en-US","potentialAction":[{"@type":"ReadAction","target":["https:\/\/nordiclabsupplies.com\/produkt\/pentagonal-8-mm-stans\/"]}]},{"@type":"ImageObject","inLanguage":"en-US","@id":"https:\/\/nordiclabsupplies.com\/produkt\/pentagonal-8-mm-stans\/#primaryimage","url":"https:\/\/nordiclabsupplies.com\/wp-content\/uploads\/2025\/03\/3-8.jpg","contentUrl":"https:\/\/nordiclabsupplies.com\/wp-content\/uploads\/2025\/03\/3-8.jpg","width":698,"height":587},{"@type":"BreadcrumbList","@id":"https:\/\/nordiclabsupplies.com\/produkt\/pentagonal-8-mm-stans\/#breadcrumb","itemListElement":[{"@type":"ListItem","position":1,"name":"Home","item":"https:\/\/nordiclabsupplies.com\/"},{"@type":"ListItem","position":2,"name":"Butik","item":"https:\/\/nordiclabsupplies.com\/butik\/"},{"@type":"ListItem","position":3,"name":"Pentagonal 8 mm Stans"}]},{"@type":"WebSite","@id":"https:\/\/nordiclabsupplies.com\/#website","url":"https:\/\/nordiclabsupplies.com\/","name":"Nordiclabsupplies.com","description":"","potentialAction":[{"@type":"SearchAction","target":{"@type":"EntryPoint","urlTemplate":"https:\/\/nordiclabsupplies.com\/?s={search_term_string}"},"query-input":{"@type":"PropertyValueSpecification","valueRequired":true,"valueName":"search_term_string"}}],"inLanguage":"en-US"}]}},"_links":{"self":[{"href":"https:\/\/nordiclabsupplies.com\/en\/wp-json\/wp\/v2\/product\/1139","targetHints":{"allow":["GET"]}}],"collection":[{"href":"https:\/\/nordiclabsupplies.com\/en\/wp-json\/wp\/v2\/product"}],"about":[{"href":"https:\/\/nordiclabsupplies.com\/en\/wp-json\/wp\/v2\/types\/product"}],"replies":[{"embeddable":true,"href":"https:\/\/nordiclabsupplies.com\/en\/wp-json\/wp\/v2\/comments?post=1139"}],"wp:featuredmedia":[{"embeddable":true,"href":"https:\/\/nordiclabsupplies.com\/en\/wp-json\/wp\/v2\/media\/1141"}],"wp:attachment":[{"href":"https:\/\/nordiclabsupplies.com\/en\/wp-json\/wp\/v2\/media?parent=1139"}],"wp:term":[{"taxonomy":"product_brand","embeddable":true,"href":"https:\/\/nordiclabsupplies.com\/en\/wp-json\/wp\/v2\/product_brand?post=1139"},{"taxonomy":"product_cat","embeddable":true,"href":"https:\/\/nordiclabsupplies.com\/en\/wp-json\/wp\/v2\/product_cat?post=1139"},{"taxonomy":"product_tag","embeddable":true,"href":"https:\/\/nordiclabsupplies.com\/en\/wp-json\/wp\/v2\/product_tag?post=1139"}],"curies":[{"name":"wp","href":"https:\/\/api.w.org\/{rel}","templated":true}]}}