{"id":1143,"date":"2025-03-17T19:17:37","date_gmt":"2025-03-17T18:17:37","guid":{"rendered":"https:\/\/nordiclabsupplies.com\/?post_type=product&#038;p=1143"},"modified":"2025-06-09T16:12:26","modified_gmt":"2025-06-09T15:12:26","slug":"avlang-diamantformad-10-mm-stans","status":"publish","type":"product","link":"https:\/\/nordiclabsupplies.com\/en\/product\/oblong-diamond-shaped-10-mm-punch\/","title":{"rendered":"Oblong Diamond Shaped 10 mm Punch"},"content":{"rendered":"<p data-start=\"110\" data-end=\"459\">This elegant oblong diamond shape die set gives your tablets a unique and professional finish, perfect for manufacturing tablets for pharmaceuticals, vitamins, dietary supplements and other health products. The oblong, diamond shaped design creates clearly recognizable tablets that stand out and offers good ergonomics for handling and use.<\/p>\n<p data-start=\"461\" data-end=\"737\">The punch is made of premium hardened stainless steel, carefully designed for the highest possible precision and durability. The robust construction makes the punch very durable, easy to clean and suitable for continuous use in both small and large production volumes.<\/p>\n<p data-start=\"739\" data-end=\"940\">This diamond-shaped punch is ideal for products that want to convey an exclusive feel and unique identity, and is a perfect choice when you want to give your tablets a distinctive and elegant look.<\/p>\n<p data-start=\"942\" data-end=\"964\"><strong data-start=\"942\" data-end=\"962\">Specifications:<\/strong><\/p>\n<ul data-start=\"965\" data-end=\"1238\">\n<li data-start=\"965\" data-end=\"997\"><strong data-start=\"967\" data-end=\"976\">Form:<\/strong> Oblong diamond shape<\/li>\n<li data-start=\"998\" data-end=\"1021\"><strong data-start=\"1000\" data-end=\"1013\">Diameter:<\/strong> 10mm<\/li>\n<li data-start=\"1022\" data-end=\"1061\"><strong data-start=\"1024\" data-end=\"1037\">Material:<\/strong> Hardened stainless steel<\/li>\n<li data-start=\"1062\" data-end=\"1105\"><strong data-start=\"1064\" data-end=\"1077\">Embossing:<\/strong> Smooth design on both sides<\/li>\n<li data-start=\"1106\" data-end=\"1169\"><strong data-start=\"1108\" data-end=\"1127\">Compatibility: <span style=\"color: #0000ff;\"><a style=\"color: #0000ff;\" href=\"https:\/\/nordiclabsupplies.com\/en\/product\/thdp-5-single-punch-tablet-machine\/\">TDP-5<\/a><\/span><\/strong><\/li>\n<li data-start=\"1170\" data-end=\"1238\"><strong data-start=\"1172\" data-end=\"1187\">Durability:<\/strong> Very durable and long-lasting for intensive production<\/li>\n<\/ul>\n<p data-start=\"1240\" data-end=\"1265\"><strong data-start=\"1240\" data-end=\"1263\">Areas of use:<\/strong><\/p>\n<ul data-start=\"1266\" data-end=\"1432\">\n<li data-start=\"1266\" data-end=\"1307\">Exclusive vitamins and supplements<\/li>\n<li data-start=\"1308\" data-end=\"1339\">Pharmaceuticals with a premium profile<\/li>\n<li data-start=\"1340\" data-end=\"1374\">Health products and herbal preparations<\/li>\n<li data-start=\"1375\" data-end=\"1432\">Products that need a unique design and identity<\/li>\n<\/ul>","protected":false},"excerpt":{"rendered":"<p>This elegant oblong diamond shaped punch set gives your tablets a unique and professional finish, perfect for manufacturing tablets for pharmaceuticals, vitamins, dietary supplements and other health products. The oblong, diamond shaped design creates clearly recognizable tablets that stand out and offers good ergonomics for handling and use. The punch is made of premium hardened stainless steel, carefully designed [\u2026]<\/p>","protected":false},"featured_media":1145,"comment_status":"open","ping_status":"closed","template":"","meta":{"_acf_changed":false},"product_brand":[],"product_cat":[38],"product_tag":[],"class_list":{"0":"post-1143","1":"product","2":"type-product","3":"status-publish","4":"has-post-thumbnail","6":"product_cat-stansar","8":"first","9":"outofstock","10":"taxable","11":"shipping-taxable","12":"purchasable","13":"product-type-simple"},"acf":[],"yoast_head":"<!-- This site is optimized with the Yoast SEO plugin v27.4 - https:\/\/yoast.com\/product\/yoast-seo-wordpress\/ -->\n<title>Avl\u00e5ng Diamantformad 10 mm Stans - Nordiclabsupplies.com<\/title>\n<meta name=\"robots\" content=\"index, follow, max-snippet:-1, max-image-preview:large, max-video-preview:-1\" \/>\n<link rel=\"canonical\" href=\"https:\/\/nordiclabsupplies.com\/en\/product\/oblong-diamond-shaped-10-mm-punch\/\" \/>\n<meta property=\"og:locale\" content=\"en_US\" \/>\n<meta property=\"og:type\" content=\"article\" \/>\n<meta property=\"og:title\" content=\"Avl\u00e5ng Diamantformad 10 mm Stans - Nordiclabsupplies.com\" \/>\n<meta property=\"og:description\" content=\"Denna eleganta stanssats i avl\u00e5ng diamantform ger dina tabletter en unik och professionell finish, perfekt f\u00f6r tillverkning av tabletter inom l\u00e4kemedel, vitaminer, kosttillskott och andra h\u00e4lsoprodukter. Den avl\u00e5nga, diamantformade designen skapar tydligt igenk\u00e4nnbara tabletter som sticker ut och erbjuder god ergonomi vid hantering och anv\u00e4ndning. Stansen \u00e4r tillverkad i f\u00f6rstklassigt h\u00e4rdat rostfritt st\u00e5l, noggrant designad [&hellip;]\" \/>\n<meta property=\"og:url\" content=\"https:\/\/nordiclabsupplies.com\/en\/product\/oblong-diamond-shaped-10-mm-punch\/\" \/>\n<meta property=\"og:site_name\" content=\"Nordiclabsupplies.com\" \/>\n<meta property=\"article:modified_time\" content=\"2025-06-09T15:12:26+00:00\" \/>\n<meta property=\"og:image\" content=\"https:\/\/nordiclabsupplies.com\/wp-content\/uploads\/2025\/03\/3-10.jpg\" \/>\n\t<meta property=\"og:image:width\" content=\"700\" \/>\n\t<meta property=\"og:image:height\" content=\"563\" \/>\n\t<meta property=\"og:image:type\" content=\"image\/jpeg\" \/>\n<meta name=\"twitter:card\" content=\"summary_large_image\" \/>\n<meta name=\"twitter:label1\" content=\"Est. reading time\" \/>\n\t<meta name=\"twitter:data1\" content=\"2 minutes\" \/>\n<script type=\"application\/ld+json\" class=\"yoast-schema-graph\">{\"@context\":\"https:\\\/\\\/schema.org\",\"@graph\":[{\"@type\":\"WebPage\",\"@id\":\"https:\\\/\\\/nordiclabsupplies.com\\\/produkt\\\/avlang-diamantformad-10-mm-stans\\\/\",\"url\":\"https:\\\/\\\/nordiclabsupplies.com\\\/produkt\\\/avlang-diamantformad-10-mm-stans\\\/\",\"name\":\"Avl\u00e5ng Diamantformad 10 mm Stans - Nordiclabsupplies.com\",\"isPartOf\":{\"@id\":\"https:\\\/\\\/nordiclabsupplies.com\\\/#website\"},\"primaryImageOfPage\":{\"@id\":\"https:\\\/\\\/nordiclabsupplies.com\\\/produkt\\\/avlang-diamantformad-10-mm-stans\\\/#primaryimage\"},\"image\":{\"@id\":\"https:\\\/\\\/nordiclabsupplies.com\\\/produkt\\\/avlang-diamantformad-10-mm-stans\\\/#primaryimage\"},\"thumbnailUrl\":\"https:\\\/\\\/nordiclabsupplies.com\\\/wp-content\\\/uploads\\\/2025\\\/03\\\/3-10.jpg\",\"datePublished\":\"2025-03-17T18:17:37+00:00\",\"dateModified\":\"2025-06-09T15:12:26+00:00\",\"breadcrumb\":{\"@id\":\"https:\\\/\\\/nordiclabsupplies.com\\\/produkt\\\/avlang-diamantformad-10-mm-stans\\\/#breadcrumb\"},\"inLanguage\":\"en-US\",\"potentialAction\":[{\"@type\":\"ReadAction\",\"target\":[\"https:\\\/\\\/nordiclabsupplies.com\\\/produkt\\\/avlang-diamantformad-10-mm-stans\\\/\"]}]},{\"@type\":\"ImageObject\",\"inLanguage\":\"en-US\",\"@id\":\"https:\\\/\\\/nordiclabsupplies.com\\\/produkt\\\/avlang-diamantformad-10-mm-stans\\\/#primaryimage\",\"url\":\"https:\\\/\\\/nordiclabsupplies.com\\\/wp-content\\\/uploads\\\/2025\\\/03\\\/3-10.jpg\",\"contentUrl\":\"https:\\\/\\\/nordiclabsupplies.com\\\/wp-content\\\/uploads\\\/2025\\\/03\\\/3-10.jpg\",\"width\":700,\"height\":563},{\"@type\":\"BreadcrumbList\",\"@id\":\"https:\\\/\\\/nordiclabsupplies.com\\\/produkt\\\/avlang-diamantformad-10-mm-stans\\\/#breadcrumb\",\"itemListElement\":[{\"@type\":\"ListItem\",\"position\":1,\"name\":\"Home\",\"item\":\"https:\\\/\\\/nordiclabsupplies.com\\\/\"},{\"@type\":\"ListItem\",\"position\":2,\"name\":\"Butik\",\"item\":\"https:\\\/\\\/nordiclabsupplies.com\\\/butik\\\/\"},{\"@type\":\"ListItem\",\"position\":3,\"name\":\"Avl\u00e5ng Diamantformad 10 mm Stans\"}]},{\"@type\":\"WebSite\",\"@id\":\"https:\\\/\\\/nordiclabsupplies.com\\\/#website\",\"url\":\"https:\\\/\\\/nordiclabsupplies.com\\\/\",\"name\":\"Nordiclabsupplies.com\",\"description\":\"\",\"potentialAction\":[{\"@type\":\"SearchAction\",\"target\":{\"@type\":\"EntryPoint\",\"urlTemplate\":\"https:\\\/\\\/nordiclabsupplies.com\\\/?s={search_term_string}\"},\"query-input\":{\"@type\":\"PropertyValueSpecification\",\"valueRequired\":true,\"valueName\":\"search_term_string\"}}],\"inLanguage\":\"en-US\"}]}<\/script>\n<!-- \/ Yoast SEO plugin. -->","yoast_head_json":{"title":"Avl\u00e5ng Diamantformad 10 mm Stans - Nordiclabsupplies.com","robots":{"index":"index","follow":"follow","max-snippet":"max-snippet:-1","max-image-preview":"max-image-preview:large","max-video-preview":"max-video-preview:-1"},"canonical":"https:\/\/nordiclabsupplies.com\/en\/product\/oblong-diamond-shaped-10-mm-punch\/","og_locale":"en_US","og_type":"article","og_title":"Avl\u00e5ng Diamantformad 10 mm Stans - Nordiclabsupplies.com","og_description":"Denna eleganta stanssats i avl\u00e5ng diamantform ger dina tabletter en unik och professionell finish, perfekt f\u00f6r tillverkning av tabletter inom l\u00e4kemedel, vitaminer, kosttillskott och andra h\u00e4lsoprodukter. Den avl\u00e5nga, diamantformade designen skapar tydligt igenk\u00e4nnbara tabletter som sticker ut och erbjuder god ergonomi vid hantering och anv\u00e4ndning. Stansen \u00e4r tillverkad i f\u00f6rstklassigt h\u00e4rdat rostfritt st\u00e5l, noggrant designad [&hellip;]","og_url":"https:\/\/nordiclabsupplies.com\/en\/product\/oblong-diamond-shaped-10-mm-punch\/","og_site_name":"Nordiclabsupplies.com","article_modified_time":"2025-06-09T15:12:26+00:00","og_image":[{"width":700,"height":563,"url":"https:\/\/nordiclabsupplies.com\/wp-content\/uploads\/2025\/03\/3-10.jpg","type":"image\/jpeg"}],"twitter_card":"summary_large_image","twitter_misc":{"Est. reading time":"2 minutes"},"schema":{"@context":"https:\/\/schema.org","@graph":[{"@type":"WebPage","@id":"https:\/\/nordiclabsupplies.com\/produkt\/avlang-diamantformad-10-mm-stans\/","url":"https:\/\/nordiclabsupplies.com\/produkt\/avlang-diamantformad-10-mm-stans\/","name":"Avl\u00e5ng Diamantformad 10 mm Stans - Nordiclabsupplies.com","isPartOf":{"@id":"https:\/\/nordiclabsupplies.com\/#website"},"primaryImageOfPage":{"@id":"https:\/\/nordiclabsupplies.com\/produkt\/avlang-diamantformad-10-mm-stans\/#primaryimage"},"image":{"@id":"https:\/\/nordiclabsupplies.com\/produkt\/avlang-diamantformad-10-mm-stans\/#primaryimage"},"thumbnailUrl":"https:\/\/nordiclabsupplies.com\/wp-content\/uploads\/2025\/03\/3-10.jpg","datePublished":"2025-03-17T18:17:37+00:00","dateModified":"2025-06-09T15:12:26+00:00","breadcrumb":{"@id":"https:\/\/nordiclabsupplies.com\/produkt\/avlang-diamantformad-10-mm-stans\/#breadcrumb"},"inLanguage":"en-US","potentialAction":[{"@type":"ReadAction","target":["https:\/\/nordiclabsupplies.com\/produkt\/avlang-diamantformad-10-mm-stans\/"]}]},{"@type":"ImageObject","inLanguage":"en-US","@id":"https:\/\/nordiclabsupplies.com\/produkt\/avlang-diamantformad-10-mm-stans\/#primaryimage","url":"https:\/\/nordiclabsupplies.com\/wp-content\/uploads\/2025\/03\/3-10.jpg","contentUrl":"https:\/\/nordiclabsupplies.com\/wp-content\/uploads\/2025\/03\/3-10.jpg","width":700,"height":563},{"@type":"BreadcrumbList","@id":"https:\/\/nordiclabsupplies.com\/produkt\/avlang-diamantformad-10-mm-stans\/#breadcrumb","itemListElement":[{"@type":"ListItem","position":1,"name":"Home","item":"https:\/\/nordiclabsupplies.com\/"},{"@type":"ListItem","position":2,"name":"Butik","item":"https:\/\/nordiclabsupplies.com\/butik\/"},{"@type":"ListItem","position":3,"name":"Avl\u00e5ng Diamantformad 10 mm Stans"}]},{"@type":"WebSite","@id":"https:\/\/nordiclabsupplies.com\/#website","url":"https:\/\/nordiclabsupplies.com\/","name":"Nordiclabsupplies.com","description":"","potentialAction":[{"@type":"SearchAction","target":{"@type":"EntryPoint","urlTemplate":"https:\/\/nordiclabsupplies.com\/?s={search_term_string}"},"query-input":{"@type":"PropertyValueSpecification","valueRequired":true,"valueName":"search_term_string"}}],"inLanguage":"en-US"}]}},"_links":{"self":[{"href":"https:\/\/nordiclabsupplies.com\/en\/wp-json\/wp\/v2\/product\/1143","targetHints":{"allow":["GET"]}}],"collection":[{"href":"https:\/\/nordiclabsupplies.com\/en\/wp-json\/wp\/v2\/product"}],"about":[{"href":"https:\/\/nordiclabsupplies.com\/en\/wp-json\/wp\/v2\/types\/product"}],"replies":[{"embeddable":true,"href":"https:\/\/nordiclabsupplies.com\/en\/wp-json\/wp\/v2\/comments?post=1143"}],"wp:featuredmedia":[{"embeddable":true,"href":"https:\/\/nordiclabsupplies.com\/en\/wp-json\/wp\/v2\/media\/1145"}],"wp:attachment":[{"href":"https:\/\/nordiclabsupplies.com\/en\/wp-json\/wp\/v2\/media?parent=1143"}],"wp:term":[{"taxonomy":"product_brand","embeddable":true,"href":"https:\/\/nordiclabsupplies.com\/en\/wp-json\/wp\/v2\/product_brand?post=1143"},{"taxonomy":"product_cat","embeddable":true,"href":"https:\/\/nordiclabsupplies.com\/en\/wp-json\/wp\/v2\/product_cat?post=1143"},{"taxonomy":"product_tag","embeddable":true,"href":"https:\/\/nordiclabsupplies.com\/en\/wp-json\/wp\/v2\/product_tag?post=1143"}],"curies":[{"name":"wp","href":"https:\/\/api.w.org\/{rel}","templated":true}]}}