{"id":1153,"date":"2025-03-17T19:39:46","date_gmt":"2025-03-17T18:39:46","guid":{"rendered":"https:\/\/nordiclabsupplies.com\/?post_type=product&#038;p=1153"},"modified":"2025-11-03T19:19:23","modified_gmt":"2025-11-03T18:19:23","slug":"oval-8-mm-stans","status":"publish","type":"product","link":"https:\/\/nordiclabsupplies.com\/en\/product\/oval-8-mm-punch\/","title":{"rendered":"Oval 8 mm Punch"},"content":{"rendered":"<h2 data-start=\"64\" data-end=\"91\">Oval Tablet Punch \u2013 8 mm<\/h2>\n<p data-start=\"93\" data-end=\"474\">This stylish, oval punch set is perfectly designed for the production of elegant tablets with a unique, oblong shape. The 8 mm punch is ideal for the production of pharmaceuticals, vitamins, dietary supplements or other health products where ease of use and design play an important role. The oblong shape also facilitates swallowing, making the tablet extra user-friendly.<\/p>\n<p data-start=\"476\" data-end=\"766\">The punch is made of high-quality, hardened stainless steel, which ensures long life and high precision with every press. The robust construction makes the punch very durable and easy to clean and sterilize, which is especially important in production environments with high hygiene requirements.<\/p>\n<p data-start=\"768\" data-end=\"975\">Oval die cut is ideal for products that want to appear premium, functional and modern. With this die cut set you can give your tablets a professional look and distinguish them from traditional shapes.<\/p>\n<p data-start=\"977\" data-end=\"999\"><strong data-start=\"977\" data-end=\"997\">Specifications:<\/strong><\/p>\n<ul data-start=\"1000\" data-end=\"1261\">\n<li data-start=\"1000\" data-end=\"1027\"><strong data-start=\"1002\" data-end=\"1011\">Form:<\/strong> Oval (oblong)<\/li>\n<li data-start=\"1028\" data-end=\"1050\"><strong data-start=\"1030\" data-end=\"1043\">Diameter:<\/strong> 8mm<\/li>\n<li data-start=\"1051\" data-end=\"1090\"><strong data-start=\"1053\" data-end=\"1066\">Material:<\/strong> Hardened stainless steel<\/li>\n<li data-start=\"1091\" data-end=\"1139\"><strong data-start=\"1093\" data-end=\"1106\">Embossing:<\/strong> Smooth oval design on both sides<\/li>\n<li data-start=\"1140\" data-end=\"1203\"><strong data-start=\"1142\" data-end=\"1161\">Compatibility: <span style=\"color: #0000ff;\"><a style=\"color: #0000ff;\" href=\"https:\/\/nordiclabsupplies.com\/en\/product\/thdp-5-single-punch-tablet-machine\/\">TDP-5<\/a><\/span><\/strong><\/li>\n<li data-start=\"1204\" data-end=\"1261\"><strong data-start=\"1206\" data-end=\"1221\">Durability:<\/strong> Extremely durable for intensive use<\/li>\n<\/ul>\n<p data-start=\"1263\" data-end=\"1288\"><strong data-start=\"1263\" data-end=\"1286\">Areas of use:<\/strong><\/p>\n<ul data-start=\"1289\" data-end=\"1443\">\n<li data-start=\"1289\" data-end=\"1330\">Pharmaceutical tablets and medicines<\/li>\n<li data-start=\"1331\" data-end=\"1362\">Vitamins and supplements<\/li>\n<li data-start=\"1363\" data-end=\"1397\">Health products and herbal preparations<\/li>\n<li data-start=\"1398\" data-end=\"1443\">Products where swallowability is a priority<\/li>\n<\/ul>","protected":false},"excerpt":{"rendered":"<p>Oval Tablet Punch \u2013 8 mm This stylish, oval punch set is perfectly designed for the production of elegant tablets with a unique, oblong shape. The 8 mm punch is ideal for the production of pharmaceuticals, vitamins, dietary supplements or other health products where ease of use and design play an important role. The oblong shape also facilitates swallowing, making the tablet extra [\u2026]<\/p>","protected":false},"featured_media":1155,"comment_status":"open","ping_status":"closed","template":"","meta":{"_acf_changed":false},"product_brand":[],"product_cat":[38],"product_tag":[],"class_list":{"0":"post-1153","1":"product","2":"type-product","3":"status-publish","4":"has-post-thumbnail","6":"product_cat-stansar","8":"first","9":"outofstock","10":"taxable","11":"shipping-taxable","12":"purchasable","13":"product-type-simple"},"acf":[],"yoast_head":"<!-- This site is optimized with the Yoast SEO plugin v27.4 - https:\/\/yoast.com\/product\/yoast-seo-wordpress\/ -->\n<title>Oval 8 mm Stans - Nordiclabsupplies.com<\/title>\n<meta name=\"robots\" content=\"index, follow, max-snippet:-1, max-image-preview:large, max-video-preview:-1\" \/>\n<link rel=\"canonical\" href=\"https:\/\/nordiclabsupplies.com\/en\/product\/oval-8-mm-punch\/\" \/>\n<meta property=\"og:locale\" content=\"en_US\" \/>\n<meta property=\"og:type\" content=\"article\" \/>\n<meta property=\"og:title\" content=\"Oval 8 mm Stans - Nordiclabsupplies.com\" \/>\n<meta property=\"og:description\" content=\"Oval Tablettstans \u2013 8 mm Denna stilrena, ovala stanssats \u00e4r perfekt framtagen f\u00f6r produktion av eleganta tabletter med en unik, avl\u00e5ng form. Stansen p\u00e5 8 mm passar utm\u00e4rkt till tillverkning av l\u00e4kemedel, vitaminer, kosttillskott eller andra h\u00e4lsoprodukter d\u00e4r anv\u00e4ndarv\u00e4nlighet och design spelar en viktig roll. Den avl\u00e5nga formen underl\u00e4ttar ocks\u00e5 sv\u00e4ljbarheten, vilket g\u00f6r tabletten extra [&hellip;]\" \/>\n<meta property=\"og:url\" content=\"https:\/\/nordiclabsupplies.com\/en\/product\/oval-8-mm-punch\/\" \/>\n<meta property=\"og:site_name\" content=\"Nordiclabsupplies.com\" \/>\n<meta property=\"article:modified_time\" content=\"2025-11-03T18:19:23+00:00\" \/>\n<meta property=\"og:image\" content=\"https:\/\/nordiclabsupplies.com\/wp-content\/uploads\/2025\/03\/5-8.jpg\" \/>\n\t<meta property=\"og:image:width\" content=\"597\" \/>\n\t<meta property=\"og:image:height\" content=\"492\" \/>\n\t<meta property=\"og:image:type\" content=\"image\/jpeg\" \/>\n<meta name=\"twitter:card\" content=\"summary_large_image\" \/>\n<meta name=\"twitter:label1\" content=\"Est. reading time\" \/>\n\t<meta name=\"twitter:data1\" content=\"2 minutes\" \/>\n<script type=\"application\/ld+json\" class=\"yoast-schema-graph\">{\"@context\":\"https:\\\/\\\/schema.org\",\"@graph\":[{\"@type\":\"WebPage\",\"@id\":\"https:\\\/\\\/nordiclabsupplies.com\\\/produkt\\\/oval-8-mm-stans\\\/\",\"url\":\"https:\\\/\\\/nordiclabsupplies.com\\\/produkt\\\/oval-8-mm-stans\\\/\",\"name\":\"Oval 8 mm Stans - Nordiclabsupplies.com\",\"isPartOf\":{\"@id\":\"https:\\\/\\\/nordiclabsupplies.com\\\/#website\"},\"primaryImageOfPage\":{\"@id\":\"https:\\\/\\\/nordiclabsupplies.com\\\/produkt\\\/oval-8-mm-stans\\\/#primaryimage\"},\"image\":{\"@id\":\"https:\\\/\\\/nordiclabsupplies.com\\\/produkt\\\/oval-8-mm-stans\\\/#primaryimage\"},\"thumbnailUrl\":\"https:\\\/\\\/nordiclabsupplies.com\\\/wp-content\\\/uploads\\\/2025\\\/03\\\/5-8.jpg\",\"datePublished\":\"2025-03-17T18:39:46+00:00\",\"dateModified\":\"2025-11-03T18:19:23+00:00\",\"breadcrumb\":{\"@id\":\"https:\\\/\\\/nordiclabsupplies.com\\\/produkt\\\/oval-8-mm-stans\\\/#breadcrumb\"},\"inLanguage\":\"en-US\",\"potentialAction\":[{\"@type\":\"ReadAction\",\"target\":[\"https:\\\/\\\/nordiclabsupplies.com\\\/produkt\\\/oval-8-mm-stans\\\/\"]}]},{\"@type\":\"ImageObject\",\"inLanguage\":\"en-US\",\"@id\":\"https:\\\/\\\/nordiclabsupplies.com\\\/produkt\\\/oval-8-mm-stans\\\/#primaryimage\",\"url\":\"https:\\\/\\\/nordiclabsupplies.com\\\/wp-content\\\/uploads\\\/2025\\\/03\\\/5-8.jpg\",\"contentUrl\":\"https:\\\/\\\/nordiclabsupplies.com\\\/wp-content\\\/uploads\\\/2025\\\/03\\\/5-8.jpg\",\"width\":597,\"height\":492},{\"@type\":\"BreadcrumbList\",\"@id\":\"https:\\\/\\\/nordiclabsupplies.com\\\/produkt\\\/oval-8-mm-stans\\\/#breadcrumb\",\"itemListElement\":[{\"@type\":\"ListItem\",\"position\":1,\"name\":\"Home\",\"item\":\"https:\\\/\\\/nordiclabsupplies.com\\\/\"},{\"@type\":\"ListItem\",\"position\":2,\"name\":\"Butik\",\"item\":\"https:\\\/\\\/nordiclabsupplies.com\\\/butik\\\/\"},{\"@type\":\"ListItem\",\"position\":3,\"name\":\"Oval 8 mm Stans\"}]},{\"@type\":\"WebSite\",\"@id\":\"https:\\\/\\\/nordiclabsupplies.com\\\/#website\",\"url\":\"https:\\\/\\\/nordiclabsupplies.com\\\/\",\"name\":\"Nordiclabsupplies.com\",\"description\":\"\",\"potentialAction\":[{\"@type\":\"SearchAction\",\"target\":{\"@type\":\"EntryPoint\",\"urlTemplate\":\"https:\\\/\\\/nordiclabsupplies.com\\\/?s={search_term_string}\"},\"query-input\":{\"@type\":\"PropertyValueSpecification\",\"valueRequired\":true,\"valueName\":\"search_term_string\"}}],\"inLanguage\":\"en-US\"}]}<\/script>\n<!-- \/ Yoast SEO plugin. -->","yoast_head_json":{"title":"Oval 8 mm Stans - Nordiclabsupplies.com","robots":{"index":"index","follow":"follow","max-snippet":"max-snippet:-1","max-image-preview":"max-image-preview:large","max-video-preview":"max-video-preview:-1"},"canonical":"https:\/\/nordiclabsupplies.com\/en\/product\/oval-8-mm-punch\/","og_locale":"en_US","og_type":"article","og_title":"Oval 8 mm Stans - Nordiclabsupplies.com","og_description":"Oval Tablettstans \u2013 8 mm Denna stilrena, ovala stanssats \u00e4r perfekt framtagen f\u00f6r produktion av eleganta tabletter med en unik, avl\u00e5ng form. Stansen p\u00e5 8 mm passar utm\u00e4rkt till tillverkning av l\u00e4kemedel, vitaminer, kosttillskott eller andra h\u00e4lsoprodukter d\u00e4r anv\u00e4ndarv\u00e4nlighet och design spelar en viktig roll. Den avl\u00e5nga formen underl\u00e4ttar ocks\u00e5 sv\u00e4ljbarheten, vilket g\u00f6r tabletten extra [&hellip;]","og_url":"https:\/\/nordiclabsupplies.com\/en\/product\/oval-8-mm-punch\/","og_site_name":"Nordiclabsupplies.com","article_modified_time":"2025-11-03T18:19:23+00:00","og_image":[{"width":597,"height":492,"url":"https:\/\/nordiclabsupplies.com\/wp-content\/uploads\/2025\/03\/5-8.jpg","type":"image\/jpeg"}],"twitter_card":"summary_large_image","twitter_misc":{"Est. reading time":"2 minutes"},"schema":{"@context":"https:\/\/schema.org","@graph":[{"@type":"WebPage","@id":"https:\/\/nordiclabsupplies.com\/produkt\/oval-8-mm-stans\/","url":"https:\/\/nordiclabsupplies.com\/produkt\/oval-8-mm-stans\/","name":"Oval 8 mm Stans - Nordiclabsupplies.com","isPartOf":{"@id":"https:\/\/nordiclabsupplies.com\/#website"},"primaryImageOfPage":{"@id":"https:\/\/nordiclabsupplies.com\/produkt\/oval-8-mm-stans\/#primaryimage"},"image":{"@id":"https:\/\/nordiclabsupplies.com\/produkt\/oval-8-mm-stans\/#primaryimage"},"thumbnailUrl":"https:\/\/nordiclabsupplies.com\/wp-content\/uploads\/2025\/03\/5-8.jpg","datePublished":"2025-03-17T18:39:46+00:00","dateModified":"2025-11-03T18:19:23+00:00","breadcrumb":{"@id":"https:\/\/nordiclabsupplies.com\/produkt\/oval-8-mm-stans\/#breadcrumb"},"inLanguage":"en-US","potentialAction":[{"@type":"ReadAction","target":["https:\/\/nordiclabsupplies.com\/produkt\/oval-8-mm-stans\/"]}]},{"@type":"ImageObject","inLanguage":"en-US","@id":"https:\/\/nordiclabsupplies.com\/produkt\/oval-8-mm-stans\/#primaryimage","url":"https:\/\/nordiclabsupplies.com\/wp-content\/uploads\/2025\/03\/5-8.jpg","contentUrl":"https:\/\/nordiclabsupplies.com\/wp-content\/uploads\/2025\/03\/5-8.jpg","width":597,"height":492},{"@type":"BreadcrumbList","@id":"https:\/\/nordiclabsupplies.com\/produkt\/oval-8-mm-stans\/#breadcrumb","itemListElement":[{"@type":"ListItem","position":1,"name":"Home","item":"https:\/\/nordiclabsupplies.com\/"},{"@type":"ListItem","position":2,"name":"Butik","item":"https:\/\/nordiclabsupplies.com\/butik\/"},{"@type":"ListItem","position":3,"name":"Oval 8 mm Stans"}]},{"@type":"WebSite","@id":"https:\/\/nordiclabsupplies.com\/#website","url":"https:\/\/nordiclabsupplies.com\/","name":"Nordiclabsupplies.com","description":"","potentialAction":[{"@type":"SearchAction","target":{"@type":"EntryPoint","urlTemplate":"https:\/\/nordiclabsupplies.com\/?s={search_term_string}"},"query-input":{"@type":"PropertyValueSpecification","valueRequired":true,"valueName":"search_term_string"}}],"inLanguage":"en-US"}]}},"_links":{"self":[{"href":"https:\/\/nordiclabsupplies.com\/en\/wp-json\/wp\/v2\/product\/1153","targetHints":{"allow":["GET"]}}],"collection":[{"href":"https:\/\/nordiclabsupplies.com\/en\/wp-json\/wp\/v2\/product"}],"about":[{"href":"https:\/\/nordiclabsupplies.com\/en\/wp-json\/wp\/v2\/types\/product"}],"replies":[{"embeddable":true,"href":"https:\/\/nordiclabsupplies.com\/en\/wp-json\/wp\/v2\/comments?post=1153"}],"wp:featuredmedia":[{"embeddable":true,"href":"https:\/\/nordiclabsupplies.com\/en\/wp-json\/wp\/v2\/media\/1155"}],"wp:attachment":[{"href":"https:\/\/nordiclabsupplies.com\/en\/wp-json\/wp\/v2\/media?parent=1153"}],"wp:term":[{"taxonomy":"product_brand","embeddable":true,"href":"https:\/\/nordiclabsupplies.com\/en\/wp-json\/wp\/v2\/product_brand?post=1153"},{"taxonomy":"product_cat","embeddable":true,"href":"https:\/\/nordiclabsupplies.com\/en\/wp-json\/wp\/v2\/product_cat?post=1153"},{"taxonomy":"product_tag","embeddable":true,"href":"https:\/\/nordiclabsupplies.com\/en\/wp-json\/wp\/v2\/product_tag?post=1153"}],"curies":[{"name":"wp","href":"https:\/\/api.w.org\/{rel}","templated":true}]}}