{"id":1156,"date":"2025-03-17T19:42:38","date_gmt":"2025-03-17T18:42:38","guid":{"rendered":"https:\/\/nordiclabsupplies.com\/?post_type=product&#038;p=1156"},"modified":"2025-08-23T21:46:37","modified_gmt":"2025-08-23T20:46:37","slug":"rund-med-djup-konvex-10mm-stans","status":"publish","type":"product","link":"https:\/\/nordiclabsupplies.com\/en\/product\/round-with-deep-convex-10mm-punch\/","title":{"rendered":"Round with Deep Convex 10mm Punch"},"content":{"rendered":"<h2 data-start=\"357\" data-end=\"414\">Round Tablet Punch with Deep Convex (Cupped) Shape \u2013 10 mm<\/h2>\n<p data-start=\"416\" data-end=\"672\">This specially designed round punch set with a distinct deep and domed design creates tablets with an elegant, strongly arched profile. The deep convex shape of the tablet provides a stylish appearance, improved durability and makes the tablets particularly easy to swallow.<\/p>\n<p data-start=\"674\" data-end=\"1018\">The punch is made of high-quality hardened stainless steel, which ensures long life, optimal precision and a consistent result every time. The construction is very robust and easy to clean, making it perfectly suited for both large-scale industrial production and smaller, quality-conscious manufacturers.<\/p>\n<p data-start=\"1020\" data-end=\"1178\">The deep convex profile gives your tablets a particularly premium look, perfect for products that want to appear exclusive and user-friendly.<\/p>\n<p data-start=\"1180\" data-end=\"1202\"><strong data-start=\"1180\" data-end=\"1200\">Specifications:<\/strong><\/p>\n<ul data-start=\"1203\" data-end=\"1505\">\n<li data-start=\"1203\" data-end=\"1252\"><strong data-start=\"1205\" data-end=\"1214\">Form:<\/strong> Round with a distinct deep convex profile<\/li>\n<li data-start=\"1253\" data-end=\"1276\"><strong data-start=\"1255\" data-end=\"1268\">Diameter:<\/strong> 10mm<\/li>\n<li data-start=\"1277\" data-end=\"1316\"><strong data-start=\"1279\" data-end=\"1292\">Material:<\/strong> Hardened stainless steel<\/li>\n<li data-start=\"1317\" data-end=\"1374\"><strong data-start=\"1319\" data-end=\"1332\">Embossing:<\/strong> Deep, heavily domed shape on both sides<\/li>\n<li data-start=\"1375\" data-end=\"1438\"><strong data-start=\"1377\" data-end=\"1396\">Compatibility: <a href=\"https:\/\/nordiclabsupplies.com\/en\/product\/thdp-5-single-punch-tablet-machine\/\"><span style=\"color: #0000ff;\">TDP-5<\/span><\/a><\/strong><\/li>\n<li data-start=\"1439\" data-end=\"1505\"><strong data-start=\"1441\" data-end=\"1456\">Durability:<\/strong> Durable and adapted for intensive use<\/li>\n<\/ul>\n<p data-start=\"1507\" data-end=\"1532\"><strong data-start=\"1507\" data-end=\"1530\">Areas of use:<\/strong><\/p>\n<ul data-start=\"1533\" data-end=\"1722\">\n<li data-start=\"1533\" data-end=\"1572\">Premium vitamins and supplements<\/li>\n<li data-start=\"1573\" data-end=\"1627\">Pharmaceutical tablets where swallowability is important<\/li>\n<li data-start=\"1628\" data-end=\"1672\">Health products and exclusive herbal preparations<\/li>\n<li data-start=\"1673\" data-end=\"1722\">Products where aesthetics and comfort are prioritized<\/li>\n<\/ul>","protected":false},"excerpt":{"rendered":"<p>Round Tablet Punch with Deep Convex (Domed) Shape \u2013 10 mm This specially designed, round punch set with a distinct deep and domed design creates tablets with an elegant, strongly arched profile. The deep convex shape of the tablet provides a stylish appearance, improved durability and makes the tablets particularly easy to swallow. The punch is made of high-quality hardened stainless steel, which guarantees [\u2026]<\/p>","protected":false},"featured_media":1158,"comment_status":"open","ping_status":"closed","template":"","meta":{"_acf_changed":false},"product_brand":[],"product_cat":[38],"product_tag":[],"class_list":{"0":"post-1156","1":"product","2":"type-product","3":"status-publish","4":"has-post-thumbnail","6":"product_cat-stansar","8":"first","9":"instock","10":"taxable","11":"shipping-taxable","12":"purchasable","13":"product-type-simple"},"acf":[],"yoast_head":"<!-- This site is optimized with the Yoast SEO plugin v27.4 - https:\/\/yoast.com\/product\/yoast-seo-wordpress\/ -->\n<title>Rund med Djup Konvex 10mm Stans - Nordiclabsupplies.com<\/title>\n<meta name=\"robots\" content=\"index, follow, max-snippet:-1, max-image-preview:large, max-video-preview:-1\" \/>\n<link rel=\"canonical\" href=\"https:\/\/nordiclabsupplies.com\/en\/product\/round-with-deep-convex-10mm-punch\/\" \/>\n<meta property=\"og:locale\" content=\"en_US\" \/>\n<meta property=\"og:type\" content=\"article\" \/>\n<meta property=\"og:title\" content=\"Rund med Djup Konvex 10mm Stans - Nordiclabsupplies.com\" \/>\n<meta property=\"og:description\" content=\"Rund Tablettstans med Djup Konvex (Kupad) Form \u2013 10 mm Denna specialutformade, runda stanssats med tydligt djup och kupad design skapar tabletter med en elegant, kraftigt v\u00e4lvd profil. Tablettens djupa konvexa form ger ett stilrent utseende, f\u00f6rb\u00e4ttrad h\u00e5llbarhet samt g\u00f6r tabletterna s\u00e4rskilt l\u00e4tta att sv\u00e4lja. Stansen \u00e4r tillverkad av h\u00f6gkvalitativt h\u00e4rdat rostfritt st\u00e5l, vilket garanterar [&hellip;]\" \/>\n<meta property=\"og:url\" content=\"https:\/\/nordiclabsupplies.com\/en\/product\/round-with-deep-convex-10mm-punch\/\" \/>\n<meta property=\"og:site_name\" content=\"Nordiclabsupplies.com\" \/>\n<meta property=\"article:modified_time\" content=\"2025-08-23T20:46:37+00:00\" \/>\n<meta property=\"og:image\" content=\"https:\/\/nordiclabsupplies.com\/wp-content\/uploads\/2025\/03\/5-10.jpg\" \/>\n\t<meta property=\"og:image:width\" content=\"643\" \/>\n\t<meta property=\"og:image:height\" content=\"542\" \/>\n\t<meta property=\"og:image:type\" content=\"image\/jpeg\" \/>\n<meta name=\"twitter:card\" content=\"summary_large_image\" \/>\n<meta name=\"twitter:label1\" content=\"Est. reading time\" \/>\n\t<meta name=\"twitter:data1\" content=\"2 minutes\" \/>\n<script type=\"application\/ld+json\" class=\"yoast-schema-graph\">{\"@context\":\"https:\\\/\\\/schema.org\",\"@graph\":[{\"@type\":\"WebPage\",\"@id\":\"https:\\\/\\\/nordiclabsupplies.com\\\/produkt\\\/rund-med-djup-konvex-10mm-stans\\\/\",\"url\":\"https:\\\/\\\/nordiclabsupplies.com\\\/produkt\\\/rund-med-djup-konvex-10mm-stans\\\/\",\"name\":\"Rund med Djup Konvex 10mm Stans - Nordiclabsupplies.com\",\"isPartOf\":{\"@id\":\"https:\\\/\\\/nordiclabsupplies.com\\\/#website\"},\"primaryImageOfPage\":{\"@id\":\"https:\\\/\\\/nordiclabsupplies.com\\\/produkt\\\/rund-med-djup-konvex-10mm-stans\\\/#primaryimage\"},\"image\":{\"@id\":\"https:\\\/\\\/nordiclabsupplies.com\\\/produkt\\\/rund-med-djup-konvex-10mm-stans\\\/#primaryimage\"},\"thumbnailUrl\":\"https:\\\/\\\/nordiclabsupplies.com\\\/wp-content\\\/uploads\\\/2025\\\/03\\\/5-10.jpg\",\"datePublished\":\"2025-03-17T18:42:38+00:00\",\"dateModified\":\"2025-08-23T20:46:37+00:00\",\"breadcrumb\":{\"@id\":\"https:\\\/\\\/nordiclabsupplies.com\\\/produkt\\\/rund-med-djup-konvex-10mm-stans\\\/#breadcrumb\"},\"inLanguage\":\"en-US\",\"potentialAction\":[{\"@type\":\"ReadAction\",\"target\":[\"https:\\\/\\\/nordiclabsupplies.com\\\/produkt\\\/rund-med-djup-konvex-10mm-stans\\\/\"]}]},{\"@type\":\"ImageObject\",\"inLanguage\":\"en-US\",\"@id\":\"https:\\\/\\\/nordiclabsupplies.com\\\/produkt\\\/rund-med-djup-konvex-10mm-stans\\\/#primaryimage\",\"url\":\"https:\\\/\\\/nordiclabsupplies.com\\\/wp-content\\\/uploads\\\/2025\\\/03\\\/5-10.jpg\",\"contentUrl\":\"https:\\\/\\\/nordiclabsupplies.com\\\/wp-content\\\/uploads\\\/2025\\\/03\\\/5-10.jpg\",\"width\":643,\"height\":542},{\"@type\":\"BreadcrumbList\",\"@id\":\"https:\\\/\\\/nordiclabsupplies.com\\\/produkt\\\/rund-med-djup-konvex-10mm-stans\\\/#breadcrumb\",\"itemListElement\":[{\"@type\":\"ListItem\",\"position\":1,\"name\":\"Home\",\"item\":\"https:\\\/\\\/nordiclabsupplies.com\\\/\"},{\"@type\":\"ListItem\",\"position\":2,\"name\":\"Butik\",\"item\":\"https:\\\/\\\/nordiclabsupplies.com\\\/butik\\\/\"},{\"@type\":\"ListItem\",\"position\":3,\"name\":\"Rund med Djup Konvex 10mm Stans\"}]},{\"@type\":\"WebSite\",\"@id\":\"https:\\\/\\\/nordiclabsupplies.com\\\/#website\",\"url\":\"https:\\\/\\\/nordiclabsupplies.com\\\/\",\"name\":\"Nordiclabsupplies.com\",\"description\":\"\",\"potentialAction\":[{\"@type\":\"SearchAction\",\"target\":{\"@type\":\"EntryPoint\",\"urlTemplate\":\"https:\\\/\\\/nordiclabsupplies.com\\\/?s={search_term_string}\"},\"query-input\":{\"@type\":\"PropertyValueSpecification\",\"valueRequired\":true,\"valueName\":\"search_term_string\"}}],\"inLanguage\":\"en-US\"}]}<\/script>\n<!-- \/ Yoast SEO plugin. -->","yoast_head_json":{"title":"Rund med Djup Konvex 10mm Stans - Nordiclabsupplies.com","robots":{"index":"index","follow":"follow","max-snippet":"max-snippet:-1","max-image-preview":"max-image-preview:large","max-video-preview":"max-video-preview:-1"},"canonical":"https:\/\/nordiclabsupplies.com\/en\/product\/round-with-deep-convex-10mm-punch\/","og_locale":"en_US","og_type":"article","og_title":"Rund med Djup Konvex 10mm Stans - Nordiclabsupplies.com","og_description":"Rund Tablettstans med Djup Konvex (Kupad) Form \u2013 10 mm Denna specialutformade, runda stanssats med tydligt djup och kupad design skapar tabletter med en elegant, kraftigt v\u00e4lvd profil. Tablettens djupa konvexa form ger ett stilrent utseende, f\u00f6rb\u00e4ttrad h\u00e5llbarhet samt g\u00f6r tabletterna s\u00e4rskilt l\u00e4tta att sv\u00e4lja. Stansen \u00e4r tillverkad av h\u00f6gkvalitativt h\u00e4rdat rostfritt st\u00e5l, vilket garanterar [&hellip;]","og_url":"https:\/\/nordiclabsupplies.com\/en\/product\/round-with-deep-convex-10mm-punch\/","og_site_name":"Nordiclabsupplies.com","article_modified_time":"2025-08-23T20:46:37+00:00","og_image":[{"width":643,"height":542,"url":"https:\/\/nordiclabsupplies.com\/wp-content\/uploads\/2025\/03\/5-10.jpg","type":"image\/jpeg"}],"twitter_card":"summary_large_image","twitter_misc":{"Est. reading time":"2 minutes"},"schema":{"@context":"https:\/\/schema.org","@graph":[{"@type":"WebPage","@id":"https:\/\/nordiclabsupplies.com\/produkt\/rund-med-djup-konvex-10mm-stans\/","url":"https:\/\/nordiclabsupplies.com\/produkt\/rund-med-djup-konvex-10mm-stans\/","name":"Rund med Djup Konvex 10mm Stans - Nordiclabsupplies.com","isPartOf":{"@id":"https:\/\/nordiclabsupplies.com\/#website"},"primaryImageOfPage":{"@id":"https:\/\/nordiclabsupplies.com\/produkt\/rund-med-djup-konvex-10mm-stans\/#primaryimage"},"image":{"@id":"https:\/\/nordiclabsupplies.com\/produkt\/rund-med-djup-konvex-10mm-stans\/#primaryimage"},"thumbnailUrl":"https:\/\/nordiclabsupplies.com\/wp-content\/uploads\/2025\/03\/5-10.jpg","datePublished":"2025-03-17T18:42:38+00:00","dateModified":"2025-08-23T20:46:37+00:00","breadcrumb":{"@id":"https:\/\/nordiclabsupplies.com\/produkt\/rund-med-djup-konvex-10mm-stans\/#breadcrumb"},"inLanguage":"en-US","potentialAction":[{"@type":"ReadAction","target":["https:\/\/nordiclabsupplies.com\/produkt\/rund-med-djup-konvex-10mm-stans\/"]}]},{"@type":"ImageObject","inLanguage":"en-US","@id":"https:\/\/nordiclabsupplies.com\/produkt\/rund-med-djup-konvex-10mm-stans\/#primaryimage","url":"https:\/\/nordiclabsupplies.com\/wp-content\/uploads\/2025\/03\/5-10.jpg","contentUrl":"https:\/\/nordiclabsupplies.com\/wp-content\/uploads\/2025\/03\/5-10.jpg","width":643,"height":542},{"@type":"BreadcrumbList","@id":"https:\/\/nordiclabsupplies.com\/produkt\/rund-med-djup-konvex-10mm-stans\/#breadcrumb","itemListElement":[{"@type":"ListItem","position":1,"name":"Home","item":"https:\/\/nordiclabsupplies.com\/"},{"@type":"ListItem","position":2,"name":"Butik","item":"https:\/\/nordiclabsupplies.com\/butik\/"},{"@type":"ListItem","position":3,"name":"Rund med Djup Konvex 10mm Stans"}]},{"@type":"WebSite","@id":"https:\/\/nordiclabsupplies.com\/#website","url":"https:\/\/nordiclabsupplies.com\/","name":"Nordiclabsupplies.com","description":"","potentialAction":[{"@type":"SearchAction","target":{"@type":"EntryPoint","urlTemplate":"https:\/\/nordiclabsupplies.com\/?s={search_term_string}"},"query-input":{"@type":"PropertyValueSpecification","valueRequired":true,"valueName":"search_term_string"}}],"inLanguage":"en-US"}]}},"_links":{"self":[{"href":"https:\/\/nordiclabsupplies.com\/en\/wp-json\/wp\/v2\/product\/1156","targetHints":{"allow":["GET"]}}],"collection":[{"href":"https:\/\/nordiclabsupplies.com\/en\/wp-json\/wp\/v2\/product"}],"about":[{"href":"https:\/\/nordiclabsupplies.com\/en\/wp-json\/wp\/v2\/types\/product"}],"replies":[{"embeddable":true,"href":"https:\/\/nordiclabsupplies.com\/en\/wp-json\/wp\/v2\/comments?post=1156"}],"wp:featuredmedia":[{"embeddable":true,"href":"https:\/\/nordiclabsupplies.com\/en\/wp-json\/wp\/v2\/media\/1158"}],"wp:attachment":[{"href":"https:\/\/nordiclabsupplies.com\/en\/wp-json\/wp\/v2\/media?parent=1156"}],"wp:term":[{"taxonomy":"product_brand","embeddable":true,"href":"https:\/\/nordiclabsupplies.com\/en\/wp-json\/wp\/v2\/product_brand?post=1156"},{"taxonomy":"product_cat","embeddable":true,"href":"https:\/\/nordiclabsupplies.com\/en\/wp-json\/wp\/v2\/product_cat?post=1156"},{"taxonomy":"product_tag","embeddable":true,"href":"https:\/\/nordiclabsupplies.com\/en\/wp-json\/wp\/v2\/product_tag?post=1156"}],"curies":[{"name":"wp","href":"https:\/\/api.w.org\/{rel}","templated":true}]}}