{"id":1179,"date":"2025-03-27T09:36:04","date_gmt":"2025-03-27T08:36:04","guid":{"rendered":"https:\/\/nordiclabsupplies.com\/?post_type=product&#038;p=1179"},"modified":"2026-04-26T20:58:40","modified_gmt":"2026-04-26T19:58:40","slug":"sterila-injektionsproppar-13-mm-2000-pack-2","status":"publish","type":"product","link":"https:\/\/nordiclabsupplies.com\/en\/product\/sterile-injection-plugs-13-mm-2000-pack-2\/","title":{"rendered":"Sterile injection plugs 13 mm \u2013 2000 pack"},"content":{"rendered":"<p class=\"\" data-start=\"399\" data-end=\"446\"><strong data-start=\"399\" data-end=\"446\">Sterile injection plugs 13 mm \u2013 2000 pack<\/strong><\/p>\n<p class=\"\" data-start=\"448\" data-end=\"766\">This package contains 2000 sterile injection stoppers with a diameter of 13 mm (the tip measures 12.5 \u00b10.2 mm). These stoppers are designed to ensure the sterility of injection vials and other containers. They are sterilized with ethylene oxide to ensure the highest level of safety in medical use.<\/p>\n<p class=\"\" data-start=\"768\" data-end=\"813\"><strong data-start=\"768\" data-end=\"813\">Specifications (according to technical drawing):<\/strong><\/p>\n<ul data-start=\"815\" data-end=\"1014\">\n<li class=\"\" data-start=\"815\" data-end=\"855\">\n<p class=\"\" data-start=\"817\" data-end=\"855\">Diameter of the top part: 12.5 \u00b1 0.2 mm<\/p>\n<\/li>\n<li class=\"\" data-start=\"856\" data-end=\"892\">\n<p class=\"\" data-start=\"858\" data-end=\"892\">Top thickness: 2 \u00b1 0.25 mm<\/p>\n<\/li>\n<li class=\"\" data-start=\"893\" data-end=\"921\">\n<p class=\"\" data-start=\"895\" data-end=\"921\">Total height: 6.7 \u00b1 0.3 mm<\/p>\n<\/li>\n<li class=\"\" data-start=\"922\" data-end=\"955\">\n<p class=\"\" data-start=\"924\" data-end=\"955\">Bottom diameter: 7.5 \u00b1 0.15 mm<\/p>\n<\/li>\n<li class=\"\" data-start=\"956\" data-end=\"975\">\n<p class=\"\" data-start=\"958\" data-end=\"975\">Inner hole: \u00d83 mm<\/p>\n<\/li>\n<li class=\"\" data-start=\"976\" data-end=\"1014\">\n<p class=\"\" data-start=\"978\" data-end=\"1014\">Material thickness (top edge): 3 mm<\/p>\n<\/li>\n<\/ul>\n<p class=\"\" data-start=\"1016\" data-end=\"1183\">These injection plugs are indispensable for maintaining sterility and preventing contamination of injectable products in healthcare, research and laboratory environments.<\/p>","protected":false},"excerpt":{"rendered":"<p>Sterile injection stoppers 13 mm \u2013 2000-pack This pack contains 2000 sterile injection stoppers with a diameter of 13 mm (the tip measures 12.5 \u00b10.2 mm). These stoppers are designed to ensure the sterility of injection vials and other containers. They are sterilized with ethylene oxide to ensure the highest level of safety in medical use. Specifications (according to technical drawing): Diameter [\u2026]<\/p>","protected":false},"featured_media":837,"comment_status":"open","ping_status":"closed","template":"","meta":{"_acf_changed":false},"product_brand":[],"product_cat":[19],"product_tag":[],"class_list":{"0":"post-1179","1":"product","2":"type-product","3":"status-publish","4":"has-post-thumbnail","6":"product_cat-gummi-toppar","8":"first","9":"instock","10":"taxable","11":"shipping-taxable","12":"purchasable","13":"product-type-simple"},"acf":[],"yoast_head":"<!-- This site is optimized with the Yoast SEO plugin v27.4 - https:\/\/yoast.com\/product\/yoast-seo-wordpress\/ -->\n<title>Sterila injektionsproppar 13 mm \u2013 2000-pack - Nordiclabsupplies.com<\/title>\n<meta name=\"robots\" content=\"index, follow, max-snippet:-1, max-image-preview:large, max-video-preview:-1\" \/>\n<link rel=\"canonical\" href=\"https:\/\/nordiclabsupplies.com\/en\/product\/sterile-injection-plugs-13-mm-2000-pack-2\/\" \/>\n<meta property=\"og:locale\" content=\"en_US\" \/>\n<meta property=\"og:type\" content=\"article\" \/>\n<meta property=\"og:title\" content=\"Sterila injektionsproppar 13 mm \u2013 2000-pack - Nordiclabsupplies.com\" \/>\n<meta property=\"og:description\" content=\"Sterila injektionsproppar 13 mm \u2013 2000-pack Denna f\u00f6rpackning inneh\u00e5ller 2000 stycken sterila injektionsproppar med en diameter p\u00e5 13 mm (toppen m\u00e4ter 12,5 \u00b10,2 mm). Dessa proppar \u00e4r utformade f\u00f6r att s\u00e4kra steriliteten hos injektionsflaskor och andra beh\u00e5llare. De \u00e4r steriliserade med etylenoxid f\u00f6r att garantera h\u00f6gsta s\u00e4kerhetsniv\u00e5 vid medicinsk anv\u00e4ndning. Specifikationer (enligt teknisk ritning): Diameter [&hellip;]\" \/>\n<meta property=\"og:url\" content=\"https:\/\/nordiclabsupplies.com\/en\/product\/sterile-injection-plugs-13-mm-2000-pack-2\/\" \/>\n<meta property=\"og:site_name\" content=\"Nordiclabsupplies.com\" \/>\n<meta property=\"article:modified_time\" content=\"2026-04-26T19:58:40+00:00\" \/>\n<meta property=\"og:image\" content=\"https:\/\/nordiclabsupplies.com\/wp-content\/uploads\/2024\/05\/0C5A0965_resultat_resultat-scaled-e1730824852891.jpg\" \/>\n\t<meta property=\"og:image:width\" content=\"1838\" \/>\n\t<meta property=\"og:image:height\" content=\"1297\" \/>\n\t<meta property=\"og:image:type\" content=\"image\/jpeg\" \/>\n<meta name=\"twitter:card\" content=\"summary_large_image\" \/>\n<meta name=\"twitter:label1\" content=\"Est. reading time\" \/>\n\t<meta name=\"twitter:data1\" content=\"1 minute\" \/>\n<script type=\"application\/ld+json\" class=\"yoast-schema-graph\">{\"@context\":\"https:\\\/\\\/schema.org\",\"@graph\":[{\"@type\":\"WebPage\",\"@id\":\"https:\\\/\\\/nordiclabsupplies.com\\\/produkt\\\/sterila-injektionsproppar-13-mm-2000-pack-2\\\/\",\"url\":\"https:\\\/\\\/nordiclabsupplies.com\\\/produkt\\\/sterila-injektionsproppar-13-mm-2000-pack-2\\\/\",\"name\":\"Sterila injektionsproppar 13 mm \u2013 2000-pack - Nordiclabsupplies.com\",\"isPartOf\":{\"@id\":\"https:\\\/\\\/nordiclabsupplies.com\\\/#website\"},\"primaryImageOfPage\":{\"@id\":\"https:\\\/\\\/nordiclabsupplies.com\\\/produkt\\\/sterila-injektionsproppar-13-mm-2000-pack-2\\\/#primaryimage\"},\"image\":{\"@id\":\"https:\\\/\\\/nordiclabsupplies.com\\\/produkt\\\/sterila-injektionsproppar-13-mm-2000-pack-2\\\/#primaryimage\"},\"thumbnailUrl\":\"https:\\\/\\\/nordiclabsupplies.com\\\/wp-content\\\/uploads\\\/2024\\\/05\\\/0C5A0965_resultat_resultat-scaled-e1730824852891.jpg\",\"datePublished\":\"2025-03-27T08:36:04+00:00\",\"dateModified\":\"2026-04-26T19:58:40+00:00\",\"breadcrumb\":{\"@id\":\"https:\\\/\\\/nordiclabsupplies.com\\\/produkt\\\/sterila-injektionsproppar-13-mm-2000-pack-2\\\/#breadcrumb\"},\"inLanguage\":\"en-US\",\"potentialAction\":[{\"@type\":\"ReadAction\",\"target\":[\"https:\\\/\\\/nordiclabsupplies.com\\\/produkt\\\/sterila-injektionsproppar-13-mm-2000-pack-2\\\/\"]}]},{\"@type\":\"ImageObject\",\"inLanguage\":\"en-US\",\"@id\":\"https:\\\/\\\/nordiclabsupplies.com\\\/produkt\\\/sterila-injektionsproppar-13-mm-2000-pack-2\\\/#primaryimage\",\"url\":\"https:\\\/\\\/nordiclabsupplies.com\\\/wp-content\\\/uploads\\\/2024\\\/05\\\/0C5A0965_resultat_resultat-scaled-e1730824852891.jpg\",\"contentUrl\":\"https:\\\/\\\/nordiclabsupplies.com\\\/wp-content\\\/uploads\\\/2024\\\/05\\\/0C5A0965_resultat_resultat-scaled-e1730824852891.jpg\",\"width\":1838,\"height\":1297},{\"@type\":\"BreadcrumbList\",\"@id\":\"https:\\\/\\\/nordiclabsupplies.com\\\/produkt\\\/sterila-injektionsproppar-13-mm-2000-pack-2\\\/#breadcrumb\",\"itemListElement\":[{\"@type\":\"ListItem\",\"position\":1,\"name\":\"Home\",\"item\":\"https:\\\/\\\/nordiclabsupplies.com\\\/\"},{\"@type\":\"ListItem\",\"position\":2,\"name\":\"Butik\",\"item\":\"https:\\\/\\\/nordiclabsupplies.com\\\/butik\\\/\"},{\"@type\":\"ListItem\",\"position\":3,\"name\":\"Sterila injektionsproppar 13 mm \u2013 2000-pack\"}]},{\"@type\":\"WebSite\",\"@id\":\"https:\\\/\\\/nordiclabsupplies.com\\\/#website\",\"url\":\"https:\\\/\\\/nordiclabsupplies.com\\\/\",\"name\":\"Nordiclabsupplies.com\",\"description\":\"\",\"potentialAction\":[{\"@type\":\"SearchAction\",\"target\":{\"@type\":\"EntryPoint\",\"urlTemplate\":\"https:\\\/\\\/nordiclabsupplies.com\\\/?s={search_term_string}\"},\"query-input\":{\"@type\":\"PropertyValueSpecification\",\"valueRequired\":true,\"valueName\":\"search_term_string\"}}],\"inLanguage\":\"en-US\"}]}<\/script>\n<!-- \/ Yoast SEO plugin. -->","yoast_head_json":{"title":"Sterila injektionsproppar 13 mm \u2013 2000-pack - Nordiclabsupplies.com","robots":{"index":"index","follow":"follow","max-snippet":"max-snippet:-1","max-image-preview":"max-image-preview:large","max-video-preview":"max-video-preview:-1"},"canonical":"https:\/\/nordiclabsupplies.com\/en\/product\/sterile-injection-plugs-13-mm-2000-pack-2\/","og_locale":"en_US","og_type":"article","og_title":"Sterila injektionsproppar 13 mm \u2013 2000-pack - Nordiclabsupplies.com","og_description":"Sterila injektionsproppar 13 mm \u2013 2000-pack Denna f\u00f6rpackning inneh\u00e5ller 2000 stycken sterila injektionsproppar med en diameter p\u00e5 13 mm (toppen m\u00e4ter 12,5 \u00b10,2 mm). Dessa proppar \u00e4r utformade f\u00f6r att s\u00e4kra steriliteten hos injektionsflaskor och andra beh\u00e5llare. De \u00e4r steriliserade med etylenoxid f\u00f6r att garantera h\u00f6gsta s\u00e4kerhetsniv\u00e5 vid medicinsk anv\u00e4ndning. Specifikationer (enligt teknisk ritning): Diameter [&hellip;]","og_url":"https:\/\/nordiclabsupplies.com\/en\/product\/sterile-injection-plugs-13-mm-2000-pack-2\/","og_site_name":"Nordiclabsupplies.com","article_modified_time":"2026-04-26T19:58:40+00:00","og_image":[{"width":1838,"height":1297,"url":"https:\/\/nordiclabsupplies.com\/wp-content\/uploads\/2024\/05\/0C5A0965_resultat_resultat-scaled-e1730824852891.jpg","type":"image\/jpeg"}],"twitter_card":"summary_large_image","twitter_misc":{"Est. reading time":"1 minute"},"schema":{"@context":"https:\/\/schema.org","@graph":[{"@type":"WebPage","@id":"https:\/\/nordiclabsupplies.com\/produkt\/sterila-injektionsproppar-13-mm-2000-pack-2\/","url":"https:\/\/nordiclabsupplies.com\/produkt\/sterila-injektionsproppar-13-mm-2000-pack-2\/","name":"Sterila injektionsproppar 13 mm \u2013 2000-pack - Nordiclabsupplies.com","isPartOf":{"@id":"https:\/\/nordiclabsupplies.com\/#website"},"primaryImageOfPage":{"@id":"https:\/\/nordiclabsupplies.com\/produkt\/sterila-injektionsproppar-13-mm-2000-pack-2\/#primaryimage"},"image":{"@id":"https:\/\/nordiclabsupplies.com\/produkt\/sterila-injektionsproppar-13-mm-2000-pack-2\/#primaryimage"},"thumbnailUrl":"https:\/\/nordiclabsupplies.com\/wp-content\/uploads\/2024\/05\/0C5A0965_resultat_resultat-scaled-e1730824852891.jpg","datePublished":"2025-03-27T08:36:04+00:00","dateModified":"2026-04-26T19:58:40+00:00","breadcrumb":{"@id":"https:\/\/nordiclabsupplies.com\/produkt\/sterila-injektionsproppar-13-mm-2000-pack-2\/#breadcrumb"},"inLanguage":"en-US","potentialAction":[{"@type":"ReadAction","target":["https:\/\/nordiclabsupplies.com\/produkt\/sterila-injektionsproppar-13-mm-2000-pack-2\/"]}]},{"@type":"ImageObject","inLanguage":"en-US","@id":"https:\/\/nordiclabsupplies.com\/produkt\/sterila-injektionsproppar-13-mm-2000-pack-2\/#primaryimage","url":"https:\/\/nordiclabsupplies.com\/wp-content\/uploads\/2024\/05\/0C5A0965_resultat_resultat-scaled-e1730824852891.jpg","contentUrl":"https:\/\/nordiclabsupplies.com\/wp-content\/uploads\/2024\/05\/0C5A0965_resultat_resultat-scaled-e1730824852891.jpg","width":1838,"height":1297},{"@type":"BreadcrumbList","@id":"https:\/\/nordiclabsupplies.com\/produkt\/sterila-injektionsproppar-13-mm-2000-pack-2\/#breadcrumb","itemListElement":[{"@type":"ListItem","position":1,"name":"Home","item":"https:\/\/nordiclabsupplies.com\/"},{"@type":"ListItem","position":2,"name":"Butik","item":"https:\/\/nordiclabsupplies.com\/butik\/"},{"@type":"ListItem","position":3,"name":"Sterila injektionsproppar 13 mm \u2013 2000-pack"}]},{"@type":"WebSite","@id":"https:\/\/nordiclabsupplies.com\/#website","url":"https:\/\/nordiclabsupplies.com\/","name":"Nordiclabsupplies.com","description":"","potentialAction":[{"@type":"SearchAction","target":{"@type":"EntryPoint","urlTemplate":"https:\/\/nordiclabsupplies.com\/?s={search_term_string}"},"query-input":{"@type":"PropertyValueSpecification","valueRequired":true,"valueName":"search_term_string"}}],"inLanguage":"en-US"}]}},"_links":{"self":[{"href":"https:\/\/nordiclabsupplies.com\/en\/wp-json\/wp\/v2\/product\/1179","targetHints":{"allow":["GET"]}}],"collection":[{"href":"https:\/\/nordiclabsupplies.com\/en\/wp-json\/wp\/v2\/product"}],"about":[{"href":"https:\/\/nordiclabsupplies.com\/en\/wp-json\/wp\/v2\/types\/product"}],"replies":[{"embeddable":true,"href":"https:\/\/nordiclabsupplies.com\/en\/wp-json\/wp\/v2\/comments?post=1179"}],"wp:featuredmedia":[{"embeddable":true,"href":"https:\/\/nordiclabsupplies.com\/en\/wp-json\/wp\/v2\/media\/837"}],"wp:attachment":[{"href":"https:\/\/nordiclabsupplies.com\/en\/wp-json\/wp\/v2\/media?parent=1179"}],"wp:term":[{"taxonomy":"product_brand","embeddable":true,"href":"https:\/\/nordiclabsupplies.com\/en\/wp-json\/wp\/v2\/product_brand?post=1179"},{"taxonomy":"product_cat","embeddable":true,"href":"https:\/\/nordiclabsupplies.com\/en\/wp-json\/wp\/v2\/product_cat?post=1179"},{"taxonomy":"product_tag","embeddable":true,"href":"https:\/\/nordiclabsupplies.com\/en\/wp-json\/wp\/v2\/product_tag?post=1179"}],"curies":[{"name":"wp","href":"https:\/\/api.w.org\/{rel}","templated":true}]}}