{"id":1202,"date":"2025-04-03T12:27:56","date_gmt":"2025-04-03T11:27:56","guid":{"rendered":"https:\/\/nordiclabsupplies.com\/?post_type=product&#038;p=1202"},"modified":"2026-02-25T08:26:34","modified_gmt":"2026-02-25T07:26:34","slug":"fisherbrand-indigo-4-0-nitrilhandskar-large-200st-pack","status":"publish","type":"product","link":"https:\/\/nordiclabsupplies.com\/en\/product\/fisherbrand-indigo-4-0-nitrile-gloves-large-200pc-pack\/","title":{"rendered":"Fisherbrand\u2122 Indigo 4.0 Nitrile Gloves - Large 200pcs\/pack"},"content":{"rendered":"<p class=\"\" data-start=\"228\" data-end=\"553\">Fisherbrand\u2122 Indigo 4.0 Nitrile Gloves are ideal for routine laboratory work and general use where reliable protection and comfort are essential. Made from durable nitrile, the gloves feature textured fingertips for a secure grip \u2013 even when handling wet or slippery objects.<\/p>\n<p class=\"\" data-start=\"555\" data-end=\"805\">They are non-sterile, powder-free and classified as <strong data-start=\"608\" data-end=\"632\">type B protective gloves<\/strong>, which means good ergonomic protection even when working with chemicals. Approved according to PPE category III. The gloves are ambidextrous and fit both left and right hands.<\/p>\n<p class=\"\" data-start=\"807\" data-end=\"822\"><strong data-start=\"807\" data-end=\"822\">Features:<\/strong><\/p>\n<ul data-start=\"823\" data-end=\"1065\">\n<li class=\"\" data-start=\"823\" data-end=\"880\">\n<p class=\"\" data-start=\"825\" data-end=\"880\">High level of protection for laboratory and general use<\/p>\n<\/li>\n<li class=\"\" data-start=\"881\" data-end=\"926\">\n<p class=\"\" data-start=\"883\" data-end=\"926\">Textured fingertips for secure grip<\/p>\n<\/li>\n<li class=\"\" data-start=\"927\" data-end=\"987\">\n<p class=\"\" data-start=\"929\" data-end=\"987\">Type B protective glove \u2013 ergonomic and chemical resistant<\/p>\n<\/li>\n<li class=\"\" data-start=\"988\" data-end=\"1008\">\n<p class=\"\" data-start=\"990\" data-end=\"1008\">PPE category III<\/p>\n<\/li>\n<li class=\"\" data-start=\"1009\" data-end=\"1034\">\n<p class=\"\" data-start=\"1011\" data-end=\"1034\">Latex-free and powder-free<\/p>\n<\/li>\n<li class=\"\" data-start=\"1035\" data-end=\"1049\">\n<p class=\"\" data-start=\"1037\" data-end=\"1049\">Ambidextrous<\/p>\n<\/li>\n<li class=\"\" data-start=\"1050\" data-end=\"1065\">\n<p class=\"\" data-start=\"1052\" data-end=\"1065\">Non-sterile<\/p>\n<\/li>\n<\/ul>\n<p class=\"\" data-start=\"1067\" data-end=\"1130\"><strong data-start=\"1067\" data-end=\"1079\">Size:<\/strong> Large<br data-start=\"1085\" data-end=\"1088\" \/><strong data-start=\"1088\" data-end=\"1104\">Packaging:<\/strong> 200 gloves (100 pairs)<\/p>","protected":false},"excerpt":{"rendered":"<p>Fisherbrand\u2122 Indigo 4.0 Nitrile Gloves are ideal for routine laboratory work and general use where reliable protection and comfort are essential. Made from durable nitrile, the gloves feature textured fingertips for a secure grip \u2013 even when handling wet or slippery objects. They are non-sterile, powder-free and classified as Type B protective gloves, which means a good [\u2026]<\/p>","protected":false},"featured_media":1198,"comment_status":"open","ping_status":"closed","template":"","meta":{"_acf_changed":false},"product_brand":[],"product_cat":[40],"product_tag":[],"class_list":{"0":"post-1202","1":"product","2":"type-product","3":"status-publish","4":"has-post-thumbnail","6":"product_cat-hanskar","8":"first","9":"outofstock","10":"taxable","11":"shipping-taxable","12":"purchasable","13":"product-type-simple"},"acf":[],"yoast_head":"<!-- This site is optimized with the Yoast SEO Premium plugin v22.6 (Yoast SEO v27.1.1) - https:\/\/yoast.com\/product\/yoast-seo-premium-wordpress\/ -->\n<title>Fisherbrand\u2122 Indigo 4.0 Nitrilhandskar \u2013 Large 200st\/pack - Nordiclabsupplies.com<\/title>\n<meta name=\"robots\" content=\"index, follow, max-snippet:-1, max-image-preview:large, max-video-preview:-1\" \/>\n<link rel=\"canonical\" href=\"https:\/\/nordiclabsupplies.com\/en\/product\/fisherbrand-indigo-4-0-nitrile-gloves-large-200pc-pack\/\" \/>\n<meta property=\"og:locale\" content=\"en_US\" \/>\n<meta property=\"og:type\" content=\"article\" \/>\n<meta property=\"og:title\" content=\"Fisherbrand\u2122 Indigo 4.0 Nitrilhandskar \u2013 Large 200st\/pack\" \/>\n<meta property=\"og:description\" content=\"Fisherbrand\u2122 Indigo 4.0 nitrilhandskar \u00e4r perfekta f\u00f6r rutinm\u00e4ssigt laboratoriearbete och allm\u00e4n anv\u00e4ndning d\u00e4r tillf\u00f6rlitligt skydd och komfort \u00e4r avg\u00f6rande. Handskarna \u00e4r tillverkade i slitstark nitril och har texturerade fingertoppar f\u00f6r ett s\u00e4kert grepp \u2013 \u00e4ven vid hantering av v\u00e5ta eller hala f\u00f6rem\u00e5l. De \u00e4r icke-sterila, puderfria och klassificerade som typ B-skyddshandskar, vilket inneb\u00e4r ett bra [&hellip;]\" \/>\n<meta property=\"og:url\" content=\"https:\/\/nordiclabsupplies.com\/en\/product\/fisherbrand-indigo-4-0-nitrile-gloves-large-200pc-pack\/\" \/>\n<meta property=\"og:site_name\" content=\"Nordiclabsupplies.com\" \/>\n<meta property=\"article:modified_time\" content=\"2026-02-25T07:26:34+00:00\" \/>\n<meta property=\"og:image\" content=\"https:\/\/nordiclabsupplies.com\/wp-content\/uploads\/2025\/04\/MDB.jpg-650.jpg\" \/>\n\t<meta property=\"og:image:width\" content=\"650\" \/>\n\t<meta property=\"og:image:height\" content=\"806\" \/>\n\t<meta property=\"og:image:type\" content=\"image\/jpeg\" \/>\n<meta name=\"twitter:card\" content=\"summary_large_image\" \/>\n<meta name=\"twitter:label1\" content=\"Price\" \/>\n\t<meta name=\"twitter:data1\" content=\"545,00&nbsp;&#107;&#114;\" \/>\n\t<meta name=\"twitter:label2\" content=\"Availability\" \/>\n\t<meta name=\"twitter:data2\" content=\"Out of stock\" \/>\n<script type=\"application\/ld+json\" class=\"yoast-schema-graph\">{\"@context\":\"https:\/\/schema.org\",\"@graph\":[{\"@type\":\"WebPage\",\"@id\":\"https:\/\/nordiclabsupplies.com\/produkt\/fisherbrand-indigo-4-0-nitrilhandskar-large-200st-pack\/\",\"url\":\"https:\/\/nordiclabsupplies.com\/produkt\/fisherbrand-indigo-4-0-nitrilhandskar-large-200st-pack\/\",\"name\":\"Fisherbrand\u2122 Indigo 4.0 Nitrilhandskar \u2013 Large 200st\/pack - Nordiclabsupplies.com\",\"isPartOf\":{\"@id\":\"https:\/\/nordiclabsupplies.com\/#website\"},\"primaryImageOfPage\":{\"@id\":\"https:\/\/nordiclabsupplies.com\/produkt\/fisherbrand-indigo-4-0-nitrilhandskar-large-200st-pack\/#primaryimage\"},\"image\":{\"@id\":\"https:\/\/nordiclabsupplies.com\/produkt\/fisherbrand-indigo-4-0-nitrilhandskar-large-200st-pack\/#primaryimage\"},\"thumbnailUrl\":\"https:\/\/nordiclabsupplies.com\/wp-content\/uploads\/2025\/04\/MDB.jpg-650.jpg\",\"datePublished\":\"2025-04-03T11:27:56+00:00\",\"dateModified\":\"2026-02-25T07:26:34+00:00\",\"breadcrumb\":{\"@id\":\"https:\/\/nordiclabsupplies.com\/produkt\/fisherbrand-indigo-4-0-nitrilhandskar-large-200st-pack\/#breadcrumb\"},\"inLanguage\":\"en-US\",\"potentialAction\":[{\"@type\":\"ReadAction\",\"target\":[\"https:\/\/nordiclabsupplies.com\/produkt\/fisherbrand-indigo-4-0-nitrilhandskar-large-200st-pack\/\"]}]},{\"@type\":\"ImageObject\",\"inLanguage\":\"en-US\",\"@id\":\"https:\/\/nordiclabsupplies.com\/produkt\/fisherbrand-indigo-4-0-nitrilhandskar-large-200st-pack\/#primaryimage\",\"url\":\"https:\/\/nordiclabsupplies.com\/wp-content\/uploads\/2025\/04\/MDB.jpg-650.jpg\",\"contentUrl\":\"https:\/\/nordiclabsupplies.com\/wp-content\/uploads\/2025\/04\/MDB.jpg-650.jpg\",\"width\":650,\"height\":806},{\"@type\":\"BreadcrumbList\",\"@id\":\"https:\/\/nordiclabsupplies.com\/produkt\/fisherbrand-indigo-4-0-nitrilhandskar-large-200st-pack\/#breadcrumb\",\"itemListElement\":[{\"@type\":\"ListItem\",\"position\":1,\"name\":\"Home\",\"item\":\"https:\/\/nordiclabsupplies.com\/\"},{\"@type\":\"ListItem\",\"position\":2,\"name\":\"Butik\",\"item\":\"https:\/\/nordiclabsupplies.com\/butik\/\"},{\"@type\":\"ListItem\",\"position\":3,\"name\":\"Fisherbrand\u2122 Indigo 4.0 Nitrilhandskar \u2013 Large 200st\/pack\"}]},{\"@type\":\"WebSite\",\"@id\":\"https:\/\/nordiclabsupplies.com\/#website\",\"url\":\"https:\/\/nordiclabsupplies.com\/\",\"name\":\"Nordiclabsupplies.com\",\"description\":\"\",\"potentialAction\":[{\"@type\":\"SearchAction\",\"target\":{\"@type\":\"EntryPoint\",\"urlTemplate\":\"https:\/\/nordiclabsupplies.com\/?s={search_term_string}\"},\"query-input\":{\"@type\":\"PropertyValueSpecification\",\"valueRequired\":true,\"valueName\":\"search_term_string\"}}],\"inLanguage\":\"en-US\"}]}<\/script>\n<meta property=\"product:price:amount\" content=\"545.00\" \/>\n<meta property=\"product:price:currency\" content=\"SEK\" \/>\n<meta property=\"og:availability\" content=\"out of stock\" \/>\n<meta property=\"product:availability\" content=\"out of stock\" \/>\n<meta property=\"product:retailer_item_id\" content=\"17939980L\" \/>\n<meta property=\"product:condition\" content=\"new\" \/>\n<!-- \/ Yoast SEO Premium plugin. -->","yoast_head_json":{"title":"Fisherbrand\u2122 Indigo 4.0 Nitrilhandskar \u2013 Large 200st\/pack - Nordiclabsupplies.com","robots":{"index":"index","follow":"follow","max-snippet":"max-snippet:-1","max-image-preview":"max-image-preview:large","max-video-preview":"max-video-preview:-1"},"canonical":"https:\/\/nordiclabsupplies.com\/en\/product\/fisherbrand-indigo-4-0-nitrile-gloves-large-200pc-pack\/","og_locale":"en_US","og_type":"article","og_title":"Fisherbrand\u2122 Indigo 4.0 Nitrilhandskar \u2013 Large 200st\/pack","og_description":"Fisherbrand\u2122 Indigo 4.0 nitrilhandskar \u00e4r perfekta f\u00f6r rutinm\u00e4ssigt laboratoriearbete och allm\u00e4n anv\u00e4ndning d\u00e4r tillf\u00f6rlitligt skydd och komfort \u00e4r avg\u00f6rande. Handskarna \u00e4r tillverkade i slitstark nitril och har texturerade fingertoppar f\u00f6r ett s\u00e4kert grepp \u2013 \u00e4ven vid hantering av v\u00e5ta eller hala f\u00f6rem\u00e5l. De \u00e4r icke-sterila, puderfria och klassificerade som typ B-skyddshandskar, vilket inneb\u00e4r ett bra [&hellip;]","og_url":"https:\/\/nordiclabsupplies.com\/en\/product\/fisherbrand-indigo-4-0-nitrile-gloves-large-200pc-pack\/","og_site_name":"Nordiclabsupplies.com","article_modified_time":"2026-02-25T07:26:34+00:00","og_image":[{"width":650,"height":806,"url":"https:\/\/nordiclabsupplies.com\/wp-content\/uploads\/2025\/04\/MDB.jpg-650.jpg","type":"image\/jpeg"}],"twitter_card":"summary_large_image","twitter_misc":{"Price":"545,00&nbsp;&#107;&#114;","Availability":"Out of stock"},"schema":{"@context":"https:\/\/schema.org","@graph":[{"@type":"WebPage","@id":"https:\/\/nordiclabsupplies.com\/produkt\/fisherbrand-indigo-4-0-nitrilhandskar-large-200st-pack\/","url":"https:\/\/nordiclabsupplies.com\/produkt\/fisherbrand-indigo-4-0-nitrilhandskar-large-200st-pack\/","name":"Fisherbrand\u2122 Indigo 4.0 Nitrilhandskar \u2013 Large 200st\/pack - Nordiclabsupplies.com","isPartOf":{"@id":"https:\/\/nordiclabsupplies.com\/#website"},"primaryImageOfPage":{"@id":"https:\/\/nordiclabsupplies.com\/produkt\/fisherbrand-indigo-4-0-nitrilhandskar-large-200st-pack\/#primaryimage"},"image":{"@id":"https:\/\/nordiclabsupplies.com\/produkt\/fisherbrand-indigo-4-0-nitrilhandskar-large-200st-pack\/#primaryimage"},"thumbnailUrl":"https:\/\/nordiclabsupplies.com\/wp-content\/uploads\/2025\/04\/MDB.jpg-650.jpg","datePublished":"2025-04-03T11:27:56+00:00","dateModified":"2026-02-25T07:26:34+00:00","breadcrumb":{"@id":"https:\/\/nordiclabsupplies.com\/produkt\/fisherbrand-indigo-4-0-nitrilhandskar-large-200st-pack\/#breadcrumb"},"inLanguage":"en-US","potentialAction":[{"@type":"ReadAction","target":["https:\/\/nordiclabsupplies.com\/produkt\/fisherbrand-indigo-4-0-nitrilhandskar-large-200st-pack\/"]}]},{"@type":"ImageObject","inLanguage":"en-US","@id":"https:\/\/nordiclabsupplies.com\/produkt\/fisherbrand-indigo-4-0-nitrilhandskar-large-200st-pack\/#primaryimage","url":"https:\/\/nordiclabsupplies.com\/wp-content\/uploads\/2025\/04\/MDB.jpg-650.jpg","contentUrl":"https:\/\/nordiclabsupplies.com\/wp-content\/uploads\/2025\/04\/MDB.jpg-650.jpg","width":650,"height":806},{"@type":"BreadcrumbList","@id":"https:\/\/nordiclabsupplies.com\/produkt\/fisherbrand-indigo-4-0-nitrilhandskar-large-200st-pack\/#breadcrumb","itemListElement":[{"@type":"ListItem","position":1,"name":"Home","item":"https:\/\/nordiclabsupplies.com\/"},{"@type":"ListItem","position":2,"name":"Butik","item":"https:\/\/nordiclabsupplies.com\/butik\/"},{"@type":"ListItem","position":3,"name":"Fisherbrand\u2122 Indigo 4.0 Nitrilhandskar \u2013 Large 200st\/pack"}]},{"@type":"WebSite","@id":"https:\/\/nordiclabsupplies.com\/#website","url":"https:\/\/nordiclabsupplies.com\/","name":"Nordiclabsupplies.com","description":"","potentialAction":[{"@type":"SearchAction","target":{"@type":"EntryPoint","urlTemplate":"https:\/\/nordiclabsupplies.com\/?s={search_term_string}"},"query-input":{"@type":"PropertyValueSpecification","valueRequired":true,"valueName":"search_term_string"}}],"inLanguage":"en-US"}]},"product_price_amount":"545.00","product_price_currency":"SEK","og_availability":"out of stock","product_availability":"out of stock","product_retailer_item_id":"17939980L","product_condition":"new"},"_links":{"self":[{"href":"https:\/\/nordiclabsupplies.com\/en\/wp-json\/wp\/v2\/product\/1202","targetHints":{"allow":["GET"]}}],"collection":[{"href":"https:\/\/nordiclabsupplies.com\/en\/wp-json\/wp\/v2\/product"}],"about":[{"href":"https:\/\/nordiclabsupplies.com\/en\/wp-json\/wp\/v2\/types\/product"}],"replies":[{"embeddable":true,"href":"https:\/\/nordiclabsupplies.com\/en\/wp-json\/wp\/v2\/comments?post=1202"}],"wp:featuredmedia":[{"embeddable":true,"href":"https:\/\/nordiclabsupplies.com\/en\/wp-json\/wp\/v2\/media\/1198"}],"wp:attachment":[{"href":"https:\/\/nordiclabsupplies.com\/en\/wp-json\/wp\/v2\/media?parent=1202"}],"wp:term":[{"taxonomy":"product_brand","embeddable":true,"href":"https:\/\/nordiclabsupplies.com\/en\/wp-json\/wp\/v2\/product_brand?post=1202"},{"taxonomy":"product_cat","embeddable":true,"href":"https:\/\/nordiclabsupplies.com\/en\/wp-json\/wp\/v2\/product_cat?post=1202"},{"taxonomy":"product_tag","embeddable":true,"href":"https:\/\/nordiclabsupplies.com\/en\/wp-json\/wp\/v2\/product_tag?post=1202"}],"curies":[{"name":"wp","href":"https:\/\/api.w.org\/{rel}","templated":true}]}}