{"id":1219,"date":"2025-04-05T08:34:20","date_gmt":"2025-04-05T07:34:20","guid":{"rendered":"https:\/\/nordiclabsupplies.com\/?post_type=product&#038;p=1219"},"modified":"2025-08-23T21:46:37","modified_gmt":"2025-08-23T20:46:37","slug":"kikkoman-lumitester-smart-snabb-och-tillforlitlig-hygienkontroll","status":"publish","type":"product","link":"https:\/\/nordiclabsupplies.com\/en\/product\/kikkoman-lumitester-smart-fast-and-reliable-hygiene-check\/","title":{"rendered":"Kikkoman Lumitester Smart \u2013 Fast and reliable hygiene check"},"content":{"rendered":"<h3 class=\"\" data-start=\"226\" data-end=\"300\"><strong data-start=\"230\" data-end=\"300\">Kikkoman Lumitester Smart \u2013 Fast and reliable hygiene check<\/strong><\/h3>\n<p class=\"\" data-start=\"302\" data-end=\"652\"><strong data-start=\"302\" data-end=\"329\">Fast. Smooth. Smart.<\/strong><br data-start=\"329\" data-end=\"332\" \/>The Kikkoman Lumitester Smart is a portable ATP\/AMP hygiene monitoring meter that delivers fast and accurate results in just 10 seconds. By measuring organic residue with high sensitivity (down to 10\u207b\u00b9\u2075 moles of ATP per test), it gives you a direct value of cleanliness via <strong data-start=\"622\" data-end=\"651\">RLU (Relative Light Unit)<\/strong>.<\/p>\n<p class=\"\" data-start=\"654\" data-end=\"801\">Perfect for checking surfaces, machines and environments where hygiene is crucial \u2013 for example in food, healthcare, pharmaceuticals, cosmetics and sterile production.<\/p>\n<hr class=\"\" data-start=\"803\" data-end=\"806\" \/>\n<h4 class=\"\" data-start=\"808\" data-end=\"831\">\u2699\ufe0f <strong data-start=\"816\" data-end=\"831\">Features:<\/strong><\/h4>\n<ul data-start=\"832\" data-end=\"1208\">\n<li class=\"\" data-start=\"832\" data-end=\"918\">\n<p class=\"\" data-start=\"834\" data-end=\"918\"><strong data-start=\"834\" data-end=\"863\">Extremely sensitive detection<\/strong> \u2013 detects microscopic traces of organic material<\/p>\n<\/li>\n<li class=\"\" data-start=\"919\" data-end=\"965\">\n<p class=\"\" data-start=\"921\" data-end=\"965\"><strong data-start=\"921\" data-end=\"937\">Fast measurement time<\/strong> \u2013 results in 10 seconds<\/p>\n<\/li>\n<li class=\"\" data-start=\"966\" data-end=\"1030\">\n<p class=\"\" data-start=\"968\" data-end=\"1030\"><strong data-start=\"968\" data-end=\"988\">Easy to use<\/strong> \u2013 easy reading via app (iOS\/Android)<\/p>\n<\/li>\n<li class=\"\" data-start=\"1031\" data-end=\"1095\">\n<p class=\"\" data-start=\"1033\" data-end=\"1095\"><strong data-start=\"1033\" data-end=\"1055\">Portable &amp; wireless<\/strong> \u2013 powered by rechargeable batteries<\/p>\n<\/li>\n<li class=\"\" data-start=\"1096\" data-end=\"1143\">\n<p class=\"\" data-start=\"1098\" data-end=\"1143\"><strong data-start=\"1098\" data-end=\"1117\">Compact size<\/strong> \u2013 weighs only 255 grams<\/p>\n<\/li>\n<li class=\"\" data-start=\"1144\" data-end=\"1208\">\n<p class=\"\" data-start=\"1146\" data-end=\"1208\"><strong data-start=\"1146\" data-end=\"1167\">Data display in RLU<\/strong> \u2013 objective comparison of purity levels<\/p>\n<\/li>\n<\/ul>\n<hr class=\"\" data-start=\"1210\" data-end=\"1213\" \/>\n<h4 class=\"\" data-start=\"1215\" data-end=\"1243\">\ud83d\udce6 <strong data-start=\"1223\" data-end=\"1243\">In the package:<\/strong><\/h4>\n<ul data-start=\"1244\" data-end=\"1374\">\n<li class=\"\" data-start=\"1244\" data-end=\"1270\">\n<p class=\"\" data-start=\"1246\" data-end=\"1270\">Lumitester Smart device<\/p>\n<\/li>\n<li class=\"\" data-start=\"1271\" data-end=\"1296\">\n<p class=\"\" data-start=\"1273\" data-end=\"1296\"><strong data-start=\"1273\" data-end=\"1294\">2 AA batteries<\/strong><\/p>\n<\/li>\n<li class=\"\" data-start=\"1297\" data-end=\"1327\">\n<p class=\"\" data-start=\"1299\" data-end=\"1327\"><strong data-start=\"1299\" data-end=\"1325\">3 cleaning brushes<\/strong><\/p>\n<\/li>\n<li class=\"\" data-start=\"1328\" data-end=\"1345\">\n<p class=\"\" data-start=\"1330\" data-end=\"1345\"><strong data-start=\"1330\" data-end=\"1343\">USB cable<\/strong><\/p>\n<\/li>\n<li class=\"\" data-start=\"1346\" data-end=\"1361\">\n<p class=\"\" data-start=\"1348\" data-end=\"1361\"><strong data-start=\"1348\" data-end=\"1359\">Wrist strap<\/strong><\/p>\n<\/li>\n<li class=\"\" data-start=\"1362\" data-end=\"1374\">\n<p class=\"\" data-start=\"1364\" data-end=\"1374\"><strong data-start=\"1364\" data-end=\"1374\">Manual<\/strong><\/p>\n<\/li>\n<\/ul>\n<hr class=\"\" data-start=\"1376\" data-end=\"1379\" \/>\n<h4 class=\"\" data-start=\"1381\" data-end=\"1413\">\ud83d\udcd0 <strong data-start=\"1389\" data-end=\"1413\">Technical information:<\/strong><\/h4>\n<div class=\"overflow-x-auto contain-inline-size\">\n<table data-start=\"1415\" data-end=\"1872\">\n<thead data-start=\"1415\" data-end=\"1470\">\n<tr data-start=\"1415\" data-end=\"1470\">\n<th data-start=\"1415\" data-end=\"1440\">Specification<\/th>\n<th data-start=\"1440\" data-end=\"1470\">Value<\/th>\n<\/tr>\n<\/thead>\n<tbody data-start=\"1527\" data-end=\"1872\">\n<tr data-start=\"1527\" data-end=\"1583\">\n<td>Detection limit<\/td>\n<td>10\u207b\u00b9\u2075 moles of ATP\/test<\/td>\n<\/tr>\n<tr data-start=\"1584\" data-end=\"1639\">\n<td>Measurement time<\/td>\n<td>10 seconds<\/td>\n<\/tr>\n<tr data-start=\"1640\" data-end=\"1695\">\n<td>Output<\/td>\n<td>RLU (Relative Light Unit)<\/td>\n<\/tr>\n<tr data-start=\"1696\" data-end=\"1760\">\n<td>Power source<\/td>\n<td>AA batteries (alkaline or NiMH)<\/td>\n<\/tr>\n<tr data-start=\"1761\" data-end=\"1816\">\n<td>Measure<\/td>\n<td>65 x 175 x 32 mm<\/td>\n<\/tr>\n<tr data-start=\"1817\" data-end=\"1872\">\n<td>Weight<\/td>\n<td>255 g (excl. batteries)<\/td>\n<\/tr>\n<\/tbody>\n<\/table>\n<\/div>\n<hr class=\"\" data-start=\"1874\" data-end=\"1877\" \/>\n<p class=\"\" data-start=\"1879\" data-end=\"1917\">\u2705 <strong data-start=\"1881\" data-end=\"1915\">Why choose Lumitester Smart?<\/strong><\/p>\n<ul data-start=\"1918\" data-end=\"2092\">\n<li class=\"\" data-start=\"1918\" data-end=\"1955\">\n<p class=\"\" data-start=\"1920\" data-end=\"1955\">Fast, real-time hygiene verification<\/p>\n<\/li>\n<li class=\"\" data-start=\"1956\" data-end=\"2005\">\n<p class=\"\" data-start=\"1958\" data-end=\"2005\">Helps you comply with HACCP and hygiene procedures<\/p>\n<\/li>\n<li class=\"\" data-start=\"2006\" data-end=\"2092\">\n<p class=\"\" data-start=\"2008\" data-end=\"2092\">Perfect complement to steam cleaners like EVO 304 DET for visual <strong data-start=\"2071\" data-end=\"2078\">and<\/strong> measurable purity<\/p>\n<\/li>\n<\/ul>","protected":false},"excerpt":{"rendered":"<p>Kikkoman Lumitester Smart \u2013 Fast and reliable hygiene control Fast. Convenient. Smart.Kikkoman Lumitester Smart is a portable measuring instrument for ATP\/AMP hygiene control that delivers fast and accurate results in just 10 seconds. By measuring organic material residues with high sensitivity (down to 10\u207b\u00b9\u2075 moles of ATP per test), it gives you a direct value of cleanliness via [\u2026]<\/p>","protected":false},"featured_media":1221,"comment_status":"open","ping_status":"closed","template":"","meta":{"_acf_changed":false},"product_brand":[],"product_cat":[41],"product_tag":[],"class_list":{"0":"post-1219","1":"product","2":"type-product","3":"status-publish","4":"has-post-thumbnail","6":"product_cat-rengoring","8":"first","9":"instock","10":"taxable","11":"shipping-taxable","12":"purchasable","13":"product-type-simple"},"acf":[],"yoast_head":"<!-- This site is optimized with the Yoast SEO plugin v27.4 - https:\/\/yoast.com\/product\/yoast-seo-wordpress\/ -->\n<title>Kikkoman Lumitester Smart \u2013 Snabb och tillf\u00f6rlitlig hygienkontroll - Nordiclabsupplies.com<\/title>\n<meta name=\"robots\" content=\"index, follow, max-snippet:-1, max-image-preview:large, max-video-preview:-1\" \/>\n<link rel=\"canonical\" href=\"https:\/\/nordiclabsupplies.com\/en\/product\/kikkoman-lumitester-smart-fast-and-reliable-hygiene-check\/\" \/>\n<meta property=\"og:locale\" content=\"en_US\" \/>\n<meta property=\"og:type\" content=\"article\" \/>\n<meta property=\"og:title\" content=\"Kikkoman Lumitester Smart \u2013 Snabb och tillf\u00f6rlitlig hygienkontroll - Nordiclabsupplies.com\" \/>\n<meta property=\"og:description\" content=\"Kikkoman Lumitester Smart \u2013 Snabb och tillf\u00f6rlitlig hygienkontroll Snabbt. Smidigt. Smart.Kikkoman Lumitester Smart \u00e4r ett b\u00e4rbart m\u00e4tinstrument f\u00f6r ATP\/AMP-hygienkontroll som levererar snabba och exakta resultat p\u00e5 bara 10 sekunder. Genom att m\u00e4ta rester av organiskt material med h\u00f6g k\u00e4nslighet (ned till 10\u207b\u00b9\u2075 mol ATP per test), ger den dig ett direkt v\u00e4rde p\u00e5 renligheten via [&hellip;]\" \/>\n<meta property=\"og:url\" content=\"https:\/\/nordiclabsupplies.com\/en\/product\/kikkoman-lumitester-smart-fast-and-reliable-hygiene-check\/\" \/>\n<meta property=\"og:site_name\" content=\"Nordiclabsupplies.com\" \/>\n<meta property=\"article:modified_time\" content=\"2025-08-23T20:46:37+00:00\" \/>\n<meta property=\"og:image\" content=\"https:\/\/nordiclabsupplies.com\/wp-content\/uploads\/2025\/04\/Lumitester-Smart-och-Lucipac-A3.jpg\" \/>\n\t<meta property=\"og:image:width\" content=\"450\" \/>\n\t<meta property=\"og:image:height\" content=\"450\" \/>\n\t<meta property=\"og:image:type\" content=\"image\/jpeg\" \/>\n<meta name=\"twitter:card\" content=\"summary_large_image\" \/>\n<meta name=\"twitter:label1\" content=\"Est. reading time\" \/>\n\t<meta name=\"twitter:data1\" content=\"2 minutes\" \/>\n<script type=\"application\/ld+json\" class=\"yoast-schema-graph\">{\"@context\":\"https:\\\/\\\/schema.org\",\"@graph\":[{\"@type\":\"WebPage\",\"@id\":\"https:\\\/\\\/nordiclabsupplies.com\\\/produkt\\\/kikkoman-lumitester-smart-snabb-och-tillforlitlig-hygienkontroll\\\/\",\"url\":\"https:\\\/\\\/nordiclabsupplies.com\\\/produkt\\\/kikkoman-lumitester-smart-snabb-och-tillforlitlig-hygienkontroll\\\/\",\"name\":\"Kikkoman Lumitester Smart \u2013 Snabb och tillf\u00f6rlitlig hygienkontroll - Nordiclabsupplies.com\",\"isPartOf\":{\"@id\":\"https:\\\/\\\/nordiclabsupplies.com\\\/#website\"},\"primaryImageOfPage\":{\"@id\":\"https:\\\/\\\/nordiclabsupplies.com\\\/produkt\\\/kikkoman-lumitester-smart-snabb-och-tillforlitlig-hygienkontroll\\\/#primaryimage\"},\"image\":{\"@id\":\"https:\\\/\\\/nordiclabsupplies.com\\\/produkt\\\/kikkoman-lumitester-smart-snabb-och-tillforlitlig-hygienkontroll\\\/#primaryimage\"},\"thumbnailUrl\":\"https:\\\/\\\/nordiclabsupplies.com\\\/wp-content\\\/uploads\\\/2025\\\/04\\\/Lumitester-Smart-och-Lucipac-A3.jpg\",\"datePublished\":\"2025-04-05T07:34:20+00:00\",\"dateModified\":\"2025-08-23T20:46:37+00:00\",\"breadcrumb\":{\"@id\":\"https:\\\/\\\/nordiclabsupplies.com\\\/produkt\\\/kikkoman-lumitester-smart-snabb-och-tillforlitlig-hygienkontroll\\\/#breadcrumb\"},\"inLanguage\":\"en-US\",\"potentialAction\":[{\"@type\":\"ReadAction\",\"target\":[\"https:\\\/\\\/nordiclabsupplies.com\\\/produkt\\\/kikkoman-lumitester-smart-snabb-och-tillforlitlig-hygienkontroll\\\/\"]}]},{\"@type\":\"ImageObject\",\"inLanguage\":\"en-US\",\"@id\":\"https:\\\/\\\/nordiclabsupplies.com\\\/produkt\\\/kikkoman-lumitester-smart-snabb-och-tillforlitlig-hygienkontroll\\\/#primaryimage\",\"url\":\"https:\\\/\\\/nordiclabsupplies.com\\\/wp-content\\\/uploads\\\/2025\\\/04\\\/Lumitester-Smart-och-Lucipac-A3.jpg\",\"contentUrl\":\"https:\\\/\\\/nordiclabsupplies.com\\\/wp-content\\\/uploads\\\/2025\\\/04\\\/Lumitester-Smart-och-Lucipac-A3.jpg\",\"width\":450,\"height\":450},{\"@type\":\"BreadcrumbList\",\"@id\":\"https:\\\/\\\/nordiclabsupplies.com\\\/produkt\\\/kikkoman-lumitester-smart-snabb-och-tillforlitlig-hygienkontroll\\\/#breadcrumb\",\"itemListElement\":[{\"@type\":\"ListItem\",\"position\":1,\"name\":\"Home\",\"item\":\"https:\\\/\\\/nordiclabsupplies.com\\\/\"},{\"@type\":\"ListItem\",\"position\":2,\"name\":\"Butik\",\"item\":\"https:\\\/\\\/nordiclabsupplies.com\\\/butik\\\/\"},{\"@type\":\"ListItem\",\"position\":3,\"name\":\"Kikkoman Lumitester Smart \u2013 Snabb och tillf\u00f6rlitlig hygienkontroll\"}]},{\"@type\":\"WebSite\",\"@id\":\"https:\\\/\\\/nordiclabsupplies.com\\\/#website\",\"url\":\"https:\\\/\\\/nordiclabsupplies.com\\\/\",\"name\":\"Nordiclabsupplies.com\",\"description\":\"\",\"potentialAction\":[{\"@type\":\"SearchAction\",\"target\":{\"@type\":\"EntryPoint\",\"urlTemplate\":\"https:\\\/\\\/nordiclabsupplies.com\\\/?s={search_term_string}\"},\"query-input\":{\"@type\":\"PropertyValueSpecification\",\"valueRequired\":true,\"valueName\":\"search_term_string\"}}],\"inLanguage\":\"en-US\"}]}<\/script>\n<!-- \/ Yoast SEO plugin. -->","yoast_head_json":{"title":"Kikkoman Lumitester Smart \u2013 Snabb och tillf\u00f6rlitlig hygienkontroll - Nordiclabsupplies.com","robots":{"index":"index","follow":"follow","max-snippet":"max-snippet:-1","max-image-preview":"max-image-preview:large","max-video-preview":"max-video-preview:-1"},"canonical":"https:\/\/nordiclabsupplies.com\/en\/product\/kikkoman-lumitester-smart-fast-and-reliable-hygiene-check\/","og_locale":"en_US","og_type":"article","og_title":"Kikkoman Lumitester Smart \u2013 Snabb och tillf\u00f6rlitlig hygienkontroll - Nordiclabsupplies.com","og_description":"Kikkoman Lumitester Smart \u2013 Snabb och tillf\u00f6rlitlig hygienkontroll Snabbt. Smidigt. Smart.Kikkoman Lumitester Smart \u00e4r ett b\u00e4rbart m\u00e4tinstrument f\u00f6r ATP\/AMP-hygienkontroll som levererar snabba och exakta resultat p\u00e5 bara 10 sekunder. Genom att m\u00e4ta rester av organiskt material med h\u00f6g k\u00e4nslighet (ned till 10\u207b\u00b9\u2075 mol ATP per test), ger den dig ett direkt v\u00e4rde p\u00e5 renligheten via [&hellip;]","og_url":"https:\/\/nordiclabsupplies.com\/en\/product\/kikkoman-lumitester-smart-fast-and-reliable-hygiene-check\/","og_site_name":"Nordiclabsupplies.com","article_modified_time":"2025-08-23T20:46:37+00:00","og_image":[{"width":450,"height":450,"url":"https:\/\/nordiclabsupplies.com\/wp-content\/uploads\/2025\/04\/Lumitester-Smart-och-Lucipac-A3.jpg","type":"image\/jpeg"}],"twitter_card":"summary_large_image","twitter_misc":{"Est. reading time":"2 minutes"},"schema":{"@context":"https:\/\/schema.org","@graph":[{"@type":"WebPage","@id":"https:\/\/nordiclabsupplies.com\/produkt\/kikkoman-lumitester-smart-snabb-och-tillforlitlig-hygienkontroll\/","url":"https:\/\/nordiclabsupplies.com\/produkt\/kikkoman-lumitester-smart-snabb-och-tillforlitlig-hygienkontroll\/","name":"Kikkoman Lumitester Smart \u2013 Snabb och tillf\u00f6rlitlig hygienkontroll - Nordiclabsupplies.com","isPartOf":{"@id":"https:\/\/nordiclabsupplies.com\/#website"},"primaryImageOfPage":{"@id":"https:\/\/nordiclabsupplies.com\/produkt\/kikkoman-lumitester-smart-snabb-och-tillforlitlig-hygienkontroll\/#primaryimage"},"image":{"@id":"https:\/\/nordiclabsupplies.com\/produkt\/kikkoman-lumitester-smart-snabb-och-tillforlitlig-hygienkontroll\/#primaryimage"},"thumbnailUrl":"https:\/\/nordiclabsupplies.com\/wp-content\/uploads\/2025\/04\/Lumitester-Smart-och-Lucipac-A3.jpg","datePublished":"2025-04-05T07:34:20+00:00","dateModified":"2025-08-23T20:46:37+00:00","breadcrumb":{"@id":"https:\/\/nordiclabsupplies.com\/produkt\/kikkoman-lumitester-smart-snabb-och-tillforlitlig-hygienkontroll\/#breadcrumb"},"inLanguage":"en-US","potentialAction":[{"@type":"ReadAction","target":["https:\/\/nordiclabsupplies.com\/produkt\/kikkoman-lumitester-smart-snabb-och-tillforlitlig-hygienkontroll\/"]}]},{"@type":"ImageObject","inLanguage":"en-US","@id":"https:\/\/nordiclabsupplies.com\/produkt\/kikkoman-lumitester-smart-snabb-och-tillforlitlig-hygienkontroll\/#primaryimage","url":"https:\/\/nordiclabsupplies.com\/wp-content\/uploads\/2025\/04\/Lumitester-Smart-och-Lucipac-A3.jpg","contentUrl":"https:\/\/nordiclabsupplies.com\/wp-content\/uploads\/2025\/04\/Lumitester-Smart-och-Lucipac-A3.jpg","width":450,"height":450},{"@type":"BreadcrumbList","@id":"https:\/\/nordiclabsupplies.com\/produkt\/kikkoman-lumitester-smart-snabb-och-tillforlitlig-hygienkontroll\/#breadcrumb","itemListElement":[{"@type":"ListItem","position":1,"name":"Home","item":"https:\/\/nordiclabsupplies.com\/"},{"@type":"ListItem","position":2,"name":"Butik","item":"https:\/\/nordiclabsupplies.com\/butik\/"},{"@type":"ListItem","position":3,"name":"Kikkoman Lumitester Smart \u2013 Snabb och tillf\u00f6rlitlig hygienkontroll"}]},{"@type":"WebSite","@id":"https:\/\/nordiclabsupplies.com\/#website","url":"https:\/\/nordiclabsupplies.com\/","name":"Nordiclabsupplies.com","description":"","potentialAction":[{"@type":"SearchAction","target":{"@type":"EntryPoint","urlTemplate":"https:\/\/nordiclabsupplies.com\/?s={search_term_string}"},"query-input":{"@type":"PropertyValueSpecification","valueRequired":true,"valueName":"search_term_string"}}],"inLanguage":"en-US"}]}},"_links":{"self":[{"href":"https:\/\/nordiclabsupplies.com\/en\/wp-json\/wp\/v2\/product\/1219","targetHints":{"allow":["GET"]}}],"collection":[{"href":"https:\/\/nordiclabsupplies.com\/en\/wp-json\/wp\/v2\/product"}],"about":[{"href":"https:\/\/nordiclabsupplies.com\/en\/wp-json\/wp\/v2\/types\/product"}],"replies":[{"embeddable":true,"href":"https:\/\/nordiclabsupplies.com\/en\/wp-json\/wp\/v2\/comments?post=1219"}],"wp:featuredmedia":[{"embeddable":true,"href":"https:\/\/nordiclabsupplies.com\/en\/wp-json\/wp\/v2\/media\/1221"}],"wp:attachment":[{"href":"https:\/\/nordiclabsupplies.com\/en\/wp-json\/wp\/v2\/media?parent=1219"}],"wp:term":[{"taxonomy":"product_brand","embeddable":true,"href":"https:\/\/nordiclabsupplies.com\/en\/wp-json\/wp\/v2\/product_brand?post=1219"},{"taxonomy":"product_cat","embeddable":true,"href":"https:\/\/nordiclabsupplies.com\/en\/wp-json\/wp\/v2\/product_cat?post=1219"},{"taxonomy":"product_tag","embeddable":true,"href":"https:\/\/nordiclabsupplies.com\/en\/wp-json\/wp\/v2\/product_tag?post=1219"}],"curies":[{"name":"wp","href":"https:\/\/api.w.org\/{rel}","templated":true}]}}