{"id":138,"date":"2024-05-29T14:41:39","date_gmt":"2024-05-29T13:41:39","guid":{"rendered":"https:\/\/nordiclab.webgiantdemo.se\/produkt\/20mm-flip-top-bla\/"},"modified":"2025-12-01T16:15:08","modified_gmt":"2025-12-01T15:15:08","slug":"20mm-flip-top-bla","status":"publish","type":"product","link":"https:\/\/nordiclabsupplies.com\/en\/product\/20mm-flip-top-blah\/","title":{"rendered":"20MM Flip Top Seals Blue\/Silver, 1000-Pack"},"content":{"rendered":"<p><strong>Number:<\/strong> 1000 pieces<br \/>\n<strong>Size:<\/strong> 20mm<br \/>\n<strong>Aluminum color:<\/strong> Silver<br \/>\n<strong>Flip Top Cap Color:<\/strong> Blue<\/p>\n<p>These 20mm Flip Top Seals are your solution for secure and leak-free sealing. They are designed to fit bottles with an outer diameter of 20mm, and this pack contains 1000 seals.<\/p>\n<p><strong>Main features:<\/strong><\/p>\n<ul>\n<li><strong>Secure Seal:<\/strong> These seals offer a reliable and secure seal to protect the contents of the bottles. For optimal tightness, it is recommended to use rubber tops together with the seals. You find them <span style=\"color: #0000ff;\"><a style=\"color: #0000ff;\" href=\"https:\/\/nordiclabsupplies.com\/en\/product\/injection-stopper-sterile-20mm-2000pcs\/\" target=\"_new\" rel=\"noopener\">here<\/a><\/span>.<\/li>\n<li><strong>Easy Application:<\/strong> Compatible with our 20mm Flip Top Crimper tool, making them easy to apply efficiently. You can find the tool <span style=\"color: #0000ff;\"><a style=\"color: #0000ff;\" href=\"https:\/\/nordiclabsupplies.com\/en\/product\/crimper-for-20mm-flip-tops\/\" target=\"_new\" rel=\"noopener\">here<\/a><\/span>.<\/li>\n<li><strong>Distinctive Appearance:<\/strong> The silver-colored aluminum ring together with the blue flip top lid provides both functionality and a characteristic appearance.<\/li>\n<li><strong>Versatile Compatibility:<\/strong> These seals perfectly fit all serum bottles with an outer diameter of 20 mm on the neck.<\/li>\n<\/ul>\n<p>Regardless of your industry, be it laboratory, pharmacy or any other area that requires reliable seals, these 20mm Flip Top seals ensure the protection and integrity of the bottle&#039;s contents.<\/p>\n<p><strong>Note:<\/strong> This package contains seals with blue flip top caps. To ensure optimal tightness, use together with rubber tops. If you prefer a different color, see our other options<\/p>","protected":false},"excerpt":{"rendered":"<p>Quantity: 1000 pieces Size: 20mm Aluminum Color: Silver Flip Top Cap Color: Blue These 20mm Flip Top Seals are your solution for secure and leak-free sealing. Designed to fit bottles with an outer diameter of 20mm, this pack contains 1000 seals. Key Features: Secure Seal: These seals offer reliable and secure [\u2026]<\/p>","protected":false},"featured_media":856,"comment_status":"open","ping_status":"closed","template":"","meta":{"_acf_changed":false},"product_brand":[],"product_cat":[48],"product_tag":[],"class_list":{"0":"post-138","1":"product","2":"type-product","3":"status-publish","4":"has-post-thumbnail","6":"product_cat-forslutningar-20-mm","8":"first","9":"instock","10":"taxable","11":"shipping-taxable","12":"purchasable","13":"product-type-simple"},"acf":[],"yoast_head":"<!-- This site is optimized with the Yoast SEO Premium plugin v22.6 (Yoast SEO v27.4) - https:\/\/yoast.com\/product\/yoast-seo-premium-wordpress\/ -->\n<title>20MM Flip Top Seals Bl\u00e5\/Silver, 1000-Pack - Nordiclabsupplies.com<\/title>\n<meta name=\"robots\" content=\"index, follow, max-snippet:-1, max-image-preview:large, max-video-preview:-1\" \/>\n<link rel=\"canonical\" href=\"https:\/\/nordiclabsupplies.com\/en\/product\/20mm-flip-top-blah\/\" \/>\n<meta property=\"og:locale\" content=\"en_US\" \/>\n<meta property=\"og:type\" content=\"article\" \/>\n<meta property=\"og:title\" content=\"20MM Flip Top Seals Bl\u00e5\/Silver, 1000-Pack\" \/>\n<meta property=\"og:description\" content=\"Antal: 1000 stycken Storlek: 20mm Aluminiumf\u00e4rg: Silver F\u00e4rg p\u00e5 Flip Top Cap: Bl\u00e5 Dessa 20 mm Flip Top-t\u00e4tningar \u00e4r din l\u00f6sning f\u00f6r s\u00e4ker och l\u00e4ckagefri f\u00f6rsegling. De \u00e4r utformade f\u00f6r att passa flaskor med en yttre diameter p\u00e5 20 mm, och denna f\u00f6rpackning inneh\u00e5ller 1000 t\u00e4tningar. Huvudfunktioner: S\u00e4ker F\u00f6rsegling: Dessa t\u00e4tningar erbjuder p\u00e5litlig och s\u00e4ker [&hellip;]\" \/>\n<meta property=\"og:url\" content=\"https:\/\/nordiclabsupplies.com\/en\/product\/20mm-flip-top-blah\/\" \/>\n<meta property=\"og:site_name\" content=\"Nordiclabsupplies.com\" \/>\n<meta property=\"article:modified_time\" content=\"2025-12-01T15:15:08+00:00\" \/>\n<meta property=\"og:image\" content=\"https:\/\/nordiclabsupplies.com\/wp-content\/uploads\/2024\/05\/0C5A0928_resultat_resultat-scaled-e1730825191439.jpg\" \/>\n\t<meta property=\"og:image:width\" content=\"1617\" \/>\n\t<meta property=\"og:image:height\" content=\"1070\" \/>\n\t<meta property=\"og:image:type\" content=\"image\/jpeg\" \/>\n<meta name=\"twitter:card\" content=\"summary_large_image\" \/>\n<meta name=\"twitter:label1\" content=\"Price\" \/>\n\t<meta name=\"twitter:data1\" content=\"1000,00&nbsp;&#107;&#114;\" \/>\n\t<meta name=\"twitter:label2\" content=\"Availability\" \/>\n\t<meta name=\"twitter:data2\" content=\"In stock\" \/>\n<script type=\"application\/ld+json\" class=\"yoast-schema-graph\">{\"@context\":\"https:\\\/\\\/schema.org\",\"@graph\":[{\"@type\":\"WebPage\",\"@id\":\"https:\\\/\\\/nordiclabsupplies.com\\\/produkt\\\/20mm-flip-top-bla\\\/\",\"url\":\"https:\\\/\\\/nordiclabsupplies.com\\\/produkt\\\/20mm-flip-top-bla\\\/\",\"name\":\"20MM Flip Top Seals Bl\u00e5\\\/Silver, 1000-Pack - Nordiclabsupplies.com\",\"isPartOf\":{\"@id\":\"https:\\\/\\\/nordiclabsupplies.com\\\/#website\"},\"primaryImageOfPage\":{\"@id\":\"https:\\\/\\\/nordiclabsupplies.com\\\/produkt\\\/20mm-flip-top-bla\\\/#primaryimage\"},\"image\":{\"@id\":\"https:\\\/\\\/nordiclabsupplies.com\\\/produkt\\\/20mm-flip-top-bla\\\/#primaryimage\"},\"thumbnailUrl\":\"https:\\\/\\\/nordiclabsupplies.com\\\/wp-content\\\/uploads\\\/2024\\\/05\\\/0C5A0928_resultat_resultat-scaled-e1730825191439.jpg\",\"datePublished\":\"2024-05-29T13:41:39+00:00\",\"dateModified\":\"2025-12-01T15:15:08+00:00\",\"breadcrumb\":{\"@id\":\"https:\\\/\\\/nordiclabsupplies.com\\\/produkt\\\/20mm-flip-top-bla\\\/#breadcrumb\"},\"inLanguage\":\"en-US\",\"potentialAction\":[{\"@type\":\"ReadAction\",\"target\":[\"https:\\\/\\\/nordiclabsupplies.com\\\/produkt\\\/20mm-flip-top-bla\\\/\"]}]},{\"@type\":\"ImageObject\",\"inLanguage\":\"en-US\",\"@id\":\"https:\\\/\\\/nordiclabsupplies.com\\\/produkt\\\/20mm-flip-top-bla\\\/#primaryimage\",\"url\":\"https:\\\/\\\/nordiclabsupplies.com\\\/wp-content\\\/uploads\\\/2024\\\/05\\\/0C5A0928_resultat_resultat-scaled-e1730825191439.jpg\",\"contentUrl\":\"https:\\\/\\\/nordiclabsupplies.com\\\/wp-content\\\/uploads\\\/2024\\\/05\\\/0C5A0928_resultat_resultat-scaled-e1730825191439.jpg\",\"width\":1617,\"height\":1070},{\"@type\":\"BreadcrumbList\",\"@id\":\"https:\\\/\\\/nordiclabsupplies.com\\\/produkt\\\/20mm-flip-top-bla\\\/#breadcrumb\",\"itemListElement\":[{\"@type\":\"ListItem\",\"position\":1,\"name\":\"Home\",\"item\":\"https:\\\/\\\/nordiclabsupplies.com\\\/\"},{\"@type\":\"ListItem\",\"position\":2,\"name\":\"Butik\",\"item\":\"https:\\\/\\\/nordiclabsupplies.com\\\/butik\\\/\"},{\"@type\":\"ListItem\",\"position\":3,\"name\":\"20MM Flip Top Seals Bl\u00e5\\\/Silver, 1000-Pack\"}]},{\"@type\":\"WebSite\",\"@id\":\"https:\\\/\\\/nordiclabsupplies.com\\\/#website\",\"url\":\"https:\\\/\\\/nordiclabsupplies.com\\\/\",\"name\":\"Nordiclabsupplies.com\",\"description\":\"\",\"potentialAction\":[{\"@type\":\"SearchAction\",\"target\":{\"@type\":\"EntryPoint\",\"urlTemplate\":\"https:\\\/\\\/nordiclabsupplies.com\\\/?s={search_term_string}\"},\"query-input\":{\"@type\":\"PropertyValueSpecification\",\"valueRequired\":true,\"valueName\":\"search_term_string\"}}],\"inLanguage\":\"en-US\"}]}<\/script>\n<meta property=\"product:price:amount\" content=\"1000.00\" \/>\n<meta property=\"product:price:currency\" content=\"SEK\" \/>\n<meta property=\"og:availability\" content=\"instock\" \/>\n<meta property=\"product:availability\" content=\"instock\" \/>\n<meta property=\"product:retailer_item_id\" content=\"F001B\" \/>\n<meta property=\"product:condition\" content=\"new\" \/>\n<!-- \/ Yoast SEO Premium plugin. -->","yoast_head_json":{"title":"20MM Flip Top Seals Bl\u00e5\/Silver, 1000-Pack - Nordiclabsupplies.com","robots":{"index":"index","follow":"follow","max-snippet":"max-snippet:-1","max-image-preview":"max-image-preview:large","max-video-preview":"max-video-preview:-1"},"canonical":"https:\/\/nordiclabsupplies.com\/en\/product\/20mm-flip-top-blah\/","og_locale":"en_US","og_type":"article","og_title":"20MM Flip Top Seals Bl\u00e5\/Silver, 1000-Pack","og_description":"Antal: 1000 stycken Storlek: 20mm Aluminiumf\u00e4rg: Silver F\u00e4rg p\u00e5 Flip Top Cap: Bl\u00e5 Dessa 20 mm Flip Top-t\u00e4tningar \u00e4r din l\u00f6sning f\u00f6r s\u00e4ker och l\u00e4ckagefri f\u00f6rsegling. De \u00e4r utformade f\u00f6r att passa flaskor med en yttre diameter p\u00e5 20 mm, och denna f\u00f6rpackning inneh\u00e5ller 1000 t\u00e4tningar. Huvudfunktioner: S\u00e4ker F\u00f6rsegling: Dessa t\u00e4tningar erbjuder p\u00e5litlig och s\u00e4ker [&hellip;]","og_url":"https:\/\/nordiclabsupplies.com\/en\/product\/20mm-flip-top-blah\/","og_site_name":"Nordiclabsupplies.com","article_modified_time":"2025-12-01T15:15:08+00:00","og_image":[{"width":1617,"height":1070,"url":"https:\/\/nordiclabsupplies.com\/wp-content\/uploads\/2024\/05\/0C5A0928_resultat_resultat-scaled-e1730825191439.jpg","type":"image\/jpeg"}],"twitter_card":"summary_large_image","twitter_misc":{"Price":"1000,00&nbsp;&#107;&#114;","Availability":"In stock"},"schema":{"@context":"https:\/\/schema.org","@graph":[{"@type":"WebPage","@id":"https:\/\/nordiclabsupplies.com\/produkt\/20mm-flip-top-bla\/","url":"https:\/\/nordiclabsupplies.com\/produkt\/20mm-flip-top-bla\/","name":"20MM Flip Top Seals Bl\u00e5\/Silver, 1000-Pack - Nordiclabsupplies.com","isPartOf":{"@id":"https:\/\/nordiclabsupplies.com\/#website"},"primaryImageOfPage":{"@id":"https:\/\/nordiclabsupplies.com\/produkt\/20mm-flip-top-bla\/#primaryimage"},"image":{"@id":"https:\/\/nordiclabsupplies.com\/produkt\/20mm-flip-top-bla\/#primaryimage"},"thumbnailUrl":"https:\/\/nordiclabsupplies.com\/wp-content\/uploads\/2024\/05\/0C5A0928_resultat_resultat-scaled-e1730825191439.jpg","datePublished":"2024-05-29T13:41:39+00:00","dateModified":"2025-12-01T15:15:08+00:00","breadcrumb":{"@id":"https:\/\/nordiclabsupplies.com\/produkt\/20mm-flip-top-bla\/#breadcrumb"},"inLanguage":"en-US","potentialAction":[{"@type":"ReadAction","target":["https:\/\/nordiclabsupplies.com\/produkt\/20mm-flip-top-bla\/"]}]},{"@type":"ImageObject","inLanguage":"en-US","@id":"https:\/\/nordiclabsupplies.com\/produkt\/20mm-flip-top-bla\/#primaryimage","url":"https:\/\/nordiclabsupplies.com\/wp-content\/uploads\/2024\/05\/0C5A0928_resultat_resultat-scaled-e1730825191439.jpg","contentUrl":"https:\/\/nordiclabsupplies.com\/wp-content\/uploads\/2024\/05\/0C5A0928_resultat_resultat-scaled-e1730825191439.jpg","width":1617,"height":1070},{"@type":"BreadcrumbList","@id":"https:\/\/nordiclabsupplies.com\/produkt\/20mm-flip-top-bla\/#breadcrumb","itemListElement":[{"@type":"ListItem","position":1,"name":"Home","item":"https:\/\/nordiclabsupplies.com\/"},{"@type":"ListItem","position":2,"name":"Butik","item":"https:\/\/nordiclabsupplies.com\/butik\/"},{"@type":"ListItem","position":3,"name":"20MM Flip Top Seals Bl\u00e5\/Silver, 1000-Pack"}]},{"@type":"WebSite","@id":"https:\/\/nordiclabsupplies.com\/#website","url":"https:\/\/nordiclabsupplies.com\/","name":"Nordiclabsupplies.com","description":"","potentialAction":[{"@type":"SearchAction","target":{"@type":"EntryPoint","urlTemplate":"https:\/\/nordiclabsupplies.com\/?s={search_term_string}"},"query-input":{"@type":"PropertyValueSpecification","valueRequired":true,"valueName":"search_term_string"}}],"inLanguage":"en-US"}]},"product_price_amount":"1000.00","product_price_currency":"SEK","og_availability":"instock","product_availability":"instock","product_retailer_item_id":"F001B","product_condition":"new"},"_links":{"self":[{"href":"https:\/\/nordiclabsupplies.com\/en\/wp-json\/wp\/v2\/product\/138","targetHints":{"allow":["GET"]}}],"collection":[{"href":"https:\/\/nordiclabsupplies.com\/en\/wp-json\/wp\/v2\/product"}],"about":[{"href":"https:\/\/nordiclabsupplies.com\/en\/wp-json\/wp\/v2\/types\/product"}],"replies":[{"embeddable":true,"href":"https:\/\/nordiclabsupplies.com\/en\/wp-json\/wp\/v2\/comments?post=138"}],"wp:featuredmedia":[{"embeddable":true,"href":"https:\/\/nordiclabsupplies.com\/en\/wp-json\/wp\/v2\/media\/856"}],"wp:attachment":[{"href":"https:\/\/nordiclabsupplies.com\/en\/wp-json\/wp\/v2\/media?parent=138"}],"wp:term":[{"taxonomy":"product_brand","embeddable":true,"href":"https:\/\/nordiclabsupplies.com\/en\/wp-json\/wp\/v2\/product_brand?post=138"},{"taxonomy":"product_cat","embeddable":true,"href":"https:\/\/nordiclabsupplies.com\/en\/wp-json\/wp\/v2\/product_cat?post=138"},{"taxonomy":"product_tag","embeddable":true,"href":"https:\/\/nordiclabsupplies.com\/en\/wp-json\/wp\/v2\/product_tag?post=138"}],"curies":[{"name":"wp","href":"https:\/\/api.w.org\/{rel}","templated":true}]}}