{"id":1491,"date":"2025-08-27T08:47:36","date_gmt":"2025-08-27T07:47:36","guid":{"rendered":"https:\/\/nordiclabsupplies.com\/?post_type=product&#038;p=1491"},"modified":"2026-02-10T14:06:47","modified_gmt":"2026-02-10T13:06:47","slug":"thermo-scientific-nalgene-rapid-flow-500ml","status":"publish","type":"product","link":"https:\/\/nordiclabsupplies.com\/en\/product\/thermo-scientific-nalgene-rapid-flow-500ml\/","title":{"rendered":"Thermo Scientific\u2122 Nalgene\u2122 Rapid-Flow\u2122 500ML"},"content":{"rendered":"<p data-start=\"454\" data-end=\"794\">These sterile disposable filter units are designed for laboratories working with liquids where high purity and safety are essential. The hydrophilic PES membrane with a pore size of 0.2 \u00b5m offers reliable sterile filtration by effectively removing bacteria and particles, while ensuring fast throughput.<\/p>\n<p data-start=\"796\" data-end=\"1126\">The filter units are supplied with a 500 mL receiver bottle, making them optimal for work with smaller volumes, such as cell cultures, buffer preparation or sera sterilization. The low protein binding value of the PES membrane makes the units particularly suitable when the function and activity of proteins must be preserved.<\/p>\n<p data-start=\"1128\" data-end=\"1324\">Because the products are sterile and disposable, the risk of contamination is reduced and time is saved in the laboratory. They are easy to handle and provide a high level of safety for routine filtration.<\/p>\n<h3 data-start=\"1326\" data-end=\"1356\">Technical specifications<\/h3>\n<ul data-start=\"1357\" data-end=\"1737\">\n<li data-start=\"1357\" data-end=\"1384\">\n<p data-start=\"1359\" data-end=\"1384\"><strong data-start=\"1359\" data-end=\"1375\">Pore diameter:<\/strong> 0.2 \u00b5m<\/p>\n<\/li>\n<li data-start=\"1385\" data-end=\"1430\">\n<p data-start=\"1387\" data-end=\"1430\"><strong data-start=\"1387\" data-end=\"1407\">Membrane material:<\/strong> PES (polyethersulfone)<\/p>\n<\/li>\n<li data-start=\"1431\" data-end=\"1461\">\n<p data-start=\"1433\" data-end=\"1461\"><strong data-start=\"1433\" data-end=\"1453\">Diaphragm diameter:<\/strong> 75mm<\/p>\n<\/li>\n<li data-start=\"1462\" data-end=\"1499\">\n<p data-start=\"1464\" data-end=\"1499\"><strong data-start=\"1464\" data-end=\"1490\">Volume, receiver bottle:<\/strong> 500 mL<\/p>\n<\/li>\n<li data-start=\"1550\" data-end=\"1652\">\n<p data-start=\"1552\" data-end=\"1652\"><strong data-start=\"1552\" data-end=\"1567\">Use:<\/strong> Sterile filtration of cell culture media, buffers, sera and other sensitive solutions<\/p>\n<\/li>\n<li data-start=\"1653\" data-end=\"1737\">\n<p data-start=\"1655\" data-end=\"1737\"><strong data-start=\"1655\" data-end=\"1670\">Features:<\/strong> Low protein binding, high flow rate, sterile and single use<\/p>\n<\/li>\n<\/ul>","protected":false},"excerpt":{"rendered":"<p>These sterile, single-use filter units are designed for laboratories working with liquids where high purity and safety are essential. The hydrophilic PES membrane with a pore size of 0.2 \u00b5m offers reliable sterile filtration by effectively removing bacteria and particles, while ensuring a fast throughput. The filter units are supplied with a 500 mL receiver bottle, making [\u2026]<\/p>","protected":false},"featured_media":1493,"comment_status":"open","ping_status":"closed","template":"","meta":{"_acf_changed":false},"product_brand":[],"product_cat":[25],"product_tag":[],"class_list":{"0":"post-1491","1":"product","2":"type-product","3":"status-publish","4":"has-post-thumbnail","6":"product_cat-filter","8":"first","9":"outofstock","10":"taxable","11":"shipping-taxable","12":"purchasable","13":"product-type-simple"},"acf":[],"yoast_head":"<!-- This site is optimized with the Yoast SEO Premium plugin v22.6 (Yoast SEO v27.1.1) - https:\/\/yoast.com\/product\/yoast-seo-premium-wordpress\/ -->\n<title>Thermo Scientific\u2122 Nalgene\u2122 Rapid-Flow\u2122 500ML - Nordiclabsupplies.com<\/title>\n<meta name=\"robots\" content=\"index, follow, max-snippet:-1, max-image-preview:large, max-video-preview:-1\" \/>\n<link rel=\"canonical\" href=\"https:\/\/nordiclabsupplies.com\/en\/product\/thermo-scientific-nalgene-rapid-flow-500ml\/\" \/>\n<meta property=\"og:locale\" content=\"en_US\" \/>\n<meta property=\"og:type\" content=\"article\" \/>\n<meta property=\"og:title\" content=\"Thermo Scientific\u2122 Nalgene\u2122 Rapid-Flow\u2122 500ML\" \/>\n<meta property=\"og:description\" content=\"Dessa sterila eng\u00e5ngsfilterenheter \u00e4r utvecklade f\u00f6r laboratorier som arbetar med v\u00e4tskor d\u00e4r h\u00f6g renhet och s\u00e4kerhet \u00e4r avg\u00f6rande. Det hydrofila PES-membranet med en porstorlek p\u00e5 0,2 \u00b5m erbjuder tillf\u00f6rlitlig steril filtrering genom att effektivt avl\u00e4gsna bakterier och partiklar, samtidigt som det s\u00e4kerst\u00e4ller en snabb genomstr\u00f6mning. Filterenheterna levereras med en mottagarflaska p\u00e5 500 mL, vilket g\u00f6r [&hellip;]\" \/>\n<meta property=\"og:url\" content=\"https:\/\/nordiclabsupplies.com\/en\/product\/thermo-scientific-nalgene-rapid-flow-500ml\/\" \/>\n<meta property=\"og:site_name\" content=\"Nordiclabsupplies.com\" \/>\n<meta property=\"article:modified_time\" content=\"2026-02-10T13:06:47+00:00\" \/>\n<meta property=\"og:image\" content=\"https:\/\/nordiclabsupplies.com\/wp-content\/uploads\/2025\/08\/5660020c-650x600.jpg-650.webp\" \/>\n\t<meta property=\"og:image:width\" content=\"650\" \/>\n\t<meta property=\"og:image:height\" content=\"600\" \/>\n\t<meta property=\"og:image:type\" content=\"image\/webp\" \/>\n<meta name=\"twitter:card\" content=\"summary_large_image\" \/>\n<meta name=\"twitter:label1\" content=\"Price\" \/>\n\t<meta name=\"twitter:data1\" content=\"468,75&nbsp;&#107;&#114;\" \/>\n\t<meta name=\"twitter:label2\" content=\"Availability\" \/>\n\t<meta name=\"twitter:data2\" content=\"Out of stock\" \/>\n<script type=\"application\/ld+json\" class=\"yoast-schema-graph\">{\"@context\":\"https:\/\/schema.org\",\"@graph\":[{\"@type\":\"WebPage\",\"@id\":\"https:\/\/nordiclabsupplies.com\/produkt\/thermo-scientific-nalgene-rapid-flow-500ml\/\",\"url\":\"https:\/\/nordiclabsupplies.com\/produkt\/thermo-scientific-nalgene-rapid-flow-500ml\/\",\"name\":\"Thermo Scientific\u2122 Nalgene\u2122 Rapid-Flow\u2122 500ML - Nordiclabsupplies.com\",\"isPartOf\":{\"@id\":\"https:\/\/nordiclabsupplies.com\/#website\"},\"primaryImageOfPage\":{\"@id\":\"https:\/\/nordiclabsupplies.com\/produkt\/thermo-scientific-nalgene-rapid-flow-500ml\/#primaryimage\"},\"image\":{\"@id\":\"https:\/\/nordiclabsupplies.com\/produkt\/thermo-scientific-nalgene-rapid-flow-500ml\/#primaryimage\"},\"thumbnailUrl\":\"https:\/\/nordiclabsupplies.com\/wp-content\/uploads\/2025\/08\/5660020c-650x600.jpg-650.webp\",\"datePublished\":\"2025-08-27T07:47:36+00:00\",\"dateModified\":\"2026-02-10T13:06:47+00:00\",\"breadcrumb\":{\"@id\":\"https:\/\/nordiclabsupplies.com\/produkt\/thermo-scientific-nalgene-rapid-flow-500ml\/#breadcrumb\"},\"inLanguage\":\"en-US\",\"potentialAction\":[{\"@type\":\"ReadAction\",\"target\":[\"https:\/\/nordiclabsupplies.com\/produkt\/thermo-scientific-nalgene-rapid-flow-500ml\/\"]}]},{\"@type\":\"ImageObject\",\"inLanguage\":\"en-US\",\"@id\":\"https:\/\/nordiclabsupplies.com\/produkt\/thermo-scientific-nalgene-rapid-flow-500ml\/#primaryimage\",\"url\":\"https:\/\/nordiclabsupplies.com\/wp-content\/uploads\/2025\/08\/5660020c-650x600.jpg-650.webp\",\"contentUrl\":\"https:\/\/nordiclabsupplies.com\/wp-content\/uploads\/2025\/08\/5660020c-650x600.jpg-650.webp\",\"width\":650,\"height\":600},{\"@type\":\"BreadcrumbList\",\"@id\":\"https:\/\/nordiclabsupplies.com\/produkt\/thermo-scientific-nalgene-rapid-flow-500ml\/#breadcrumb\",\"itemListElement\":[{\"@type\":\"ListItem\",\"position\":1,\"name\":\"Home\",\"item\":\"https:\/\/nordiclabsupplies.com\/\"},{\"@type\":\"ListItem\",\"position\":2,\"name\":\"Butik\",\"item\":\"https:\/\/nordiclabsupplies.com\/butik\/\"},{\"@type\":\"ListItem\",\"position\":3,\"name\":\"Thermo Scientific\u2122 Nalgene\u2122 Rapid-Flow\u2122 500ML\"}]},{\"@type\":\"WebSite\",\"@id\":\"https:\/\/nordiclabsupplies.com\/#website\",\"url\":\"https:\/\/nordiclabsupplies.com\/\",\"name\":\"Nordiclabsupplies.com\",\"description\":\"\",\"potentialAction\":[{\"@type\":\"SearchAction\",\"target\":{\"@type\":\"EntryPoint\",\"urlTemplate\":\"https:\/\/nordiclabsupplies.com\/?s={search_term_string}\"},\"query-input\":{\"@type\":\"PropertyValueSpecification\",\"valueRequired\":true,\"valueName\":\"search_term_string\"}}],\"inLanguage\":\"en-US\"}]}<\/script>\n<meta property=\"product:price:amount\" content=\"468.75\" \/>\n<meta property=\"product:price:currency\" content=\"SEK\" \/>\n<meta property=\"og:availability\" content=\"out of stock\" \/>\n<meta property=\"product:availability\" content=\"out of stock\" \/>\n<meta property=\"product:condition\" content=\"new\" \/>\n<!-- \/ Yoast SEO Premium plugin. -->","yoast_head_json":{"title":"Thermo Scientific\u2122 Nalgene\u2122 Rapid-Flow\u2122 500ML - Nordiclabsupplies.com","robots":{"index":"index","follow":"follow","max-snippet":"max-snippet:-1","max-image-preview":"max-image-preview:large","max-video-preview":"max-video-preview:-1"},"canonical":"https:\/\/nordiclabsupplies.com\/en\/product\/thermo-scientific-nalgene-rapid-flow-500ml\/","og_locale":"en_US","og_type":"article","og_title":"Thermo Scientific\u2122 Nalgene\u2122 Rapid-Flow\u2122 500ML","og_description":"Dessa sterila eng\u00e5ngsfilterenheter \u00e4r utvecklade f\u00f6r laboratorier som arbetar med v\u00e4tskor d\u00e4r h\u00f6g renhet och s\u00e4kerhet \u00e4r avg\u00f6rande. Det hydrofila PES-membranet med en porstorlek p\u00e5 0,2 \u00b5m erbjuder tillf\u00f6rlitlig steril filtrering genom att effektivt avl\u00e4gsna bakterier och partiklar, samtidigt som det s\u00e4kerst\u00e4ller en snabb genomstr\u00f6mning. Filterenheterna levereras med en mottagarflaska p\u00e5 500 mL, vilket g\u00f6r [&hellip;]","og_url":"https:\/\/nordiclabsupplies.com\/en\/product\/thermo-scientific-nalgene-rapid-flow-500ml\/","og_site_name":"Nordiclabsupplies.com","article_modified_time":"2026-02-10T13:06:47+00:00","og_image":[{"width":650,"height":600,"url":"https:\/\/nordiclabsupplies.com\/wp-content\/uploads\/2025\/08\/5660020c-650x600.jpg-650.webp","type":"image\/webp"}],"twitter_card":"summary_large_image","twitter_misc":{"Price":"468,75&nbsp;&#107;&#114;","Availability":"Out of stock"},"schema":{"@context":"https:\/\/schema.org","@graph":[{"@type":"WebPage","@id":"https:\/\/nordiclabsupplies.com\/produkt\/thermo-scientific-nalgene-rapid-flow-500ml\/","url":"https:\/\/nordiclabsupplies.com\/produkt\/thermo-scientific-nalgene-rapid-flow-500ml\/","name":"Thermo Scientific\u2122 Nalgene\u2122 Rapid-Flow\u2122 500ML - Nordiclabsupplies.com","isPartOf":{"@id":"https:\/\/nordiclabsupplies.com\/#website"},"primaryImageOfPage":{"@id":"https:\/\/nordiclabsupplies.com\/produkt\/thermo-scientific-nalgene-rapid-flow-500ml\/#primaryimage"},"image":{"@id":"https:\/\/nordiclabsupplies.com\/produkt\/thermo-scientific-nalgene-rapid-flow-500ml\/#primaryimage"},"thumbnailUrl":"https:\/\/nordiclabsupplies.com\/wp-content\/uploads\/2025\/08\/5660020c-650x600.jpg-650.webp","datePublished":"2025-08-27T07:47:36+00:00","dateModified":"2026-02-10T13:06:47+00:00","breadcrumb":{"@id":"https:\/\/nordiclabsupplies.com\/produkt\/thermo-scientific-nalgene-rapid-flow-500ml\/#breadcrumb"},"inLanguage":"en-US","potentialAction":[{"@type":"ReadAction","target":["https:\/\/nordiclabsupplies.com\/produkt\/thermo-scientific-nalgene-rapid-flow-500ml\/"]}]},{"@type":"ImageObject","inLanguage":"en-US","@id":"https:\/\/nordiclabsupplies.com\/produkt\/thermo-scientific-nalgene-rapid-flow-500ml\/#primaryimage","url":"https:\/\/nordiclabsupplies.com\/wp-content\/uploads\/2025\/08\/5660020c-650x600.jpg-650.webp","contentUrl":"https:\/\/nordiclabsupplies.com\/wp-content\/uploads\/2025\/08\/5660020c-650x600.jpg-650.webp","width":650,"height":600},{"@type":"BreadcrumbList","@id":"https:\/\/nordiclabsupplies.com\/produkt\/thermo-scientific-nalgene-rapid-flow-500ml\/#breadcrumb","itemListElement":[{"@type":"ListItem","position":1,"name":"Home","item":"https:\/\/nordiclabsupplies.com\/"},{"@type":"ListItem","position":2,"name":"Butik","item":"https:\/\/nordiclabsupplies.com\/butik\/"},{"@type":"ListItem","position":3,"name":"Thermo Scientific\u2122 Nalgene\u2122 Rapid-Flow\u2122 500ML"}]},{"@type":"WebSite","@id":"https:\/\/nordiclabsupplies.com\/#website","url":"https:\/\/nordiclabsupplies.com\/","name":"Nordiclabsupplies.com","description":"","potentialAction":[{"@type":"SearchAction","target":{"@type":"EntryPoint","urlTemplate":"https:\/\/nordiclabsupplies.com\/?s={search_term_string}"},"query-input":{"@type":"PropertyValueSpecification","valueRequired":true,"valueName":"search_term_string"}}],"inLanguage":"en-US"}]},"product_price_amount":"468.75","product_price_currency":"SEK","og_availability":"out of stock","product_availability":"out of stock","product_condition":"new"},"_links":{"self":[{"href":"https:\/\/nordiclabsupplies.com\/en\/wp-json\/wp\/v2\/product\/1491","targetHints":{"allow":["GET"]}}],"collection":[{"href":"https:\/\/nordiclabsupplies.com\/en\/wp-json\/wp\/v2\/product"}],"about":[{"href":"https:\/\/nordiclabsupplies.com\/en\/wp-json\/wp\/v2\/types\/product"}],"replies":[{"embeddable":true,"href":"https:\/\/nordiclabsupplies.com\/en\/wp-json\/wp\/v2\/comments?post=1491"}],"wp:featuredmedia":[{"embeddable":true,"href":"https:\/\/nordiclabsupplies.com\/en\/wp-json\/wp\/v2\/media\/1493"}],"wp:attachment":[{"href":"https:\/\/nordiclabsupplies.com\/en\/wp-json\/wp\/v2\/media?parent=1491"}],"wp:term":[{"taxonomy":"product_brand","embeddable":true,"href":"https:\/\/nordiclabsupplies.com\/en\/wp-json\/wp\/v2\/product_brand?post=1491"},{"taxonomy":"product_cat","embeddable":true,"href":"https:\/\/nordiclabsupplies.com\/en\/wp-json\/wp\/v2\/product_cat?post=1491"},{"taxonomy":"product_tag","embeddable":true,"href":"https:\/\/nordiclabsupplies.com\/en\/wp-json\/wp\/v2\/product_tag?post=1491"}],"curies":[{"name":"wp","href":"https:\/\/api.w.org\/{rel}","templated":true}]}}