{"id":1590,"date":"2025-09-16T12:01:07","date_gmt":"2025-09-16T11:01:07","guid":{"rendered":"https:\/\/nordiclabsupplies.com\/?post_type=product&#038;p=1590"},"modified":"2026-02-14T16:52:55","modified_gmt":"2026-02-14T15:52:55","slug":"silicone-tube-13-15m","status":"publish","type":"product","link":"https:\/\/nordiclabsupplies.com\/en\/product\/silicone-tube-13-15m\/","title":{"rendered":"Silicone Tube 13# 15m"},"content":{"rendered":"<h3 data-start=\"123\" data-end=\"150\">Silicone Tubing 13#<\/h3>\n<p data-start=\"152\" data-end=\"446\">This high-quality <strong data-start=\"173\" data-end=\"193\">silicone hose 13#<\/strong> is specially designed for <strong data-start=\"221\" data-end=\"256\">peristaltic pump applications<\/strong>.<br data-start=\"257\" data-end=\"260\" \/>Made by <strong data-start=\"274\" data-end=\"299\">platinum-cured silicone<\/strong>, it offers a very smooth internal surface with low protein binding, minimizing the risk of contamination and providing high purity in fluid transfer.<\/p>\n<p data-start=\"448\" data-end=\"465\"><strong data-start=\"448\" data-end=\"463\">Features:<\/strong><\/p>\n<ul data-start=\"466\" data-end=\"746\">\n<li data-start=\"466\" data-end=\"543\">\n<p data-start=\"468\" data-end=\"543\"><strong data-start=\"468\" data-end=\"481\">Material:<\/strong> Platinum-cured silicone \u2013 biocompatible and food-grade<\/p>\n<\/li>\n<li data-start=\"544\" data-end=\"575\">\n<p data-start=\"546\" data-end=\"575\"><strong data-start=\"546\" data-end=\"558\">Size:<\/strong> 13# (8 \u00d7 4mm)<\/p>\n<\/li>\n<li data-start=\"576\" data-end=\"621\">\n<p data-start=\"578\" data-end=\"621\"><strong data-start=\"578\" data-end=\"599\">Temperature range:<\/strong> -51\u00b0C to +238\u00b0C<\/p>\n<\/li>\n<li data-start=\"622\" data-end=\"655\">\n<p data-start=\"624\" data-end=\"655\"><strong data-start=\"624\" data-end=\"644\">Length per roll:<\/strong> 15 meters<\/p>\n<\/li>\n<li data-start=\"656\" data-end=\"746\">\n<p data-start=\"658\" data-end=\"746\"><strong data-start=\"658\" data-end=\"684\">Flexible and durable<\/strong> \u2013 designed for continuous operation in peristaltic pumps<\/p>\n<\/li>\n<\/ul>\n<p data-start=\"748\" data-end=\"883\">Perfect for applications in laboratory, industry and food production where <strong data-start=\"831\" data-end=\"867\">purity, precision and durability<\/strong> is crucial.<\/p>","protected":false},"excerpt":{"rendered":"<p>Silicone Tubing 13# This high-quality silicone tubing 13# is specifically designed for peristaltic pump applications. Made from platinum-cured silicone, it offers a very smooth inner surface with low protein binding, minimizing the risk of contamination and providing high purity in fluid transfer. Features: Material: Platinum-cured silicone \u2013 biocompatible and food-grade Size: 13# (8 \u00d7 4 mm) Temperature range: -51 \u00b0C to [\u2026]<\/p>","protected":false},"featured_media":190,"comment_status":"open","ping_status":"closed","template":"","meta":{"_acf_changed":false},"product_brand":[],"product_cat":[21],"product_tag":[],"class_list":{"0":"post-1590","1":"product","2":"type-product","3":"status-publish","4":"has-post-thumbnail","6":"product_cat-slangar","8":"first","9":"outofstock","10":"taxable","11":"shipping-taxable","12":"purchasable","13":"product-type-simple"},"acf":[],"yoast_head":"<!-- This site is optimized with the Yoast SEO plugin v27.4 - https:\/\/yoast.com\/product\/yoast-seo-wordpress\/ -->\n<title>Silicone Tube 13# 15m - Nordiclabsupplies.com<\/title>\n<meta name=\"robots\" content=\"index, follow, max-snippet:-1, max-image-preview:large, max-video-preview:-1\" \/>\n<link rel=\"canonical\" href=\"https:\/\/nordiclabsupplies.com\/en\/product\/silicone-tube-13-15m\/\" \/>\n<meta property=\"og:locale\" content=\"en_US\" \/>\n<meta property=\"og:type\" content=\"article\" \/>\n<meta property=\"og:title\" content=\"Silicone Tube 13# 15m - Nordiclabsupplies.com\" \/>\n<meta property=\"og:description\" content=\"Silicone Tubing 13# Denna h\u00f6gkvalitativa silikonslang 13# \u00e4r speciellt framtagen f\u00f6r peristaltiska pumpapplikationer.Tillverkad av platinah\u00e4rdad silikon, erbjuder den en mycket sl\u00e4t inre yta med l\u00e5g proteinbindning, vilket minimerar risken f\u00f6r f\u00f6roreningar och ger h\u00f6g renhet i v\u00e4tske\u00f6verf\u00f6ringen. Egenskaper: Material: Platinah\u00e4rdad silikon \u2013 biokompatibel och livsmedelsgodk\u00e4nd Storlek: 13# (8 \u00d7 4 mm) Temperaturomr\u00e5de: -51 \u00b0C till [&hellip;]\" \/>\n<meta property=\"og:url\" content=\"https:\/\/nordiclabsupplies.com\/en\/product\/silicone-tube-13-15m\/\" \/>\n<meta property=\"og:site_name\" content=\"Nordiclabsupplies.com\" \/>\n<meta property=\"article:modified_time\" content=\"2026-02-14T15:52:55+00:00\" \/>\n<meta property=\"og:image\" content=\"https:\/\/nordiclabsupplies.com\/wp-content\/uploads\/2024\/05\/st10m-17-73442.jpg\" \/>\n\t<meta property=\"og:image:width\" content=\"400\" \/>\n\t<meta property=\"og:image:height\" content=\"400\" \/>\n\t<meta property=\"og:image:type\" content=\"image\/jpeg\" \/>\n<meta name=\"twitter:card\" content=\"summary_large_image\" \/>\n<meta name=\"twitter:label1\" content=\"Est. reading time\" \/>\n\t<meta name=\"twitter:data1\" content=\"1 minute\" \/>\n<script type=\"application\/ld+json\" class=\"yoast-schema-graph\">{\"@context\":\"https:\\\/\\\/schema.org\",\"@graph\":[{\"@type\":\"WebPage\",\"@id\":\"https:\\\/\\\/nordiclabsupplies.com\\\/produkt\\\/silicone-tube-13-15m\\\/\",\"url\":\"https:\\\/\\\/nordiclabsupplies.com\\\/produkt\\\/silicone-tube-13-15m\\\/\",\"name\":\"Silicone Tube 13# 15m - Nordiclabsupplies.com\",\"isPartOf\":{\"@id\":\"https:\\\/\\\/nordiclabsupplies.com\\\/#website\"},\"primaryImageOfPage\":{\"@id\":\"https:\\\/\\\/nordiclabsupplies.com\\\/produkt\\\/silicone-tube-13-15m\\\/#primaryimage\"},\"image\":{\"@id\":\"https:\\\/\\\/nordiclabsupplies.com\\\/produkt\\\/silicone-tube-13-15m\\\/#primaryimage\"},\"thumbnailUrl\":\"https:\\\/\\\/nordiclabsupplies.com\\\/wp-content\\\/uploads\\\/2024\\\/05\\\/st10m-17-73442.jpg\",\"datePublished\":\"2025-09-16T11:01:07+00:00\",\"dateModified\":\"2026-02-14T15:52:55+00:00\",\"breadcrumb\":{\"@id\":\"https:\\\/\\\/nordiclabsupplies.com\\\/produkt\\\/silicone-tube-13-15m\\\/#breadcrumb\"},\"inLanguage\":\"en-US\",\"potentialAction\":[{\"@type\":\"ReadAction\",\"target\":[\"https:\\\/\\\/nordiclabsupplies.com\\\/produkt\\\/silicone-tube-13-15m\\\/\"]}]},{\"@type\":\"ImageObject\",\"inLanguage\":\"en-US\",\"@id\":\"https:\\\/\\\/nordiclabsupplies.com\\\/produkt\\\/silicone-tube-13-15m\\\/#primaryimage\",\"url\":\"https:\\\/\\\/nordiclabsupplies.com\\\/wp-content\\\/uploads\\\/2024\\\/05\\\/st10m-17-73442.jpg\",\"contentUrl\":\"https:\\\/\\\/nordiclabsupplies.com\\\/wp-content\\\/uploads\\\/2024\\\/05\\\/st10m-17-73442.jpg\",\"width\":400,\"height\":400},{\"@type\":\"BreadcrumbList\",\"@id\":\"https:\\\/\\\/nordiclabsupplies.com\\\/produkt\\\/silicone-tube-13-15m\\\/#breadcrumb\",\"itemListElement\":[{\"@type\":\"ListItem\",\"position\":1,\"name\":\"Home\",\"item\":\"https:\\\/\\\/nordiclabsupplies.com\\\/\"},{\"@type\":\"ListItem\",\"position\":2,\"name\":\"Butik\",\"item\":\"https:\\\/\\\/nordiclabsupplies.com\\\/butik\\\/\"},{\"@type\":\"ListItem\",\"position\":3,\"name\":\"Silicone Tube 13# 15m\"}]},{\"@type\":\"WebSite\",\"@id\":\"https:\\\/\\\/nordiclabsupplies.com\\\/#website\",\"url\":\"https:\\\/\\\/nordiclabsupplies.com\\\/\",\"name\":\"Nordiclabsupplies.com\",\"description\":\"\",\"potentialAction\":[{\"@type\":\"SearchAction\",\"target\":{\"@type\":\"EntryPoint\",\"urlTemplate\":\"https:\\\/\\\/nordiclabsupplies.com\\\/?s={search_term_string}\"},\"query-input\":{\"@type\":\"PropertyValueSpecification\",\"valueRequired\":true,\"valueName\":\"search_term_string\"}}],\"inLanguage\":\"en-US\"}]}<\/script>\n<!-- \/ Yoast SEO plugin. -->","yoast_head_json":{"title":"Silicone Tube 13# 15m - Nordiclabsupplies.com","robots":{"index":"index","follow":"follow","max-snippet":"max-snippet:-1","max-image-preview":"max-image-preview:large","max-video-preview":"max-video-preview:-1"},"canonical":"https:\/\/nordiclabsupplies.com\/en\/product\/silicone-tube-13-15m\/","og_locale":"en_US","og_type":"article","og_title":"Silicone Tube 13# 15m - Nordiclabsupplies.com","og_description":"Silicone Tubing 13# Denna h\u00f6gkvalitativa silikonslang 13# \u00e4r speciellt framtagen f\u00f6r peristaltiska pumpapplikationer.Tillverkad av platinah\u00e4rdad silikon, erbjuder den en mycket sl\u00e4t inre yta med l\u00e5g proteinbindning, vilket minimerar risken f\u00f6r f\u00f6roreningar och ger h\u00f6g renhet i v\u00e4tske\u00f6verf\u00f6ringen. Egenskaper: Material: Platinah\u00e4rdad silikon \u2013 biokompatibel och livsmedelsgodk\u00e4nd Storlek: 13# (8 \u00d7 4 mm) Temperaturomr\u00e5de: -51 \u00b0C till [&hellip;]","og_url":"https:\/\/nordiclabsupplies.com\/en\/product\/silicone-tube-13-15m\/","og_site_name":"Nordiclabsupplies.com","article_modified_time":"2026-02-14T15:52:55+00:00","og_image":[{"width":400,"height":400,"url":"https:\/\/nordiclabsupplies.com\/wp-content\/uploads\/2024\/05\/st10m-17-73442.jpg","type":"image\/jpeg"}],"twitter_card":"summary_large_image","twitter_misc":{"Est. reading time":"1 minute"},"schema":{"@context":"https:\/\/schema.org","@graph":[{"@type":"WebPage","@id":"https:\/\/nordiclabsupplies.com\/produkt\/silicone-tube-13-15m\/","url":"https:\/\/nordiclabsupplies.com\/produkt\/silicone-tube-13-15m\/","name":"Silicone Tube 13# 15m - Nordiclabsupplies.com","isPartOf":{"@id":"https:\/\/nordiclabsupplies.com\/#website"},"primaryImageOfPage":{"@id":"https:\/\/nordiclabsupplies.com\/produkt\/silicone-tube-13-15m\/#primaryimage"},"image":{"@id":"https:\/\/nordiclabsupplies.com\/produkt\/silicone-tube-13-15m\/#primaryimage"},"thumbnailUrl":"https:\/\/nordiclabsupplies.com\/wp-content\/uploads\/2024\/05\/st10m-17-73442.jpg","datePublished":"2025-09-16T11:01:07+00:00","dateModified":"2026-02-14T15:52:55+00:00","breadcrumb":{"@id":"https:\/\/nordiclabsupplies.com\/produkt\/silicone-tube-13-15m\/#breadcrumb"},"inLanguage":"en-US","potentialAction":[{"@type":"ReadAction","target":["https:\/\/nordiclabsupplies.com\/produkt\/silicone-tube-13-15m\/"]}]},{"@type":"ImageObject","inLanguage":"en-US","@id":"https:\/\/nordiclabsupplies.com\/produkt\/silicone-tube-13-15m\/#primaryimage","url":"https:\/\/nordiclabsupplies.com\/wp-content\/uploads\/2024\/05\/st10m-17-73442.jpg","contentUrl":"https:\/\/nordiclabsupplies.com\/wp-content\/uploads\/2024\/05\/st10m-17-73442.jpg","width":400,"height":400},{"@type":"BreadcrumbList","@id":"https:\/\/nordiclabsupplies.com\/produkt\/silicone-tube-13-15m\/#breadcrumb","itemListElement":[{"@type":"ListItem","position":1,"name":"Home","item":"https:\/\/nordiclabsupplies.com\/"},{"@type":"ListItem","position":2,"name":"Butik","item":"https:\/\/nordiclabsupplies.com\/butik\/"},{"@type":"ListItem","position":3,"name":"Silicone Tube 13# 15m"}]},{"@type":"WebSite","@id":"https:\/\/nordiclabsupplies.com\/#website","url":"https:\/\/nordiclabsupplies.com\/","name":"Nordiclabsupplies.com","description":"","potentialAction":[{"@type":"SearchAction","target":{"@type":"EntryPoint","urlTemplate":"https:\/\/nordiclabsupplies.com\/?s={search_term_string}"},"query-input":{"@type":"PropertyValueSpecification","valueRequired":true,"valueName":"search_term_string"}}],"inLanguage":"en-US"}]}},"_links":{"self":[{"href":"https:\/\/nordiclabsupplies.com\/en\/wp-json\/wp\/v2\/product\/1590","targetHints":{"allow":["GET"]}}],"collection":[{"href":"https:\/\/nordiclabsupplies.com\/en\/wp-json\/wp\/v2\/product"}],"about":[{"href":"https:\/\/nordiclabsupplies.com\/en\/wp-json\/wp\/v2\/types\/product"}],"replies":[{"embeddable":true,"href":"https:\/\/nordiclabsupplies.com\/en\/wp-json\/wp\/v2\/comments?post=1590"}],"wp:featuredmedia":[{"embeddable":true,"href":"https:\/\/nordiclabsupplies.com\/en\/wp-json\/wp\/v2\/media\/190"}],"wp:attachment":[{"href":"https:\/\/nordiclabsupplies.com\/en\/wp-json\/wp\/v2\/media?parent=1590"}],"wp:term":[{"taxonomy":"product_brand","embeddable":true,"href":"https:\/\/nordiclabsupplies.com\/en\/wp-json\/wp\/v2\/product_brand?post=1590"},{"taxonomy":"product_cat","embeddable":true,"href":"https:\/\/nordiclabsupplies.com\/en\/wp-json\/wp\/v2\/product_cat?post=1590"},{"taxonomy":"product_tag","embeddable":true,"href":"https:\/\/nordiclabsupplies.com\/en\/wp-json\/wp\/v2\/product_tag?post=1590"}],"curies":[{"name":"wp","href":"https:\/\/api.w.org\/{rel}","templated":true}]}}