{"id":1595,"date":"2025-09-16T12:14:17","date_gmt":"2025-09-16T11:14:17","guid":{"rendered":"https:\/\/nordiclabsupplies.com\/?post_type=product&#038;p=1595"},"modified":"2026-02-22T19:00:50","modified_gmt":"2026-02-22T18:00:50","slug":"filling-countersunk-316-stainless-steel-13-14-slang","status":"publish","type":"product","link":"https:\/\/nordiclabsupplies.com\/en\/product\/filling-countersunk-316-stainless-steel-13-14-hose\/","title":{"rendered":"Filling Countersunk 316 Stainless Steel (13#\/14# Hose)"},"content":{"rendered":"<p data-start=\"167\" data-end=\"419\">Our <strong data-start=\"171\" data-end=\"216\">filling countersunk in 316 stainless steel<\/strong> is a robust and reliable component for filling applications. It is designed to be lowered into the container so that the hose reaches all the way to the bottom, ensuring that all the liquid can be used.<\/p>\n<p data-start=\"421\" data-end=\"438\"><strong data-start=\"421\" data-end=\"436\">Features:<\/strong><\/p>\n<ul data-start=\"439\" data-end=\"622\">\n<li data-start=\"470\" data-end=\"546\">\n<p data-start=\"472\" data-end=\"546\">Material: <strong data-start=\"482\" data-end=\"505\">316 stainless steel<\/strong> (acid-resistant, high corrosion resistance)<\/p>\n<\/li>\n<li data-start=\"547\" data-end=\"589\">\n<p data-start=\"549\" data-end=\"589\">Suitable hose sizes: <strong data-start=\"574\" data-end=\"587\">13# \/ 14#<\/strong><\/p>\n<\/li>\n<li data-start=\"590\" data-end=\"622\">\n<p data-start=\"592\" data-end=\"622\">Type: <strong data-start=\"597\" data-end=\"620\">Filling countersunk<\/strong><\/p>\n<\/li>\n<\/ul>\n<p data-start=\"624\" data-end=\"911\"><strong data-start=\"624\" data-end=\"655\">Why 316 stainless steel?<\/strong><br data-start=\"655\" data-end=\"658\" \/>The 316L steel is reinforced with molybdenum and has extra high resistance to chemicals, acids and salts. This makes the product particularly suitable for <strong data-start=\"801\" data-end=\"864\">laboratories, food production and industrial environments<\/strong> where both hygiene and sustainability are crucial.<\/p>\n<p data-start=\"913\" data-end=\"1034\">With this accessory you get an efficient and controlled filling process that minimizes waste and maximizes precision.<\/p>","protected":false},"excerpt":{"rendered":"<p>Our 316 stainless steel filling countersunk is a robust and reliable component for filling applications. It is designed to be lowered into the container so that the hose reaches all the way to the bottom, ensuring that all the liquid can be used. Features: Material: 316 stainless steel (acid-resistant, high corrosion resistance) Suitable hose sizes: 13# \/ 14# Type: Filling countersunk Why [\u2026]<\/p>","protected":false},"featured_media":1597,"comment_status":"open","ping_status":"closed","template":"","meta":{"_acf_changed":false},"product_brand":[],"product_cat":[26],"product_tag":[],"class_list":{"0":"post-1595","1":"product","2":"type-product","3":"status-publish","4":"has-post-thumbnail","6":"product_cat-tillbehor","8":"first","9":"outofstock","10":"taxable","11":"shipping-taxable","12":"purchasable","13":"product-type-simple"},"acf":[],"yoast_head":"<!-- This site is optimized with the Yoast SEO plugin v27.4 - https:\/\/yoast.com\/product\/yoast-seo-wordpress\/ -->\n<title>Filling Countersunk 316 Stainless Steel (13#\/14# Slang) - Nordiclabsupplies.com<\/title>\n<meta name=\"robots\" content=\"index, follow, max-snippet:-1, max-image-preview:large, max-video-preview:-1\" \/>\n<link rel=\"canonical\" href=\"https:\/\/nordiclabsupplies.com\/en\/product\/filling-countersunk-316-stainless-steel-13-14-hose\/\" \/>\n<meta property=\"og:locale\" content=\"en_US\" \/>\n<meta property=\"og:type\" content=\"article\" \/>\n<meta property=\"og:title\" content=\"Filling Countersunk 316 Stainless Steel (13#\/14# Slang) - Nordiclabsupplies.com\" \/>\n<meta property=\"og:description\" content=\"V\u00e5r filling countersunk i 316 rostfritt st\u00e5l \u00e4r en robust och p\u00e5litlig komponent f\u00f6r p\u00e5fyllningsapplikationer. Den \u00e4r utformad f\u00f6r att s\u00e4nkas ned i beh\u00e5llaren s\u00e5 att slangen n\u00e5r \u00e4nda till botten, vilket s\u00e4kerst\u00e4ller att all v\u00e4tska kan utnyttjas. Egenskaper: Material: 316 rostfritt st\u00e5l (syrafast, h\u00f6g korrosionsbest\u00e4ndighet) L\u00e4mpliga slangstorlekar: 13# \/ 14# Typ: Filling countersunk Varf\u00f6r [&hellip;]\" \/>\n<meta property=\"og:url\" content=\"https:\/\/nordiclabsupplies.com\/en\/product\/filling-countersunk-316-stainless-steel-13-14-hose\/\" \/>\n<meta property=\"og:site_name\" content=\"Nordiclabsupplies.com\" \/>\n<meta property=\"article:modified_time\" content=\"2026-02-22T18:00:50+00:00\" \/>\n<meta property=\"og:image\" content=\"https:\/\/nordiclabsupplies.com\/wp-content\/uploads\/2025\/09\/WhatsApp-Bild-2025-09-15-kl.-09.46.45_a7f83e59.jpg\" \/>\n\t<meta property=\"og:image:width\" content=\"254\" \/>\n\t<meta property=\"og:image:height\" content=\"536\" \/>\n\t<meta property=\"og:image:type\" content=\"image\/jpeg\" \/>\n<meta name=\"twitter:card\" content=\"summary_large_image\" \/>\n<meta name=\"twitter:label1\" content=\"Est. reading time\" \/>\n\t<meta name=\"twitter:data1\" content=\"1 minute\" \/>\n<script type=\"application\/ld+json\" class=\"yoast-schema-graph\">{\"@context\":\"https:\\\/\\\/schema.org\",\"@graph\":[{\"@type\":\"WebPage\",\"@id\":\"https:\\\/\\\/nordiclabsupplies.com\\\/produkt\\\/filling-countersunk-316-stainless-steel-13-14-slang\\\/\",\"url\":\"https:\\\/\\\/nordiclabsupplies.com\\\/produkt\\\/filling-countersunk-316-stainless-steel-13-14-slang\\\/\",\"name\":\"Filling Countersunk 316 Stainless Steel (13#\\\/14# Slang) - Nordiclabsupplies.com\",\"isPartOf\":{\"@id\":\"https:\\\/\\\/nordiclabsupplies.com\\\/#website\"},\"primaryImageOfPage\":{\"@id\":\"https:\\\/\\\/nordiclabsupplies.com\\\/produkt\\\/filling-countersunk-316-stainless-steel-13-14-slang\\\/#primaryimage\"},\"image\":{\"@id\":\"https:\\\/\\\/nordiclabsupplies.com\\\/produkt\\\/filling-countersunk-316-stainless-steel-13-14-slang\\\/#primaryimage\"},\"thumbnailUrl\":\"https:\\\/\\\/nordiclabsupplies.com\\\/wp-content\\\/uploads\\\/2025\\\/09\\\/WhatsApp-Bild-2025-09-15-kl.-09.46.45_a7f83e59.jpg\",\"datePublished\":\"2025-09-16T11:14:17+00:00\",\"dateModified\":\"2026-02-22T18:00:50+00:00\",\"breadcrumb\":{\"@id\":\"https:\\\/\\\/nordiclabsupplies.com\\\/produkt\\\/filling-countersunk-316-stainless-steel-13-14-slang\\\/#breadcrumb\"},\"inLanguage\":\"en-US\",\"potentialAction\":[{\"@type\":\"ReadAction\",\"target\":[\"https:\\\/\\\/nordiclabsupplies.com\\\/produkt\\\/filling-countersunk-316-stainless-steel-13-14-slang\\\/\"]}]},{\"@type\":\"ImageObject\",\"inLanguage\":\"en-US\",\"@id\":\"https:\\\/\\\/nordiclabsupplies.com\\\/produkt\\\/filling-countersunk-316-stainless-steel-13-14-slang\\\/#primaryimage\",\"url\":\"https:\\\/\\\/nordiclabsupplies.com\\\/wp-content\\\/uploads\\\/2025\\\/09\\\/WhatsApp-Bild-2025-09-15-kl.-09.46.45_a7f83e59.jpg\",\"contentUrl\":\"https:\\\/\\\/nordiclabsupplies.com\\\/wp-content\\\/uploads\\\/2025\\\/09\\\/WhatsApp-Bild-2025-09-15-kl.-09.46.45_a7f83e59.jpg\",\"width\":254,\"height\":536},{\"@type\":\"BreadcrumbList\",\"@id\":\"https:\\\/\\\/nordiclabsupplies.com\\\/produkt\\\/filling-countersunk-316-stainless-steel-13-14-slang\\\/#breadcrumb\",\"itemListElement\":[{\"@type\":\"ListItem\",\"position\":1,\"name\":\"Home\",\"item\":\"https:\\\/\\\/nordiclabsupplies.com\\\/\"},{\"@type\":\"ListItem\",\"position\":2,\"name\":\"Butik\",\"item\":\"https:\\\/\\\/nordiclabsupplies.com\\\/butik\\\/\"},{\"@type\":\"ListItem\",\"position\":3,\"name\":\"Filling Countersunk 316 Stainless Steel (13#\\\/14# Slang)\"}]},{\"@type\":\"WebSite\",\"@id\":\"https:\\\/\\\/nordiclabsupplies.com\\\/#website\",\"url\":\"https:\\\/\\\/nordiclabsupplies.com\\\/\",\"name\":\"Nordiclabsupplies.com\",\"description\":\"\",\"potentialAction\":[{\"@type\":\"SearchAction\",\"target\":{\"@type\":\"EntryPoint\",\"urlTemplate\":\"https:\\\/\\\/nordiclabsupplies.com\\\/?s={search_term_string}\"},\"query-input\":{\"@type\":\"PropertyValueSpecification\",\"valueRequired\":true,\"valueName\":\"search_term_string\"}}],\"inLanguage\":\"en-US\"}]}<\/script>\n<!-- \/ Yoast SEO plugin. -->","yoast_head_json":{"title":"Filling Countersunk 316 Stainless Steel (13#\/14# Slang) - Nordiclabsupplies.com","robots":{"index":"index","follow":"follow","max-snippet":"max-snippet:-1","max-image-preview":"max-image-preview:large","max-video-preview":"max-video-preview:-1"},"canonical":"https:\/\/nordiclabsupplies.com\/en\/product\/filling-countersunk-316-stainless-steel-13-14-hose\/","og_locale":"en_US","og_type":"article","og_title":"Filling Countersunk 316 Stainless Steel (13#\/14# Slang) - Nordiclabsupplies.com","og_description":"V\u00e5r filling countersunk i 316 rostfritt st\u00e5l \u00e4r en robust och p\u00e5litlig komponent f\u00f6r p\u00e5fyllningsapplikationer. Den \u00e4r utformad f\u00f6r att s\u00e4nkas ned i beh\u00e5llaren s\u00e5 att slangen n\u00e5r \u00e4nda till botten, vilket s\u00e4kerst\u00e4ller att all v\u00e4tska kan utnyttjas. Egenskaper: Material: 316 rostfritt st\u00e5l (syrafast, h\u00f6g korrosionsbest\u00e4ndighet) L\u00e4mpliga slangstorlekar: 13# \/ 14# Typ: Filling countersunk Varf\u00f6r [&hellip;]","og_url":"https:\/\/nordiclabsupplies.com\/en\/product\/filling-countersunk-316-stainless-steel-13-14-hose\/","og_site_name":"Nordiclabsupplies.com","article_modified_time":"2026-02-22T18:00:50+00:00","og_image":[{"width":254,"height":536,"url":"https:\/\/nordiclabsupplies.com\/wp-content\/uploads\/2025\/09\/WhatsApp-Bild-2025-09-15-kl.-09.46.45_a7f83e59.jpg","type":"image\/jpeg"}],"twitter_card":"summary_large_image","twitter_misc":{"Est. reading time":"1 minute"},"schema":{"@context":"https:\/\/schema.org","@graph":[{"@type":"WebPage","@id":"https:\/\/nordiclabsupplies.com\/produkt\/filling-countersunk-316-stainless-steel-13-14-slang\/","url":"https:\/\/nordiclabsupplies.com\/produkt\/filling-countersunk-316-stainless-steel-13-14-slang\/","name":"Filling Countersunk 316 Stainless Steel (13#\/14# Slang) - Nordiclabsupplies.com","isPartOf":{"@id":"https:\/\/nordiclabsupplies.com\/#website"},"primaryImageOfPage":{"@id":"https:\/\/nordiclabsupplies.com\/produkt\/filling-countersunk-316-stainless-steel-13-14-slang\/#primaryimage"},"image":{"@id":"https:\/\/nordiclabsupplies.com\/produkt\/filling-countersunk-316-stainless-steel-13-14-slang\/#primaryimage"},"thumbnailUrl":"https:\/\/nordiclabsupplies.com\/wp-content\/uploads\/2025\/09\/WhatsApp-Bild-2025-09-15-kl.-09.46.45_a7f83e59.jpg","datePublished":"2025-09-16T11:14:17+00:00","dateModified":"2026-02-22T18:00:50+00:00","breadcrumb":{"@id":"https:\/\/nordiclabsupplies.com\/produkt\/filling-countersunk-316-stainless-steel-13-14-slang\/#breadcrumb"},"inLanguage":"en-US","potentialAction":[{"@type":"ReadAction","target":["https:\/\/nordiclabsupplies.com\/produkt\/filling-countersunk-316-stainless-steel-13-14-slang\/"]}]},{"@type":"ImageObject","inLanguage":"en-US","@id":"https:\/\/nordiclabsupplies.com\/produkt\/filling-countersunk-316-stainless-steel-13-14-slang\/#primaryimage","url":"https:\/\/nordiclabsupplies.com\/wp-content\/uploads\/2025\/09\/WhatsApp-Bild-2025-09-15-kl.-09.46.45_a7f83e59.jpg","contentUrl":"https:\/\/nordiclabsupplies.com\/wp-content\/uploads\/2025\/09\/WhatsApp-Bild-2025-09-15-kl.-09.46.45_a7f83e59.jpg","width":254,"height":536},{"@type":"BreadcrumbList","@id":"https:\/\/nordiclabsupplies.com\/produkt\/filling-countersunk-316-stainless-steel-13-14-slang\/#breadcrumb","itemListElement":[{"@type":"ListItem","position":1,"name":"Home","item":"https:\/\/nordiclabsupplies.com\/"},{"@type":"ListItem","position":2,"name":"Butik","item":"https:\/\/nordiclabsupplies.com\/butik\/"},{"@type":"ListItem","position":3,"name":"Filling Countersunk 316 Stainless Steel (13#\/14# Slang)"}]},{"@type":"WebSite","@id":"https:\/\/nordiclabsupplies.com\/#website","url":"https:\/\/nordiclabsupplies.com\/","name":"Nordiclabsupplies.com","description":"","potentialAction":[{"@type":"SearchAction","target":{"@type":"EntryPoint","urlTemplate":"https:\/\/nordiclabsupplies.com\/?s={search_term_string}"},"query-input":{"@type":"PropertyValueSpecification","valueRequired":true,"valueName":"search_term_string"}}],"inLanguage":"en-US"}]}},"_links":{"self":[{"href":"https:\/\/nordiclabsupplies.com\/en\/wp-json\/wp\/v2\/product\/1595","targetHints":{"allow":["GET"]}}],"collection":[{"href":"https:\/\/nordiclabsupplies.com\/en\/wp-json\/wp\/v2\/product"}],"about":[{"href":"https:\/\/nordiclabsupplies.com\/en\/wp-json\/wp\/v2\/types\/product"}],"replies":[{"embeddable":true,"href":"https:\/\/nordiclabsupplies.com\/en\/wp-json\/wp\/v2\/comments?post=1595"}],"wp:featuredmedia":[{"embeddable":true,"href":"https:\/\/nordiclabsupplies.com\/en\/wp-json\/wp\/v2\/media\/1597"}],"wp:attachment":[{"href":"https:\/\/nordiclabsupplies.com\/en\/wp-json\/wp\/v2\/media?parent=1595"}],"wp:term":[{"taxonomy":"product_brand","embeddable":true,"href":"https:\/\/nordiclabsupplies.com\/en\/wp-json\/wp\/v2\/product_brand?post=1595"},{"taxonomy":"product_cat","embeddable":true,"href":"https:\/\/nordiclabsupplies.com\/en\/wp-json\/wp\/v2\/product_cat?post=1595"},{"taxonomy":"product_tag","embeddable":true,"href":"https:\/\/nordiclabsupplies.com\/en\/wp-json\/wp\/v2\/product_tag?post=1595"}],"curies":[{"name":"wp","href":"https:\/\/api.w.org\/{rel}","templated":true}]}}