{"id":1835,"date":"2025-12-15T08:52:18","date_gmt":"2025-12-15T07:52:18","guid":{"rendered":"https:\/\/nordiclabsupplies.com\/?post_type=product&#038;p=1835"},"modified":"2025-12-15T08:52:19","modified_gmt":"2025-12-15T07:52:19","slug":"13mm-flip-top-seals-vit-rod-1000-pack","status":"publish","type":"product","link":"https:\/\/nordiclabsupplies.com\/en\/product\/13mm-flip-top-seals-vit-rod-1000-pack\/","title":{"rendered":"13MM Flip Top Seals Vit\/R\u00f6d, 1000-Pack"},"content":{"rendered":"<h2 data-start=\"176\" data-end=\"248\"><strong data-start=\"179\" data-end=\"248\">13 mm Flip Top-t\u00e4tningar \u2013 R\u00f6tt Aluminium med Vitt Lock (1000 st)<\/strong><\/h2>\n<p data-start=\"250\" data-end=\"562\">Beh\u00f6ver du en s\u00e4ker och professionell f\u00f6rsegling f\u00f6r dina flaskor? V\u00e5ra <strong data-start=\"322\" data-end=\"350\">13mm Flip Top Seals<\/strong> \u00e4r designade f\u00f6r att ge en t\u00e4t, h\u00e5llbar och l\u00e4ckagefri f\u00f6rslutning, vilket g\u00f6r dem idealiska f\u00f6r laboratorier, apotek, kemisk industri och andra verksamheter d\u00e4r flaskinneh\u00e5llet m\u00e5ste skyddas mot yttre p\u00e5verkan.<\/p>\n<p data-start=\"564\" data-end=\"846\">The stylish combination of <strong data-start=\"594\" data-end=\"640\">r\u00f6d aluminiumfinish och vitt flip top-lock<\/strong> ger en modern, professionell och distinkt look. Oavsett om du arbetar med l\u00e4kemedel, forskning, kosmetik eller kemiska produkter, hj\u00e4lper dessa t\u00e4tningar dig att bevara inneh\u00e5llets kvalitet och sterilitet.<\/p>\n<h3 data-start=\"848\" data-end=\"889\">Why choose our Flip Top seals?<\/h3>\n<p data-start=\"891\" data-end=\"1151\">\u2705 <strong data-start=\"893\" data-end=\"926\">Secure &amp; Leak-Free Seal<\/strong><br data-start=\"926\" data-end=\"929\" \/>Dessa t\u00e4tningar \u00e4r utformade f\u00f6r att ge en t\u00e4t och p\u00e5litlig f\u00f6rslutning, vilket minskar risken f\u00f6r spill, oxidation och kontaminering. F\u00f6r b\u00e4sta m\u00f6jliga t\u00e4thet rekommenderar vi att anv\u00e4nda dem tillsammans med <a href=\"https:\/\/nordiclabsupplies.com\/en\/product\/eo-sterilized-13-d2-rubber-stopper-2000-pcs\/\"><strong><span style=\"color: #3366ff;\">rubber stoppers<\/span><\/strong><\/a>.<\/p>\n<p data-start=\"1153\" data-end=\"1338\">\u2705 <strong data-start=\"1155\" data-end=\"1185\">Easy &amp; Smooth Application<\/strong><br data-start=\"1185\" data-end=\"1188\" \/>Our flip top seals are compatible with <a href=\"https:\/\/nordiclabsupplies.com\/en\/product\/crimper-13mm-flip-tops\/\"><span style=\"color: #3366ff;\"><strong data-start=\"1230\" data-end=\"1266\">13mm Flip Top Crimper Tool<\/strong><\/span><\/a>, which allows you to easily and effectively apply them to the bottles.<\/p>\n<p data-start=\"1340\" data-end=\"1588\">\u2705 <strong data-start=\"1342\" data-end=\"1369\">High Quality Material<\/strong><br data-start=\"1369\" data-end=\"1372\" \/>Tillverkade av slitstarkt aluminium, vilket s\u00e4kerst\u00e4ller en stabil och s\u00e4ker f\u00f6rsegling. Det vita flip top-locket \u00e4r designat f\u00f6r att enkelt \u00f6ppnas och st\u00e4ngas, vilket m\u00f6jligg\u00f6r smidig hantering av flaskans inneh\u00e5ll.<\/p>\n<p data-start=\"1590\" data-end=\"1912\">\u2705 <strong data-start=\"1592\" data-end=\"1627\">Suitable for Many Applications<\/strong><br data-start=\"1627\" data-end=\"1630\" \/>Dessa flip top-t\u00e4tningar \u00e4r designade f\u00f6r att passa alla serumflaskor med en halsdiameter p\u00e5 <strong data-start=\"1723\" data-end=\"1732\">13 mm<\/strong>, making them perfect for:<br data-start=\"1762\" data-end=\"1765\" \/>\u2714 Pharmaceutical packaging<br data-start=\"1790\" data-end=\"1793\" \/>\u2714 Laboratory tests and research<br data-start=\"1826\" data-end=\"1829\" \/>\u2714 Cosmetic products and essential oils<br data-start=\"1873\" data-end=\"1876\" \/>\u2714 Chemical and industrial solutions<\/p>\n<p data-start=\"1914\" data-end=\"2173\">\u2705 <strong data-start=\"1916\" data-end=\"1950\">Elegant &amp; Professional Design<\/strong><br data-start=\"1950\" data-end=\"1953\" \/>Den r\u00f6da aluminiumfinishen i kombination med det vita flip top-locket ger en modern, stilren och professionell look. Perfekt f\u00f6r f\u00f6retag och laboratorier som vill ha en distinkt och enhetlig design p\u00e5 sina f\u00f6rpackningar.<\/p>\n<h3 data-start=\"2175\" data-end=\"2198\">Product information:<\/h3>\n<p data-start=\"2200\" data-end=\"2418\">\ud83d\udd39 <strong data-start=\"2203\" data-end=\"2213\">Number:<\/strong> 1000 pcs per package<br data-start=\"2237\" data-end=\"2240\" \/>\ud83d\udd39 <strong data-start=\"2243\" data-end=\"2255\">Size:<\/strong> Passar flaskor med 13 mm yttre diameter p\u00e5 halsen<br data-start=\"2305\" data-end=\"2308\" \/>\ud83d\udd39 <strong data-start=\"2311\" data-end=\"2324\">Material:<\/strong> High-quality aluminum with plastic lid<br data-start=\"2363\" data-end=\"2366\" \/>\ud83d\udd39 <strong data-start=\"2369\" data-end=\"2378\">Paint:<\/strong> R\u00f6tt aluminium med vitt flip top-lock<\/p>\n<p data-start=\"2420\" data-end=\"2479\"><strong data-start=\"2420\" data-end=\"2479\">Order today for a safe and professional seal!<\/strong><\/p>\n<p data-start=\"2481\" data-end=\"2692\">En p\u00e5litlig t\u00e4tning \u00e4r avg\u00f6rande f\u00f6r att skydda flaskinneh\u00e5llet och s\u00e4kerst\u00e4lla produktens kvalitet. Best\u00e4ll dina <strong data-start=\"2595\" data-end=\"2623\">13mm Flip Top Seals<\/strong> idag och f\u00e5 en s\u00e4ker, h\u00e5llbar och estetiskt tilltalande f\u00f6rslutning!<\/p>\n<p data-start=\"2694\" data-end=\"2765\">\ud83d\udd39 <em data-start=\"2697\" data-end=\"2765\">Do you need a different color? <a href=\"https:\/\/nordiclabsupplies.com\/en\/product-category\/vialer-forslutning\/forslutning\/forslutningar-13-mm\/\"><span style=\"color: #3366ff;\">Se alla v\u00e5ra Flip Top-f\u00f6rslutningar h\u00e4r<\/span><\/a>.<\/em><\/p>","protected":false},"excerpt":{"rendered":"<p>13 mm Flip Top-t\u00e4tningar \u2013 R\u00f6tt Aluminium med Vitt Lock (1000 st) Beh\u00f6ver du en s\u00e4ker och professionell f\u00f6rsegling f\u00f6r dina flaskor? V\u00e5ra 13 mm Flip Top-t\u00e4tningar \u00e4r designade f\u00f6r att ge en t\u00e4t, h\u00e5llbar och l\u00e4ckagefri f\u00f6rslutning, vilket g\u00f6r dem idealiska f\u00f6r laboratorier, apotek, kemisk industri och andra verksamheter d\u00e4r flaskinneh\u00e5llet m\u00e5ste skyddas mot [&hellip;]<\/p>","protected":false},"featured_media":1837,"comment_status":"open","ping_status":"closed","template":"","meta":{"_acf_changed":false},"product_brand":[],"product_cat":[49],"product_tag":[],"class_list":{"0":"post-1835","1":"product","2":"type-product","3":"status-publish","4":"has-post-thumbnail","6":"product_cat-forslutningar-13-mm","8":"first","9":"instock","10":"taxable","11":"shipping-taxable","12":"purchasable","13":"product-type-simple"},"acf":[],"yoast_head":"<!-- This site is optimized with the Yoast SEO plugin v27.4 - https:\/\/yoast.com\/product\/yoast-seo-wordpress\/ -->\n<title>13MM Flip Top Seals Vit\/R\u00f6d, 1000-Pack - Nordiclabsupplies.com<\/title>\n<meta name=\"robots\" content=\"index, follow, max-snippet:-1, max-image-preview:large, max-video-preview:-1\" \/>\n<link rel=\"canonical\" href=\"https:\/\/nordiclabsupplies.com\/en\/product\/13mm-flip-top-seals-vit-rod-1000-pack\/\" \/>\n<meta property=\"og:locale\" content=\"en_US\" \/>\n<meta property=\"og:type\" content=\"article\" \/>\n<meta property=\"og:title\" content=\"13MM Flip Top Seals Vit\/R\u00f6d, 1000-Pack - Nordiclabsupplies.com\" \/>\n<meta property=\"og:description\" content=\"13 mm Flip Top-t\u00e4tningar \u2013 R\u00f6tt Aluminium med Vitt Lock (1000 st) Beh\u00f6ver du en s\u00e4ker och professionell f\u00f6rsegling f\u00f6r dina flaskor? V\u00e5ra 13 mm Flip Top-t\u00e4tningar \u00e4r designade f\u00f6r att ge en t\u00e4t, h\u00e5llbar och l\u00e4ckagefri f\u00f6rslutning, vilket g\u00f6r dem idealiska f\u00f6r laboratorier, apotek, kemisk industri och andra verksamheter d\u00e4r flaskinneh\u00e5llet m\u00e5ste skyddas mot [&hellip;]\" \/>\n<meta property=\"og:url\" content=\"https:\/\/nordiclabsupplies.com\/en\/product\/13mm-flip-top-seals-vit-rod-1000-pack\/\" \/>\n<meta property=\"og:site_name\" content=\"Nordiclabsupplies.com\" \/>\n<meta property=\"article:modified_time\" content=\"2025-12-15T07:52:19+00:00\" \/>\n<meta property=\"og:image\" content=\"https:\/\/nordiclabsupplies.com\/wp-content\/uploads\/2025\/12\/WhatsApp-Image-2025-12-14-at-12.28.10.jpeg\" \/>\n\t<meta property=\"og:image:width\" content=\"1766\" \/>\n\t<meta property=\"og:image:height\" content=\"1342\" \/>\n\t<meta property=\"og:image:type\" content=\"image\/jpeg\" \/>\n<meta name=\"twitter:card\" content=\"summary_large_image\" \/>\n<meta name=\"twitter:label1\" content=\"Est. reading time\" \/>\n\t<meta name=\"twitter:data1\" content=\"2 minutes\" \/>\n<script type=\"application\/ld+json\" class=\"yoast-schema-graph\">{\"@context\":\"https:\\\/\\\/schema.org\",\"@graph\":[{\"@type\":\"WebPage\",\"@id\":\"https:\\\/\\\/nordiclabsupplies.com\\\/produkt\\\/13mm-flip-top-seals-vit-rod-1000-pack\\\/\",\"url\":\"https:\\\/\\\/nordiclabsupplies.com\\\/produkt\\\/13mm-flip-top-seals-vit-rod-1000-pack\\\/\",\"name\":\"13MM Flip Top Seals Vit\\\/R\u00f6d, 1000-Pack - Nordiclabsupplies.com\",\"isPartOf\":{\"@id\":\"https:\\\/\\\/nordiclabsupplies.com\\\/#website\"},\"primaryImageOfPage\":{\"@id\":\"https:\\\/\\\/nordiclabsupplies.com\\\/produkt\\\/13mm-flip-top-seals-vit-rod-1000-pack\\\/#primaryimage\"},\"image\":{\"@id\":\"https:\\\/\\\/nordiclabsupplies.com\\\/produkt\\\/13mm-flip-top-seals-vit-rod-1000-pack\\\/#primaryimage\"},\"thumbnailUrl\":\"https:\\\/\\\/nordiclabsupplies.com\\\/wp-content\\\/uploads\\\/2025\\\/12\\\/WhatsApp-Image-2025-12-14-at-12.28.10.jpeg\",\"datePublished\":\"2025-12-15T07:52:18+00:00\",\"dateModified\":\"2025-12-15T07:52:19+00:00\",\"breadcrumb\":{\"@id\":\"https:\\\/\\\/nordiclabsupplies.com\\\/produkt\\\/13mm-flip-top-seals-vit-rod-1000-pack\\\/#breadcrumb\"},\"inLanguage\":\"en-US\",\"potentialAction\":[{\"@type\":\"ReadAction\",\"target\":[\"https:\\\/\\\/nordiclabsupplies.com\\\/produkt\\\/13mm-flip-top-seals-vit-rod-1000-pack\\\/\"]}]},{\"@type\":\"ImageObject\",\"inLanguage\":\"en-US\",\"@id\":\"https:\\\/\\\/nordiclabsupplies.com\\\/produkt\\\/13mm-flip-top-seals-vit-rod-1000-pack\\\/#primaryimage\",\"url\":\"https:\\\/\\\/nordiclabsupplies.com\\\/wp-content\\\/uploads\\\/2025\\\/12\\\/WhatsApp-Image-2025-12-14-at-12.28.10.jpeg\",\"contentUrl\":\"https:\\\/\\\/nordiclabsupplies.com\\\/wp-content\\\/uploads\\\/2025\\\/12\\\/WhatsApp-Image-2025-12-14-at-12.28.10.jpeg\",\"width\":1766,\"height\":1342},{\"@type\":\"BreadcrumbList\",\"@id\":\"https:\\\/\\\/nordiclabsupplies.com\\\/produkt\\\/13mm-flip-top-seals-vit-rod-1000-pack\\\/#breadcrumb\",\"itemListElement\":[{\"@type\":\"ListItem\",\"position\":1,\"name\":\"Home\",\"item\":\"https:\\\/\\\/nordiclabsupplies.com\\\/\"},{\"@type\":\"ListItem\",\"position\":2,\"name\":\"Butik\",\"item\":\"https:\\\/\\\/nordiclabsupplies.com\\\/butik\\\/\"},{\"@type\":\"ListItem\",\"position\":3,\"name\":\"13MM Flip Top Seals Vit\\\/R\u00f6d, 1000-Pack\"}]},{\"@type\":\"WebSite\",\"@id\":\"https:\\\/\\\/nordiclabsupplies.com\\\/#website\",\"url\":\"https:\\\/\\\/nordiclabsupplies.com\\\/\",\"name\":\"Nordiclabsupplies.com\",\"description\":\"\",\"potentialAction\":[{\"@type\":\"SearchAction\",\"target\":{\"@type\":\"EntryPoint\",\"urlTemplate\":\"https:\\\/\\\/nordiclabsupplies.com\\\/?s={search_term_string}\"},\"query-input\":{\"@type\":\"PropertyValueSpecification\",\"valueRequired\":true,\"valueName\":\"search_term_string\"}}],\"inLanguage\":\"en-US\"}]}<\/script>\n<!-- \/ Yoast SEO plugin. -->","yoast_head_json":{"title":"13MM Flip Top Seals Vit\/R\u00f6d, 1000-Pack - Nordiclabsupplies.com","robots":{"index":"index","follow":"follow","max-snippet":"max-snippet:-1","max-image-preview":"max-image-preview:large","max-video-preview":"max-video-preview:-1"},"canonical":"https:\/\/nordiclabsupplies.com\/en\/product\/13mm-flip-top-seals-vit-rod-1000-pack\/","og_locale":"en_US","og_type":"article","og_title":"13MM Flip Top Seals Vit\/R\u00f6d, 1000-Pack - Nordiclabsupplies.com","og_description":"13 mm Flip Top-t\u00e4tningar \u2013 R\u00f6tt Aluminium med Vitt Lock (1000 st) Beh\u00f6ver du en s\u00e4ker och professionell f\u00f6rsegling f\u00f6r dina flaskor? V\u00e5ra 13 mm Flip Top-t\u00e4tningar \u00e4r designade f\u00f6r att ge en t\u00e4t, h\u00e5llbar och l\u00e4ckagefri f\u00f6rslutning, vilket g\u00f6r dem idealiska f\u00f6r laboratorier, apotek, kemisk industri och andra verksamheter d\u00e4r flaskinneh\u00e5llet m\u00e5ste skyddas mot [&hellip;]","og_url":"https:\/\/nordiclabsupplies.com\/en\/product\/13mm-flip-top-seals-vit-rod-1000-pack\/","og_site_name":"Nordiclabsupplies.com","article_modified_time":"2025-12-15T07:52:19+00:00","og_image":[{"width":1766,"height":1342,"url":"https:\/\/nordiclabsupplies.com\/wp-content\/uploads\/2025\/12\/WhatsApp-Image-2025-12-14-at-12.28.10.jpeg","type":"image\/jpeg"}],"twitter_card":"summary_large_image","twitter_misc":{"Est. reading time":"2 minutes"},"schema":{"@context":"https:\/\/schema.org","@graph":[{"@type":"WebPage","@id":"https:\/\/nordiclabsupplies.com\/produkt\/13mm-flip-top-seals-vit-rod-1000-pack\/","url":"https:\/\/nordiclabsupplies.com\/produkt\/13mm-flip-top-seals-vit-rod-1000-pack\/","name":"13MM Flip Top Seals Vit\/R\u00f6d, 1000-Pack - Nordiclabsupplies.com","isPartOf":{"@id":"https:\/\/nordiclabsupplies.com\/#website"},"primaryImageOfPage":{"@id":"https:\/\/nordiclabsupplies.com\/produkt\/13mm-flip-top-seals-vit-rod-1000-pack\/#primaryimage"},"image":{"@id":"https:\/\/nordiclabsupplies.com\/produkt\/13mm-flip-top-seals-vit-rod-1000-pack\/#primaryimage"},"thumbnailUrl":"https:\/\/nordiclabsupplies.com\/wp-content\/uploads\/2025\/12\/WhatsApp-Image-2025-12-14-at-12.28.10.jpeg","datePublished":"2025-12-15T07:52:18+00:00","dateModified":"2025-12-15T07:52:19+00:00","breadcrumb":{"@id":"https:\/\/nordiclabsupplies.com\/produkt\/13mm-flip-top-seals-vit-rod-1000-pack\/#breadcrumb"},"inLanguage":"en-US","potentialAction":[{"@type":"ReadAction","target":["https:\/\/nordiclabsupplies.com\/produkt\/13mm-flip-top-seals-vit-rod-1000-pack\/"]}]},{"@type":"ImageObject","inLanguage":"en-US","@id":"https:\/\/nordiclabsupplies.com\/produkt\/13mm-flip-top-seals-vit-rod-1000-pack\/#primaryimage","url":"https:\/\/nordiclabsupplies.com\/wp-content\/uploads\/2025\/12\/WhatsApp-Image-2025-12-14-at-12.28.10.jpeg","contentUrl":"https:\/\/nordiclabsupplies.com\/wp-content\/uploads\/2025\/12\/WhatsApp-Image-2025-12-14-at-12.28.10.jpeg","width":1766,"height":1342},{"@type":"BreadcrumbList","@id":"https:\/\/nordiclabsupplies.com\/produkt\/13mm-flip-top-seals-vit-rod-1000-pack\/#breadcrumb","itemListElement":[{"@type":"ListItem","position":1,"name":"Home","item":"https:\/\/nordiclabsupplies.com\/"},{"@type":"ListItem","position":2,"name":"Butik","item":"https:\/\/nordiclabsupplies.com\/butik\/"},{"@type":"ListItem","position":3,"name":"13MM Flip Top Seals Vit\/R\u00f6d, 1000-Pack"}]},{"@type":"WebSite","@id":"https:\/\/nordiclabsupplies.com\/#website","url":"https:\/\/nordiclabsupplies.com\/","name":"Nordiclabsupplies.com","description":"","potentialAction":[{"@type":"SearchAction","target":{"@type":"EntryPoint","urlTemplate":"https:\/\/nordiclabsupplies.com\/?s={search_term_string}"},"query-input":{"@type":"PropertyValueSpecification","valueRequired":true,"valueName":"search_term_string"}}],"inLanguage":"en-US"}]}},"_links":{"self":[{"href":"https:\/\/nordiclabsupplies.com\/en\/wp-json\/wp\/v2\/product\/1835","targetHints":{"allow":["GET"]}}],"collection":[{"href":"https:\/\/nordiclabsupplies.com\/en\/wp-json\/wp\/v2\/product"}],"about":[{"href":"https:\/\/nordiclabsupplies.com\/en\/wp-json\/wp\/v2\/types\/product"}],"replies":[{"embeddable":true,"href":"https:\/\/nordiclabsupplies.com\/en\/wp-json\/wp\/v2\/comments?post=1835"}],"wp:featuredmedia":[{"embeddable":true,"href":"https:\/\/nordiclabsupplies.com\/en\/wp-json\/wp\/v2\/media\/1837"}],"wp:attachment":[{"href":"https:\/\/nordiclabsupplies.com\/en\/wp-json\/wp\/v2\/media?parent=1835"}],"wp:term":[{"taxonomy":"product_brand","embeddable":true,"href":"https:\/\/nordiclabsupplies.com\/en\/wp-json\/wp\/v2\/product_brand?post=1835"},{"taxonomy":"product_cat","embeddable":true,"href":"https:\/\/nordiclabsupplies.com\/en\/wp-json\/wp\/v2\/product_cat?post=1835"},{"taxonomy":"product_tag","embeddable":true,"href":"https:\/\/nordiclabsupplies.com\/en\/wp-json\/wp\/v2\/product_tag?post=1835"}],"curies":[{"name":"wp","href":"https:\/\/api.w.org\/{rel}","templated":true}]}}