{"id":1845,"date":"2025-12-15T08:58:52","date_gmt":"2025-12-15T07:58:52","guid":{"rendered":"https:\/\/nordiclabsupplies.com\/?post_type=product&#038;p=1845"},"modified":"2025-12-15T08:58:52","modified_gmt":"2025-12-15T07:58:52","slug":"13mm-flip-top-seals-gron-gron-1000-pack","status":"publish","type":"product","link":"https:\/\/nordiclabsupplies.com\/en\/product\/13mm-flip-top-seals-gron-gron-1000-pack\/","title":{"rendered":"13MM Flip Top Seals Gr\u00f6n\/Gr\u00f6n, 1000-Pack"},"content":{"rendered":"<h2 data-start=\"207\" data-end=\"281\"><strong data-start=\"210\" data-end=\"281\">13 mm Flip Top-t\u00e4tningar \u2013 Gr\u00f6n Aluminium med Gr\u00f6nt Lock (1000 st)<\/strong><\/h2>\n<p data-start=\"283\" data-end=\"595\">Beh\u00f6ver du en s\u00e4ker och professionell f\u00f6rsegling f\u00f6r dina flaskor? V\u00e5ra <strong data-start=\"355\" data-end=\"383\">13mm Flip Top Seals<\/strong> \u00e4r designade f\u00f6r att ge en t\u00e4t, h\u00e5llbar och l\u00e4ckagefri f\u00f6rslutning, vilket g\u00f6r dem idealiska f\u00f6r laboratorier, apotek, kemisk industri och andra verksamheter d\u00e4r flaskinneh\u00e5llet m\u00e5ste skyddas mot yttre p\u00e5verkan.<\/p>\n<p data-start=\"597\" data-end=\"882\">The stylish combination of <strong>Green<\/strong><strong data-start=\"627\" data-end=\"676\">\u00a0aluminiumfinish och gr\u00f6nt flip top-lock<\/strong> ger en modern, professionell och distinkt look. Oavsett om du arbetar med l\u00e4kemedel, forskning, kosmetik eller kemiska produkter, hj\u00e4lper dessa t\u00e4tningar dig att bevara inneh\u00e5llets kvalitet och sterilitet.<\/p>\n<h3 data-start=\"884\" data-end=\"925\">Why choose our Flip Top seals?<\/h3>\n<p data-start=\"927\" data-end=\"1187\">\u2705 <strong data-start=\"929\" data-end=\"962\">Secure &amp; Leak-Free Seal<\/strong><br data-start=\"962\" data-end=\"965\" \/>Dessa t\u00e4tningar \u00e4r utformade f\u00f6r att ge en t\u00e4t och p\u00e5litlig f\u00f6rslutning, vilket minskar risken f\u00f6r spill, oxidation och kontaminering. F\u00f6r b\u00e4sta m\u00f6jliga t\u00e4thet rekommenderar vi att anv\u00e4nda dem tillsammans med <a href=\"https:\/\/nordiclabsupplies.com\/en\/product\/eo-sterilized-13-d2-rubber-stopper-2000-pcs\/\"><span style=\"color: #3366ff;\">rubber stoppers<\/span><\/a>.<\/p>\n<p data-start=\"1189\" data-end=\"1374\">\u2705 <strong data-start=\"1191\" data-end=\"1221\">Easy &amp; Smooth Application<\/strong><br data-start=\"1221\" data-end=\"1224\" \/>Our flip top seals are compatible with <a href=\"https:\/\/nordiclabsupplies.com\/en\/product\/crimper-13mm-flip-tops\/\"><span style=\"color: #3366ff;\"><strong data-start=\"1266\" data-end=\"1302\">13mm Flip Top Crimper Tool<\/strong><\/span><\/a>, which allows you to easily and effectively apply them to the bottles.<\/p>\n<p data-start=\"1376\" data-end=\"1625\">\u2705 <strong data-start=\"1378\" data-end=\"1405\">High Quality Material<\/strong><br data-start=\"1405\" data-end=\"1408\" \/>Tillverkade av slitstarkt aluminium, vilket s\u00e4kerst\u00e4ller en stabil och s\u00e4ker f\u00f6rsegling. Det gr\u00f6na flip top-locket \u00e4r designat f\u00f6r att enkelt \u00f6ppnas och st\u00e4ngas, vilket m\u00f6jligg\u00f6r smidig hantering av flaskans inneh\u00e5ll.<\/p>\n<p data-start=\"1627\" data-end=\"1949\">\u2705 <strong data-start=\"1629\" data-end=\"1664\">Suitable for Many Applications<\/strong><br data-start=\"1664\" data-end=\"1667\" \/>Dessa flip top-t\u00e4tningar \u00e4r designade f\u00f6r att passa alla serumflaskor med en halsdiameter p\u00e5 <strong data-start=\"1760\" data-end=\"1769\">13 mm<\/strong>, making them perfect for:<br data-start=\"1799\" data-end=\"1802\" \/>\u2714 Pharmaceutical packaging<br data-start=\"1827\" data-end=\"1830\" \/>\u2714 Laboratory tests and research<br data-start=\"1863\" data-end=\"1866\" \/>\u2714 Cosmetic products and essential oils<br data-start=\"1910\" data-end=\"1913\" \/>\u2714 Chemical and industrial solutions<\/p>\n<p data-start=\"1951\" data-end=\"2213\">\u2705 <strong data-start=\"1953\" data-end=\"1987\">Elegant &amp; Professional Design<\/strong><br data-start=\"1987\" data-end=\"1990\" \/>Den Gr\u00f6na aluminiumfinishen i kombination med det gr\u00f6na flip top-locket ger en modern, stilren och professionell look. Perfekt f\u00f6r f\u00f6retag och laboratorier som vill ha en distinkt och enhetlig design p\u00e5 sina f\u00f6rpackningar.<\/p>\n<h3 data-start=\"2215\" data-end=\"2238\">Product information:<\/h3>\n<p data-start=\"2240\" data-end=\"2460\">\ud83d\udd39 <strong data-start=\"2243\" data-end=\"2253\">Number:<\/strong> 1000 pcs per package<br data-start=\"2277\" data-end=\"2280\" \/>\ud83d\udd39 <strong data-start=\"2283\" data-end=\"2295\">Size:<\/strong> Passar flaskor med 13 mm yttre diameter p\u00e5 halsen<br data-start=\"2345\" data-end=\"2348\" \/>\ud83d\udd39 <strong data-start=\"2351\" data-end=\"2364\">Material:<\/strong> High-quality aluminum with plastic lid<br data-start=\"2403\" data-end=\"2406\" \/>\ud83d\udd39 <strong data-start=\"2409\" data-end=\"2418\">Paint:<\/strong> Green aluminum with green flip top lid<\/p>\n<p data-start=\"2462\" data-end=\"2521\"><strong data-start=\"2462\" data-end=\"2521\">Order today for a safe and professional seal!<\/strong><\/p>\n<p data-start=\"2523\" data-end=\"2734\">En p\u00e5litlig t\u00e4tning \u00e4r avg\u00f6rande f\u00f6r att skydda flaskinneh\u00e5llet och s\u00e4kerst\u00e4lla produktens kvalitet. Best\u00e4ll dina <strong data-start=\"2637\" data-end=\"2665\">13mm Flip Top Seals<\/strong> idag och f\u00e5 en s\u00e4ker, h\u00e5llbar och estetiskt tilltalande f\u00f6rslutning!<\/p>\n<p data-start=\"2736\" data-end=\"2807\">\ud83d\udd39 <em data-start=\"2739\" data-end=\"2807\">Do you need a different color? <a href=\"https:\/\/nordiclabsupplies.com\/en\/product-category\/vialer-forslutning\/forslutning\/forslutningar-13-mm\/\"><span style=\"color: #3366ff;\">Se alla v\u00e5ra Flip Top-f\u00f6rslutningar h\u00e4r<\/span><\/a>.<\/em><\/p>","protected":false},"excerpt":{"rendered":"<p>13 mm Flip Top-t\u00e4tningar \u2013 Gr\u00f6n Aluminium med Gr\u00f6nt Lock (1000 st) Beh\u00f6ver du en s\u00e4ker och professionell f\u00f6rsegling f\u00f6r dina flaskor? V\u00e5ra 13 mm Flip Top-t\u00e4tningar \u00e4r designade f\u00f6r att ge en t\u00e4t, h\u00e5llbar och l\u00e4ckagefri f\u00f6rslutning, vilket g\u00f6r dem idealiska f\u00f6r laboratorier, apotek, kemisk industri och andra verksamheter d\u00e4r flaskinneh\u00e5llet m\u00e5ste skyddas mot [&hellip;]<\/p>","protected":false},"featured_media":1838,"comment_status":"open","ping_status":"closed","template":"","meta":{"_acf_changed":false},"product_brand":[],"product_cat":[49],"product_tag":[],"class_list":{"0":"post-1845","1":"product","2":"type-product","3":"status-publish","4":"has-post-thumbnail","6":"product_cat-forslutningar-13-mm","8":"first","9":"instock","10":"taxable","11":"shipping-taxable","12":"purchasable","13":"product-type-simple"},"acf":[],"yoast_head":"<!-- This site is optimized with the Yoast SEO plugin v27.4 - https:\/\/yoast.com\/product\/yoast-seo-wordpress\/ -->\n<title>13MM Flip Top Seals Gr\u00f6n\/Gr\u00f6n, 1000-Pack - Nordiclabsupplies.com<\/title>\n<meta name=\"robots\" content=\"index, follow, max-snippet:-1, max-image-preview:large, max-video-preview:-1\" \/>\n<link rel=\"canonical\" href=\"https:\/\/nordiclabsupplies.com\/en\/product\/13mm-flip-top-seals-gron-gron-1000-pack\/\" \/>\n<meta property=\"og:locale\" content=\"en_US\" \/>\n<meta property=\"og:type\" content=\"article\" \/>\n<meta property=\"og:title\" content=\"13MM Flip Top Seals Gr\u00f6n\/Gr\u00f6n, 1000-Pack - Nordiclabsupplies.com\" \/>\n<meta property=\"og:description\" content=\"13 mm Flip Top-t\u00e4tningar \u2013 Gr\u00f6n Aluminium med Gr\u00f6nt Lock (1000 st) Beh\u00f6ver du en s\u00e4ker och professionell f\u00f6rsegling f\u00f6r dina flaskor? V\u00e5ra 13 mm Flip Top-t\u00e4tningar \u00e4r designade f\u00f6r att ge en t\u00e4t, h\u00e5llbar och l\u00e4ckagefri f\u00f6rslutning, vilket g\u00f6r dem idealiska f\u00f6r laboratorier, apotek, kemisk industri och andra verksamheter d\u00e4r flaskinneh\u00e5llet m\u00e5ste skyddas mot [&hellip;]\" \/>\n<meta property=\"og:url\" content=\"https:\/\/nordiclabsupplies.com\/en\/product\/13mm-flip-top-seals-gron-gron-1000-pack\/\" \/>\n<meta property=\"og:site_name\" content=\"Nordiclabsupplies.com\" \/>\n<meta property=\"og:image\" content=\"https:\/\/nordiclabsupplies.com\/wp-content\/uploads\/2025\/12\/WhatsApp-Image-2025-12-14-at-12.28.11-1.jpeg\" \/>\n\t<meta property=\"og:image:width\" content=\"2048\" \/>\n\t<meta property=\"og:image:height\" content=\"1618\" \/>\n\t<meta property=\"og:image:type\" content=\"image\/jpeg\" \/>\n<meta name=\"twitter:card\" content=\"summary_large_image\" \/>\n<meta name=\"twitter:label1\" content=\"Est. reading time\" \/>\n\t<meta name=\"twitter:data1\" content=\"2 minutes\" \/>\n<script type=\"application\/ld+json\" class=\"yoast-schema-graph\">{\"@context\":\"https:\\\/\\\/schema.org\",\"@graph\":[{\"@type\":\"WebPage\",\"@id\":\"https:\\\/\\\/nordiclabsupplies.com\\\/produkt\\\/13mm-flip-top-seals-gron-gron-1000-pack\\\/\",\"url\":\"https:\\\/\\\/nordiclabsupplies.com\\\/produkt\\\/13mm-flip-top-seals-gron-gron-1000-pack\\\/\",\"name\":\"13MM Flip Top Seals Gr\u00f6n\\\/Gr\u00f6n, 1000-Pack - Nordiclabsupplies.com\",\"isPartOf\":{\"@id\":\"https:\\\/\\\/nordiclabsupplies.com\\\/#website\"},\"primaryImageOfPage\":{\"@id\":\"https:\\\/\\\/nordiclabsupplies.com\\\/produkt\\\/13mm-flip-top-seals-gron-gron-1000-pack\\\/#primaryimage\"},\"image\":{\"@id\":\"https:\\\/\\\/nordiclabsupplies.com\\\/produkt\\\/13mm-flip-top-seals-gron-gron-1000-pack\\\/#primaryimage\"},\"thumbnailUrl\":\"https:\\\/\\\/nordiclabsupplies.com\\\/wp-content\\\/uploads\\\/2025\\\/12\\\/WhatsApp-Image-2025-12-14-at-12.28.11-1.jpeg\",\"datePublished\":\"2025-12-15T07:58:52+00:00\",\"breadcrumb\":{\"@id\":\"https:\\\/\\\/nordiclabsupplies.com\\\/produkt\\\/13mm-flip-top-seals-gron-gron-1000-pack\\\/#breadcrumb\"},\"inLanguage\":\"en-US\",\"potentialAction\":[{\"@type\":\"ReadAction\",\"target\":[\"https:\\\/\\\/nordiclabsupplies.com\\\/produkt\\\/13mm-flip-top-seals-gron-gron-1000-pack\\\/\"]}]},{\"@type\":\"ImageObject\",\"inLanguage\":\"en-US\",\"@id\":\"https:\\\/\\\/nordiclabsupplies.com\\\/produkt\\\/13mm-flip-top-seals-gron-gron-1000-pack\\\/#primaryimage\",\"url\":\"https:\\\/\\\/nordiclabsupplies.com\\\/wp-content\\\/uploads\\\/2025\\\/12\\\/WhatsApp-Image-2025-12-14-at-12.28.11-1.jpeg\",\"contentUrl\":\"https:\\\/\\\/nordiclabsupplies.com\\\/wp-content\\\/uploads\\\/2025\\\/12\\\/WhatsApp-Image-2025-12-14-at-12.28.11-1.jpeg\",\"width\":2048,\"height\":1618},{\"@type\":\"BreadcrumbList\",\"@id\":\"https:\\\/\\\/nordiclabsupplies.com\\\/produkt\\\/13mm-flip-top-seals-gron-gron-1000-pack\\\/#breadcrumb\",\"itemListElement\":[{\"@type\":\"ListItem\",\"position\":1,\"name\":\"Home\",\"item\":\"https:\\\/\\\/nordiclabsupplies.com\\\/\"},{\"@type\":\"ListItem\",\"position\":2,\"name\":\"Butik\",\"item\":\"https:\\\/\\\/nordiclabsupplies.com\\\/butik\\\/\"},{\"@type\":\"ListItem\",\"position\":3,\"name\":\"13MM Flip Top Seals Gr\u00f6n\\\/Gr\u00f6n, 1000-Pack\"}]},{\"@type\":\"WebSite\",\"@id\":\"https:\\\/\\\/nordiclabsupplies.com\\\/#website\",\"url\":\"https:\\\/\\\/nordiclabsupplies.com\\\/\",\"name\":\"Nordiclabsupplies.com\",\"description\":\"\",\"potentialAction\":[{\"@type\":\"SearchAction\",\"target\":{\"@type\":\"EntryPoint\",\"urlTemplate\":\"https:\\\/\\\/nordiclabsupplies.com\\\/?s={search_term_string}\"},\"query-input\":{\"@type\":\"PropertyValueSpecification\",\"valueRequired\":true,\"valueName\":\"search_term_string\"}}],\"inLanguage\":\"en-US\"}]}<\/script>\n<!-- \/ Yoast SEO plugin. -->","yoast_head_json":{"title":"13MM Flip Top Seals Gr\u00f6n\/Gr\u00f6n, 1000-Pack - Nordiclabsupplies.com","robots":{"index":"index","follow":"follow","max-snippet":"max-snippet:-1","max-image-preview":"max-image-preview:large","max-video-preview":"max-video-preview:-1"},"canonical":"https:\/\/nordiclabsupplies.com\/en\/product\/13mm-flip-top-seals-gron-gron-1000-pack\/","og_locale":"en_US","og_type":"article","og_title":"13MM Flip Top Seals Gr\u00f6n\/Gr\u00f6n, 1000-Pack - Nordiclabsupplies.com","og_description":"13 mm Flip Top-t\u00e4tningar \u2013 Gr\u00f6n Aluminium med Gr\u00f6nt Lock (1000 st) Beh\u00f6ver du en s\u00e4ker och professionell f\u00f6rsegling f\u00f6r dina flaskor? V\u00e5ra 13 mm Flip Top-t\u00e4tningar \u00e4r designade f\u00f6r att ge en t\u00e4t, h\u00e5llbar och l\u00e4ckagefri f\u00f6rslutning, vilket g\u00f6r dem idealiska f\u00f6r laboratorier, apotek, kemisk industri och andra verksamheter d\u00e4r flaskinneh\u00e5llet m\u00e5ste skyddas mot [&hellip;]","og_url":"https:\/\/nordiclabsupplies.com\/en\/product\/13mm-flip-top-seals-gron-gron-1000-pack\/","og_site_name":"Nordiclabsupplies.com","og_image":[{"width":2048,"height":1618,"url":"https:\/\/nordiclabsupplies.com\/wp-content\/uploads\/2025\/12\/WhatsApp-Image-2025-12-14-at-12.28.11-1.jpeg","type":"image\/jpeg"}],"twitter_card":"summary_large_image","twitter_misc":{"Est. reading time":"2 minutes"},"schema":{"@context":"https:\/\/schema.org","@graph":[{"@type":"WebPage","@id":"https:\/\/nordiclabsupplies.com\/produkt\/13mm-flip-top-seals-gron-gron-1000-pack\/","url":"https:\/\/nordiclabsupplies.com\/produkt\/13mm-flip-top-seals-gron-gron-1000-pack\/","name":"13MM Flip Top Seals Gr\u00f6n\/Gr\u00f6n, 1000-Pack - Nordiclabsupplies.com","isPartOf":{"@id":"https:\/\/nordiclabsupplies.com\/#website"},"primaryImageOfPage":{"@id":"https:\/\/nordiclabsupplies.com\/produkt\/13mm-flip-top-seals-gron-gron-1000-pack\/#primaryimage"},"image":{"@id":"https:\/\/nordiclabsupplies.com\/produkt\/13mm-flip-top-seals-gron-gron-1000-pack\/#primaryimage"},"thumbnailUrl":"https:\/\/nordiclabsupplies.com\/wp-content\/uploads\/2025\/12\/WhatsApp-Image-2025-12-14-at-12.28.11-1.jpeg","datePublished":"2025-12-15T07:58:52+00:00","breadcrumb":{"@id":"https:\/\/nordiclabsupplies.com\/produkt\/13mm-flip-top-seals-gron-gron-1000-pack\/#breadcrumb"},"inLanguage":"en-US","potentialAction":[{"@type":"ReadAction","target":["https:\/\/nordiclabsupplies.com\/produkt\/13mm-flip-top-seals-gron-gron-1000-pack\/"]}]},{"@type":"ImageObject","inLanguage":"en-US","@id":"https:\/\/nordiclabsupplies.com\/produkt\/13mm-flip-top-seals-gron-gron-1000-pack\/#primaryimage","url":"https:\/\/nordiclabsupplies.com\/wp-content\/uploads\/2025\/12\/WhatsApp-Image-2025-12-14-at-12.28.11-1.jpeg","contentUrl":"https:\/\/nordiclabsupplies.com\/wp-content\/uploads\/2025\/12\/WhatsApp-Image-2025-12-14-at-12.28.11-1.jpeg","width":2048,"height":1618},{"@type":"BreadcrumbList","@id":"https:\/\/nordiclabsupplies.com\/produkt\/13mm-flip-top-seals-gron-gron-1000-pack\/#breadcrumb","itemListElement":[{"@type":"ListItem","position":1,"name":"Home","item":"https:\/\/nordiclabsupplies.com\/"},{"@type":"ListItem","position":2,"name":"Butik","item":"https:\/\/nordiclabsupplies.com\/butik\/"},{"@type":"ListItem","position":3,"name":"13MM Flip Top Seals Gr\u00f6n\/Gr\u00f6n, 1000-Pack"}]},{"@type":"WebSite","@id":"https:\/\/nordiclabsupplies.com\/#website","url":"https:\/\/nordiclabsupplies.com\/","name":"Nordiclabsupplies.com","description":"","potentialAction":[{"@type":"SearchAction","target":{"@type":"EntryPoint","urlTemplate":"https:\/\/nordiclabsupplies.com\/?s={search_term_string}"},"query-input":{"@type":"PropertyValueSpecification","valueRequired":true,"valueName":"search_term_string"}}],"inLanguage":"en-US"}]}},"_links":{"self":[{"href":"https:\/\/nordiclabsupplies.com\/en\/wp-json\/wp\/v2\/product\/1845","targetHints":{"allow":["GET"]}}],"collection":[{"href":"https:\/\/nordiclabsupplies.com\/en\/wp-json\/wp\/v2\/product"}],"about":[{"href":"https:\/\/nordiclabsupplies.com\/en\/wp-json\/wp\/v2\/types\/product"}],"replies":[{"embeddable":true,"href":"https:\/\/nordiclabsupplies.com\/en\/wp-json\/wp\/v2\/comments?post=1845"}],"wp:featuredmedia":[{"embeddable":true,"href":"https:\/\/nordiclabsupplies.com\/en\/wp-json\/wp\/v2\/media\/1838"}],"wp:attachment":[{"href":"https:\/\/nordiclabsupplies.com\/en\/wp-json\/wp\/v2\/media?parent=1845"}],"wp:term":[{"taxonomy":"product_brand","embeddable":true,"href":"https:\/\/nordiclabsupplies.com\/en\/wp-json\/wp\/v2\/product_brand?post=1845"},{"taxonomy":"product_cat","embeddable":true,"href":"https:\/\/nordiclabsupplies.com\/en\/wp-json\/wp\/v2\/product_cat?post=1845"},{"taxonomy":"product_tag","embeddable":true,"href":"https:\/\/nordiclabsupplies.com\/en\/wp-json\/wp\/v2\/product_tag?post=1845"}],"curies":[{"name":"wp","href":"https:\/\/api.w.org\/{rel}","templated":true}]}}