{"id":225,"date":"2024-05-29T14:42:07","date_gmt":"2024-05-29T13:42:07","guid":{"rendered":"https:\/\/nordiclab.webgiantdemo.se\/produkt\/20mm-center-tear-guld-1000st\/"},"modified":"2025-12-14T15:05:43","modified_gmt":"2025-12-14T14:05:43","slug":"20mm-center-tear-guld-1000st","status":"publish","type":"product","link":"https:\/\/nordiclabsupplies.com\/en\/product\/20mm-center-tear-gold-1000pcs\/","title":{"rendered":"20MM Center Tear Seals Gold, 1000-Pack"},"content":{"rendered":"<p><strong>Number:<\/strong> 1000 pieces<br \/>\n<strong>Size:<\/strong> 20mm<br \/>\n<strong>Material:<\/strong> Gold<br \/>\n<strong>Type:<\/strong> Center Tear Seal<\/p>\n<p>These 20mm Center Tear seals are designed to offer easy access to the contents of the bottle without having to remove the entire seal. They fit bottles with an outer diameter of 20mm, and this pack contains 1000 seals.<\/p>\n<p><strong>Main features:<\/strong><\/p>\n<ul>\n<li><strong>Easy to Open:<\/strong> The Center Tear design allows you to easily access the contents of the bottle by tearing open the center of the seal, without removing the entire cap.<\/li>\n<li><strong>High Quality Seal:<\/strong> These seals offer a reliable and secure seal to protect the contents of the bottles. For optimal tightness, they can be used together with rubber tops. You find them <span style=\"color: #0000ff;\"><a style=\"color: #0000ff;\" href=\"https:\/\/nordiclabsupplies.com\/en\/product\/injection-stopper-sterile-20mm-2000pcs\/\" target=\"_new\" rel=\"noopener\">here<\/a><\/span>.<\/li>\n<li><strong>Easy Application:<\/strong> Compatible with our 20mm Center Tear Crimper tool, making them easy to apply effectively. You can find the tool <span style=\"color: #0000ff;\"><a style=\"color: #0000ff;\" target=\"_new\" rel=\"noopener\">here<\/a><\/span>.<\/li>\n<li><strong>Distinctive Appearance:<\/strong> The gold colored design provides an elegant and professional look that suits different industries.<\/li>\n<li><strong>Versatile Compatibility:<\/strong> These seals perfectly fit all serum bottles with an outer diameter of 20 mm on the neck.<\/li>\n<\/ul>\n<p>Regardless of your industry, be it laboratory, pharmacy or any other area that requires reliable seals, these 20mm Center Tear seals ensure the protection and integrity of the bottle&#039;s contents.<\/p>\n<p><strong>Note:<\/strong> This pack contains Gold Center Tear Seals. To ensure optimal tightness, use together with rubber tops. If you prefer a different color or style, see our other options.<\/p>","protected":false},"excerpt":{"rendered":"<p>Quantity: 1000 pieces Size: 20mm Material: Gold Type: Center Tear Seal These 20mm Center Tear seals are designed to offer easy access to the contents of the bottle without having to remove the entire seal. They fit bottles with an outer diameter of 20mm, and this pack contains 1000 seals. Key Features: Easy to Open: The Center Tear design [\u2026]<\/p>","protected":false},"featured_media":831,"comment_status":"open","ping_status":"closed","template":"","meta":{"_acf_changed":false},"product_brand":[],"product_cat":[48],"product_tag":[],"class_list":{"0":"post-225","1":"product","2":"type-product","3":"status-publish","4":"has-post-thumbnail","6":"product_cat-forslutningar-20-mm","8":"first","9":"instock","10":"taxable","11":"shipping-taxable","12":"purchasable","13":"product-type-simple"},"acf":[],"yoast_head":"<!-- This site is optimized with the Yoast SEO Premium plugin v22.6 (Yoast SEO v27.4) - https:\/\/yoast.com\/product\/yoast-seo-premium-wordpress\/ -->\n<title>20MM Center Tear Seals Guld, 1000-Pack - Nordiclabsupplies.com<\/title>\n<meta name=\"robots\" content=\"index, follow, max-snippet:-1, max-image-preview:large, max-video-preview:-1\" \/>\n<link rel=\"canonical\" href=\"https:\/\/nordiclabsupplies.com\/en\/product\/20mm-center-tear-gold-1000pcs\/\" \/>\n<meta property=\"og:locale\" content=\"en_US\" \/>\n<meta property=\"og:type\" content=\"article\" \/>\n<meta property=\"og:title\" content=\"20MM Center Tear Seals Guld, 1000-Pack\" \/>\n<meta property=\"og:description\" content=\"Antal: 1000 stycken Storlek: 20mm Material: Guld Typ: Center Tear Seal Dessa 20 mm Center Tear-t\u00e4tningar \u00e4r utformade f\u00f6r att erbjuda enkel \u00e5tkomst till flaskans inneh\u00e5ll utan att beh\u00f6va ta bort hela t\u00e4tningen. De passar flaskor med en yttre diameter p\u00e5 20 mm, och denna f\u00f6rpackning inneh\u00e5ller 1000 t\u00e4tningar. Huvudfunktioner: L\u00e4tt att \u00d6ppna: Center Tear-designen [&hellip;]\" \/>\n<meta property=\"og:url\" content=\"https:\/\/nordiclabsupplies.com\/en\/product\/20mm-center-tear-gold-1000pcs\/\" \/>\n<meta property=\"og:site_name\" content=\"Nordiclabsupplies.com\" \/>\n<meta property=\"article:modified_time\" content=\"2025-12-14T14:05:43+00:00\" \/>\n<meta property=\"og:image\" content=\"https:\/\/nordiclabsupplies.com\/wp-content\/uploads\/2024\/05\/0C5A0959_resultat_resultat-scaled-e1730824764257.jpg\" \/>\n\t<meta property=\"og:image:width\" content=\"1664\" \/>\n\t<meta property=\"og:image:height\" content=\"1224\" \/>\n\t<meta property=\"og:image:type\" content=\"image\/jpeg\" \/>\n<meta name=\"twitter:card\" content=\"summary_large_image\" \/>\n<meta name=\"twitter:label1\" content=\"Price\" \/>\n\t<meta name=\"twitter:data1\" content=\"1000,00&nbsp;&#107;&#114;\" \/>\n\t<meta name=\"twitter:label2\" content=\"Availability\" \/>\n\t<meta name=\"twitter:data2\" content=\"In stock\" \/>\n<script type=\"application\/ld+json\" class=\"yoast-schema-graph\">{\"@context\":\"https:\\\/\\\/schema.org\",\"@graph\":[{\"@type\":\"WebPage\",\"@id\":\"https:\\\/\\\/nordiclabsupplies.com\\\/produkt\\\/20mm-center-tear-guld-1000st\\\/\",\"url\":\"https:\\\/\\\/nordiclabsupplies.com\\\/produkt\\\/20mm-center-tear-guld-1000st\\\/\",\"name\":\"20MM Center Tear Seals Guld, 1000-Pack - Nordiclabsupplies.com\",\"isPartOf\":{\"@id\":\"https:\\\/\\\/nordiclabsupplies.com\\\/#website\"},\"primaryImageOfPage\":{\"@id\":\"https:\\\/\\\/nordiclabsupplies.com\\\/produkt\\\/20mm-center-tear-guld-1000st\\\/#primaryimage\"},\"image\":{\"@id\":\"https:\\\/\\\/nordiclabsupplies.com\\\/produkt\\\/20mm-center-tear-guld-1000st\\\/#primaryimage\"},\"thumbnailUrl\":\"https:\\\/\\\/nordiclabsupplies.com\\\/wp-content\\\/uploads\\\/2024\\\/05\\\/0C5A0959_resultat_resultat-scaled-e1730824764257.jpg\",\"datePublished\":\"2024-05-29T13:42:07+00:00\",\"dateModified\":\"2025-12-14T14:05:43+00:00\",\"breadcrumb\":{\"@id\":\"https:\\\/\\\/nordiclabsupplies.com\\\/produkt\\\/20mm-center-tear-guld-1000st\\\/#breadcrumb\"},\"inLanguage\":\"en-US\",\"potentialAction\":[{\"@type\":\"ReadAction\",\"target\":[\"https:\\\/\\\/nordiclabsupplies.com\\\/produkt\\\/20mm-center-tear-guld-1000st\\\/\"]}]},{\"@type\":\"ImageObject\",\"inLanguage\":\"en-US\",\"@id\":\"https:\\\/\\\/nordiclabsupplies.com\\\/produkt\\\/20mm-center-tear-guld-1000st\\\/#primaryimage\",\"url\":\"https:\\\/\\\/nordiclabsupplies.com\\\/wp-content\\\/uploads\\\/2024\\\/05\\\/0C5A0959_resultat_resultat-scaled-e1730824764257.jpg\",\"contentUrl\":\"https:\\\/\\\/nordiclabsupplies.com\\\/wp-content\\\/uploads\\\/2024\\\/05\\\/0C5A0959_resultat_resultat-scaled-e1730824764257.jpg\",\"width\":1664,\"height\":1224},{\"@type\":\"BreadcrumbList\",\"@id\":\"https:\\\/\\\/nordiclabsupplies.com\\\/produkt\\\/20mm-center-tear-guld-1000st\\\/#breadcrumb\",\"itemListElement\":[{\"@type\":\"ListItem\",\"position\":1,\"name\":\"Home\",\"item\":\"https:\\\/\\\/nordiclabsupplies.com\\\/\"},{\"@type\":\"ListItem\",\"position\":2,\"name\":\"Butik\",\"item\":\"https:\\\/\\\/nordiclabsupplies.com\\\/butik\\\/\"},{\"@type\":\"ListItem\",\"position\":3,\"name\":\"20MM Center Tear Seals Guld, 1000-Pack\"}]},{\"@type\":\"WebSite\",\"@id\":\"https:\\\/\\\/nordiclabsupplies.com\\\/#website\",\"url\":\"https:\\\/\\\/nordiclabsupplies.com\\\/\",\"name\":\"Nordiclabsupplies.com\",\"description\":\"\",\"potentialAction\":[{\"@type\":\"SearchAction\",\"target\":{\"@type\":\"EntryPoint\",\"urlTemplate\":\"https:\\\/\\\/nordiclabsupplies.com\\\/?s={search_term_string}\"},\"query-input\":{\"@type\":\"PropertyValueSpecification\",\"valueRequired\":true,\"valueName\":\"search_term_string\"}}],\"inLanguage\":\"en-US\"}]}<\/script>\n<meta property=\"product:price:amount\" content=\"1000.00\" \/>\n<meta property=\"product:price:currency\" content=\"SEK\" \/>\n<meta property=\"og:availability\" content=\"instock\" \/>\n<meta property=\"product:availability\" content=\"instock\" \/>\n<meta property=\"product:retailer_item_id\" content=\"16295159\" \/>\n<meta property=\"product:condition\" content=\"new\" \/>\n<!-- \/ Yoast SEO Premium plugin. -->","yoast_head_json":{"title":"20MM Center Tear Seals Guld, 1000-Pack - Nordiclabsupplies.com","robots":{"index":"index","follow":"follow","max-snippet":"max-snippet:-1","max-image-preview":"max-image-preview:large","max-video-preview":"max-video-preview:-1"},"canonical":"https:\/\/nordiclabsupplies.com\/en\/product\/20mm-center-tear-gold-1000pcs\/","og_locale":"en_US","og_type":"article","og_title":"20MM Center Tear Seals Guld, 1000-Pack","og_description":"Antal: 1000 stycken Storlek: 20mm Material: Guld Typ: Center Tear Seal Dessa 20 mm Center Tear-t\u00e4tningar \u00e4r utformade f\u00f6r att erbjuda enkel \u00e5tkomst till flaskans inneh\u00e5ll utan att beh\u00f6va ta bort hela t\u00e4tningen. De passar flaskor med en yttre diameter p\u00e5 20 mm, och denna f\u00f6rpackning inneh\u00e5ller 1000 t\u00e4tningar. Huvudfunktioner: L\u00e4tt att \u00d6ppna: Center Tear-designen [&hellip;]","og_url":"https:\/\/nordiclabsupplies.com\/en\/product\/20mm-center-tear-gold-1000pcs\/","og_site_name":"Nordiclabsupplies.com","article_modified_time":"2025-12-14T14:05:43+00:00","og_image":[{"width":1664,"height":1224,"url":"https:\/\/nordiclabsupplies.com\/wp-content\/uploads\/2024\/05\/0C5A0959_resultat_resultat-scaled-e1730824764257.jpg","type":"image\/jpeg"}],"twitter_card":"summary_large_image","twitter_misc":{"Price":"1000,00&nbsp;&#107;&#114;","Availability":"In stock"},"schema":{"@context":"https:\/\/schema.org","@graph":[{"@type":"WebPage","@id":"https:\/\/nordiclabsupplies.com\/produkt\/20mm-center-tear-guld-1000st\/","url":"https:\/\/nordiclabsupplies.com\/produkt\/20mm-center-tear-guld-1000st\/","name":"20MM Center Tear Seals Guld, 1000-Pack - Nordiclabsupplies.com","isPartOf":{"@id":"https:\/\/nordiclabsupplies.com\/#website"},"primaryImageOfPage":{"@id":"https:\/\/nordiclabsupplies.com\/produkt\/20mm-center-tear-guld-1000st\/#primaryimage"},"image":{"@id":"https:\/\/nordiclabsupplies.com\/produkt\/20mm-center-tear-guld-1000st\/#primaryimage"},"thumbnailUrl":"https:\/\/nordiclabsupplies.com\/wp-content\/uploads\/2024\/05\/0C5A0959_resultat_resultat-scaled-e1730824764257.jpg","datePublished":"2024-05-29T13:42:07+00:00","dateModified":"2025-12-14T14:05:43+00:00","breadcrumb":{"@id":"https:\/\/nordiclabsupplies.com\/produkt\/20mm-center-tear-guld-1000st\/#breadcrumb"},"inLanguage":"en-US","potentialAction":[{"@type":"ReadAction","target":["https:\/\/nordiclabsupplies.com\/produkt\/20mm-center-tear-guld-1000st\/"]}]},{"@type":"ImageObject","inLanguage":"en-US","@id":"https:\/\/nordiclabsupplies.com\/produkt\/20mm-center-tear-guld-1000st\/#primaryimage","url":"https:\/\/nordiclabsupplies.com\/wp-content\/uploads\/2024\/05\/0C5A0959_resultat_resultat-scaled-e1730824764257.jpg","contentUrl":"https:\/\/nordiclabsupplies.com\/wp-content\/uploads\/2024\/05\/0C5A0959_resultat_resultat-scaled-e1730824764257.jpg","width":1664,"height":1224},{"@type":"BreadcrumbList","@id":"https:\/\/nordiclabsupplies.com\/produkt\/20mm-center-tear-guld-1000st\/#breadcrumb","itemListElement":[{"@type":"ListItem","position":1,"name":"Home","item":"https:\/\/nordiclabsupplies.com\/"},{"@type":"ListItem","position":2,"name":"Butik","item":"https:\/\/nordiclabsupplies.com\/butik\/"},{"@type":"ListItem","position":3,"name":"20MM Center Tear Seals Guld, 1000-Pack"}]},{"@type":"WebSite","@id":"https:\/\/nordiclabsupplies.com\/#website","url":"https:\/\/nordiclabsupplies.com\/","name":"Nordiclabsupplies.com","description":"","potentialAction":[{"@type":"SearchAction","target":{"@type":"EntryPoint","urlTemplate":"https:\/\/nordiclabsupplies.com\/?s={search_term_string}"},"query-input":{"@type":"PropertyValueSpecification","valueRequired":true,"valueName":"search_term_string"}}],"inLanguage":"en-US"}]},"product_price_amount":"1000.00","product_price_currency":"SEK","og_availability":"instock","product_availability":"instock","product_retailer_item_id":"16295159","product_condition":"new"},"_links":{"self":[{"href":"https:\/\/nordiclabsupplies.com\/en\/wp-json\/wp\/v2\/product\/225","targetHints":{"allow":["GET"]}}],"collection":[{"href":"https:\/\/nordiclabsupplies.com\/en\/wp-json\/wp\/v2\/product"}],"about":[{"href":"https:\/\/nordiclabsupplies.com\/en\/wp-json\/wp\/v2\/types\/product"}],"replies":[{"embeddable":true,"href":"https:\/\/nordiclabsupplies.com\/en\/wp-json\/wp\/v2\/comments?post=225"}],"wp:featuredmedia":[{"embeddable":true,"href":"https:\/\/nordiclabsupplies.com\/en\/wp-json\/wp\/v2\/media\/831"}],"wp:attachment":[{"href":"https:\/\/nordiclabsupplies.com\/en\/wp-json\/wp\/v2\/media?parent=225"}],"wp:term":[{"taxonomy":"product_brand","embeddable":true,"href":"https:\/\/nordiclabsupplies.com\/en\/wp-json\/wp\/v2\/product_brand?post=225"},{"taxonomy":"product_cat","embeddable":true,"href":"https:\/\/nordiclabsupplies.com\/en\/wp-json\/wp\/v2\/product_cat?post=225"},{"taxonomy":"product_tag","embeddable":true,"href":"https:\/\/nordiclabsupplies.com\/en\/wp-json\/wp\/v2\/product_tag?post=225"}],"curies":[{"name":"wp","href":"https:\/\/api.w.org\/{rel}","templated":true}]}}