{"id":231,"date":"2024-05-29T14:42:09","date_gmt":"2024-05-29T13:42:09","guid":{"rendered":"https:\/\/nordiclab.webgiantdemo.se\/produkt\/bindemedel-15kg\/"},"modified":"2026-02-18T19:06:20","modified_gmt":"2026-02-18T18:06:20","slug":"bindemedel-15kg","status":"publish","type":"product","link":"https:\/\/nordiclabsupplies.com\/en\/product\/binder-15kg\/","title":{"rendered":"Binder 15kg"},"content":{"rendered":"<p>Microcrystalline Cellulose 102 USP, Copovidone USP, Croscarmellose Sodium NF, Precipitated Silica USP, Sodium Stearyl Fumarate NF:<\/p>\n<p>\u201cOur unique product combines high-quality ingredients to achieve an outstanding pharmaceutical formulation. Microcrystalline Cellulose 102 USP forms a stable and versatile base for the preparation and contributes to optimal compressibility. Copovidone USP, a water-soluble polymer, improves dispersion and increases the overall stability of the product.<\/p>\n<p>The addition of Croscarmellose Sodium NF improves disintegration and solubility, resulting in a faster release of active substances. Precipitated Silica USP acts as a surface optimizing component, contributing to smoothness and reducing clumping.<\/p>\n<p>To ensure smooth and consistent tableting, we have included Sodium Stearyl Fumarate NF as a glidant and lubricant. This combination of ingredients enables effective and reliable formulation of drugs and dietary supplements, resulting in products of the highest quality.<\/p>","protected":false},"excerpt":{"rendered":"<p>Microcrystalline Cellulose 102 USP, Copovidone USP, Croscarmellose Sodium NF, Precipitated Silica USP, Sodium Stearyl Fumarate NF: \u201cOur unique product combines high-quality ingredients to achieve an outstanding pharmaceutical formulation. Microcrystalline Cellulose 102 USP provides a stable and versatile base for the formulation and contributes to optimal compressibility. Copovidone USP, a water-soluble polymer, improves dispersion and increases [\u2026]<\/p>","protected":false},"featured_media":230,"comment_status":"open","ping_status":"closed","template":"","meta":{"_acf_changed":false},"product_brand":[],"product_cat":[33],"product_tag":[],"class_list":{"0":"post-231","1":"product","2":"type-product","3":"status-publish","4":"has-post-thumbnail","6":"product_cat-bindemedel","8":"first","9":"instock","10":"taxable","11":"shipping-taxable","12":"purchasable","13":"product-type-simple"},"acf":[],"yoast_head":"<!-- This site is optimized with the Yoast SEO plugin v27.4 - https:\/\/yoast.com\/product\/yoast-seo-wordpress\/ -->\n<title>Bindemedel 15kg - Nordiclabsupplies.com<\/title>\n<meta name=\"description\" content=\"Tillsatsen av Croscarmellose Sodium NF f\u00f6rb\u00e4ttrar disintegrationen och l\u00f6sligheten, vilket resulterar i en snabbare fris\u00e4ttning av aktiva \u00e4mnen.\" \/>\n<meta name=\"robots\" content=\"index, follow, max-snippet:-1, max-image-preview:large, max-video-preview:-1\" \/>\n<link rel=\"canonical\" href=\"https:\/\/nordiclabsupplies.com\/en\/product\/binder-15kg\/\" \/>\n<meta property=\"og:locale\" content=\"en_US\" \/>\n<meta property=\"og:type\" content=\"article\" \/>\n<meta property=\"og:title\" content=\"Bindemedel 15kg - Nordiclabsupplies.com\" \/>\n<meta property=\"og:description\" content=\"Tillsatsen av Croscarmellose Sodium NF f\u00f6rb\u00e4ttrar disintegrationen och l\u00f6sligheten, vilket resulterar i en snabbare fris\u00e4ttning av aktiva \u00e4mnen.\" \/>\n<meta property=\"og:url\" content=\"https:\/\/nordiclabsupplies.com\/en\/product\/binder-15kg\/\" \/>\n<meta property=\"og:site_name\" content=\"Nordiclabsupplies.com\" \/>\n<meta property=\"article:modified_time\" content=\"2026-02-18T18:06:20+00:00\" \/>\n<meta property=\"og:image\" content=\"https:\/\/nordiclabsupplies.com\/wp-content\/uploads\/2024\/05\/bindemedel-22723.jpg\" \/>\n\t<meta property=\"og:image:width\" content=\"400\" \/>\n\t<meta property=\"og:image:height\" content=\"355\" \/>\n\t<meta property=\"og:image:type\" content=\"image\/jpeg\" \/>\n<meta name=\"twitter:card\" content=\"summary_large_image\" \/>\n<meta name=\"twitter:label1\" content=\"Est. reading time\" \/>\n\t<meta name=\"twitter:data1\" content=\"1 minute\" \/>\n<script type=\"application\/ld+json\" class=\"yoast-schema-graph\">{\"@context\":\"https:\\\/\\\/schema.org\",\"@graph\":[{\"@type\":\"WebPage\",\"@id\":\"https:\\\/\\\/nordiclabsupplies.com\\\/produkt\\\/bindemedel-15kg\\\/\",\"url\":\"https:\\\/\\\/nordiclabsupplies.com\\\/produkt\\\/bindemedel-15kg\\\/\",\"name\":\"Bindemedel 15kg - Nordiclabsupplies.com\",\"isPartOf\":{\"@id\":\"https:\\\/\\\/nordiclabsupplies.com\\\/#website\"},\"primaryImageOfPage\":{\"@id\":\"https:\\\/\\\/nordiclabsupplies.com\\\/produkt\\\/bindemedel-15kg\\\/#primaryimage\"},\"image\":{\"@id\":\"https:\\\/\\\/nordiclabsupplies.com\\\/produkt\\\/bindemedel-15kg\\\/#primaryimage\"},\"thumbnailUrl\":\"https:\\\/\\\/nordiclabsupplies.com\\\/wp-content\\\/uploads\\\/2024\\\/05\\\/bindemedel-22723.jpg\",\"datePublished\":\"2024-05-29T13:42:09+00:00\",\"dateModified\":\"2026-02-18T18:06:20+00:00\",\"description\":\"Tillsatsen av Croscarmellose Sodium NF f\u00f6rb\u00e4ttrar disintegrationen och l\u00f6sligheten, vilket resulterar i en snabbare fris\u00e4ttning av aktiva \u00e4mnen.\",\"breadcrumb\":{\"@id\":\"https:\\\/\\\/nordiclabsupplies.com\\\/produkt\\\/bindemedel-15kg\\\/#breadcrumb\"},\"inLanguage\":\"en-US\",\"potentialAction\":[{\"@type\":\"ReadAction\",\"target\":[\"https:\\\/\\\/nordiclabsupplies.com\\\/produkt\\\/bindemedel-15kg\\\/\"]}]},{\"@type\":\"ImageObject\",\"inLanguage\":\"en-US\",\"@id\":\"https:\\\/\\\/nordiclabsupplies.com\\\/produkt\\\/bindemedel-15kg\\\/#primaryimage\",\"url\":\"https:\\\/\\\/nordiclabsupplies.com\\\/wp-content\\\/uploads\\\/2024\\\/05\\\/bindemedel-22723.jpg\",\"contentUrl\":\"https:\\\/\\\/nordiclabsupplies.com\\\/wp-content\\\/uploads\\\/2024\\\/05\\\/bindemedel-22723.jpg\",\"width\":400,\"height\":355},{\"@type\":\"BreadcrumbList\",\"@id\":\"https:\\\/\\\/nordiclabsupplies.com\\\/produkt\\\/bindemedel-15kg\\\/#breadcrumb\",\"itemListElement\":[{\"@type\":\"ListItem\",\"position\":1,\"name\":\"Home\",\"item\":\"https:\\\/\\\/nordiclabsupplies.com\\\/\"},{\"@type\":\"ListItem\",\"position\":2,\"name\":\"Butik\",\"item\":\"https:\\\/\\\/nordiclabsupplies.com\\\/butik\\\/\"},{\"@type\":\"ListItem\",\"position\":3,\"name\":\"Bindemedel 15kg\"}]},{\"@type\":\"WebSite\",\"@id\":\"https:\\\/\\\/nordiclabsupplies.com\\\/#website\",\"url\":\"https:\\\/\\\/nordiclabsupplies.com\\\/\",\"name\":\"Nordiclabsupplies.com\",\"description\":\"\",\"potentialAction\":[{\"@type\":\"SearchAction\",\"target\":{\"@type\":\"EntryPoint\",\"urlTemplate\":\"https:\\\/\\\/nordiclabsupplies.com\\\/?s={search_term_string}\"},\"query-input\":{\"@type\":\"PropertyValueSpecification\",\"valueRequired\":true,\"valueName\":\"search_term_string\"}}],\"inLanguage\":\"en-US\"}]}<\/script>\n<!-- \/ Yoast SEO plugin. -->","yoast_head_json":{"title":"Bindemedel 15kg - Nordiclabsupplies.com","description":"Tillsatsen av Croscarmellose Sodium NF f\u00f6rb\u00e4ttrar disintegrationen och l\u00f6sligheten, vilket resulterar i en snabbare fris\u00e4ttning av aktiva \u00e4mnen.","robots":{"index":"index","follow":"follow","max-snippet":"max-snippet:-1","max-image-preview":"max-image-preview:large","max-video-preview":"max-video-preview:-1"},"canonical":"https:\/\/nordiclabsupplies.com\/en\/product\/binder-15kg\/","og_locale":"en_US","og_type":"article","og_title":"Bindemedel 15kg - Nordiclabsupplies.com","og_description":"Tillsatsen av Croscarmellose Sodium NF f\u00f6rb\u00e4ttrar disintegrationen och l\u00f6sligheten, vilket resulterar i en snabbare fris\u00e4ttning av aktiva \u00e4mnen.","og_url":"https:\/\/nordiclabsupplies.com\/en\/product\/binder-15kg\/","og_site_name":"Nordiclabsupplies.com","article_modified_time":"2026-02-18T18:06:20+00:00","og_image":[{"width":400,"height":355,"url":"https:\/\/nordiclabsupplies.com\/wp-content\/uploads\/2024\/05\/bindemedel-22723.jpg","type":"image\/jpeg"}],"twitter_card":"summary_large_image","twitter_misc":{"Est. reading time":"1 minute"},"schema":{"@context":"https:\/\/schema.org","@graph":[{"@type":"WebPage","@id":"https:\/\/nordiclabsupplies.com\/produkt\/bindemedel-15kg\/","url":"https:\/\/nordiclabsupplies.com\/produkt\/bindemedel-15kg\/","name":"Bindemedel 15kg - Nordiclabsupplies.com","isPartOf":{"@id":"https:\/\/nordiclabsupplies.com\/#website"},"primaryImageOfPage":{"@id":"https:\/\/nordiclabsupplies.com\/produkt\/bindemedel-15kg\/#primaryimage"},"image":{"@id":"https:\/\/nordiclabsupplies.com\/produkt\/bindemedel-15kg\/#primaryimage"},"thumbnailUrl":"https:\/\/nordiclabsupplies.com\/wp-content\/uploads\/2024\/05\/bindemedel-22723.jpg","datePublished":"2024-05-29T13:42:09+00:00","dateModified":"2026-02-18T18:06:20+00:00","description":"Tillsatsen av Croscarmellose Sodium NF f\u00f6rb\u00e4ttrar disintegrationen och l\u00f6sligheten, vilket resulterar i en snabbare fris\u00e4ttning av aktiva \u00e4mnen.","breadcrumb":{"@id":"https:\/\/nordiclabsupplies.com\/produkt\/bindemedel-15kg\/#breadcrumb"},"inLanguage":"en-US","potentialAction":[{"@type":"ReadAction","target":["https:\/\/nordiclabsupplies.com\/produkt\/bindemedel-15kg\/"]}]},{"@type":"ImageObject","inLanguage":"en-US","@id":"https:\/\/nordiclabsupplies.com\/produkt\/bindemedel-15kg\/#primaryimage","url":"https:\/\/nordiclabsupplies.com\/wp-content\/uploads\/2024\/05\/bindemedel-22723.jpg","contentUrl":"https:\/\/nordiclabsupplies.com\/wp-content\/uploads\/2024\/05\/bindemedel-22723.jpg","width":400,"height":355},{"@type":"BreadcrumbList","@id":"https:\/\/nordiclabsupplies.com\/produkt\/bindemedel-15kg\/#breadcrumb","itemListElement":[{"@type":"ListItem","position":1,"name":"Home","item":"https:\/\/nordiclabsupplies.com\/"},{"@type":"ListItem","position":2,"name":"Butik","item":"https:\/\/nordiclabsupplies.com\/butik\/"},{"@type":"ListItem","position":3,"name":"Bindemedel 15kg"}]},{"@type":"WebSite","@id":"https:\/\/nordiclabsupplies.com\/#website","url":"https:\/\/nordiclabsupplies.com\/","name":"Nordiclabsupplies.com","description":"","potentialAction":[{"@type":"SearchAction","target":{"@type":"EntryPoint","urlTemplate":"https:\/\/nordiclabsupplies.com\/?s={search_term_string}"},"query-input":{"@type":"PropertyValueSpecification","valueRequired":true,"valueName":"search_term_string"}}],"inLanguage":"en-US"}]}},"_links":{"self":[{"href":"https:\/\/nordiclabsupplies.com\/en\/wp-json\/wp\/v2\/product\/231","targetHints":{"allow":["GET"]}}],"collection":[{"href":"https:\/\/nordiclabsupplies.com\/en\/wp-json\/wp\/v2\/product"}],"about":[{"href":"https:\/\/nordiclabsupplies.com\/en\/wp-json\/wp\/v2\/types\/product"}],"replies":[{"embeddable":true,"href":"https:\/\/nordiclabsupplies.com\/en\/wp-json\/wp\/v2\/comments?post=231"}],"wp:featuredmedia":[{"embeddable":true,"href":"https:\/\/nordiclabsupplies.com\/en\/wp-json\/wp\/v2\/media\/230"}],"wp:attachment":[{"href":"https:\/\/nordiclabsupplies.com\/en\/wp-json\/wp\/v2\/media?parent=231"}],"wp:term":[{"taxonomy":"product_brand","embeddable":true,"href":"https:\/\/nordiclabsupplies.com\/en\/wp-json\/wp\/v2\/product_brand?post=231"},{"taxonomy":"product_cat","embeddable":true,"href":"https:\/\/nordiclabsupplies.com\/en\/wp-json\/wp\/v2\/product_cat?post=231"},{"taxonomy":"product_tag","embeddable":true,"href":"https:\/\/nordiclabsupplies.com\/en\/wp-json\/wp\/v2\/product_tag?post=231"}],"curies":[{"name":"wp","href":"https:\/\/api.w.org\/{rel}","templated":true}]}}