{"id":553,"date":"2024-08-01T15:10:09","date_gmt":"2024-08-01T14:10:09","guid":{"rendered":"https:\/\/nordiclabsupplies.com\/?post_type=product&#038;p=553"},"modified":"2025-05-08T08:28:30","modified_gmt":"2025-05-08T07:28:30","slug":"dispensmate-bottle-top-dispenser-25-25ml","status":"publish","type":"product","link":"https:\/\/nordiclabsupplies.com\/en\/product\/dispensmate-bottle-top-dispenser-25-25ml\/","title":{"rendered":"DispensMate Bottle-Top Dispenser 2.5-25ml"},"content":{"rendered":"<p>The DispensMate Bottle-Top Dispenser is a high quality and precision piece of equipment designed to facilitate accurate and safe dispensing of liquids in laboratory environments. It is ideal for use in chemical, biotechnology and pharmaceutical laboratories. DispensMate is made with durable materials and advanced technology to ensure long-term use and reliable results.<\/p>\n<p>Precise volume adjustment with high precision to ensure accurate measurements every time.<br \/>\nMade from high-quality materials that are resistant to a variety of chemicals, making it suitable for use with both aggressive and mild substances.<br \/>\nEasily adjustable dosing for different volumes, which gives flexibility in different applications.<br \/>\nDesigned to minimize spills and splashes, increasing safety in the laboratory. The ergonomic design makes it comfortable and easy to use for long periods of time.<br \/>\nEasy mounting on bottles with standard thread and easy to disassemble for cleaning, saving time and facilitating maintenance.<\/p>\n<p>Compatible with https:\/\/nordiclabsupplies.com\/produkt\/1000ml-ateranvandbara-mediaflaskor-av-glas-med-lid\/<\/p>\n<p>Supplied with adapters S40, GL32, GL38, GL25 and GL28<\/p>\n<p>Made of durable and chemical-resistant material.<\/p>\n<p>Polycarbonate (PC) for robust connection.<\/p>\n<p>Pipette Model PPM800E for high precision.<\/p>\n<p>Components FEP (fluorinated ethylene propylene) for excellent chemical resistance.<\/p>","protected":false},"excerpt":{"rendered":"<p>The DispensMate Bottle-Top Dispenser is a high-quality, precision piece of equipment designed to facilitate accurate and safe dispensing of liquids in laboratory environments. It is ideal for use in chemical, biotechnology, and pharmaceutical laboratories. The DispensMate is manufactured with durable materials and advanced technology to ensure long-term use and reliable results. Accurate volume adjustment with high precision to [\u2026]<\/p>","protected":false},"featured_media":555,"comment_status":"open","ping_status":"closed","template":"","meta":{"_acf_changed":false},"product_brand":[],"product_cat":[27],"product_tag":[],"class_list":{"0":"post-553","1":"product","2":"type-product","3":"status-publish","4":"has-post-thumbnail","6":"product_cat-pumpar","8":"first","9":"outofstock","10":"taxable","11":"shipping-taxable","12":"purchasable","13":"product-type-simple"},"acf":[],"yoast_head":"<!-- This site is optimized with the Yoast SEO Premium plugin v22.6 (Yoast SEO v27.4) - https:\/\/yoast.com\/product\/yoast-seo-premium-wordpress\/ -->\n<title>DispensMate Bottle-Top Dispenser 2,5-25ml - Nordiclabsupplies.com<\/title>\n<meta name=\"robots\" content=\"index, follow, max-snippet:-1, max-image-preview:large, max-video-preview:-1\" \/>\n<link rel=\"canonical\" href=\"https:\/\/nordiclabsupplies.com\/en\/product\/dispensmate-bottle-top-dispenser-25-25ml\/\" \/>\n<meta property=\"og:locale\" content=\"en_US\" \/>\n<meta property=\"og:type\" content=\"article\" \/>\n<meta property=\"og:title\" content=\"DispensMate Bottle-Top Dispenser 2,5-25ml\" \/>\n<meta property=\"og:description\" content=\"DispensMate Bottle-Top Dispenser \u00e4r en h\u00f6gkvalitativ och precisionsutrustning designad f\u00f6r att underl\u00e4tta exakt och s\u00e4ker dosering av v\u00e4tskor i laboratoriemilj\u00f6er. Den \u00e4r idealisk f\u00f6r anv\u00e4ndning i kemi-, bioteknik- och farmaceutiska laboratorier. DispensMate \u00e4r tillverkad med h\u00e5llbara material och avancerad teknik f\u00f6r att s\u00e4kerst\u00e4lla l\u00e5ngvarig anv\u00e4ndning och tillf\u00f6rlitliga resultat. Noggrann volymjustering med h\u00f6g precision f\u00f6r att [&hellip;]\" \/>\n<meta property=\"og:url\" content=\"https:\/\/nordiclabsupplies.com\/en\/product\/dispensmate-bottle-top-dispenser-25-25ml\/\" \/>\n<meta property=\"og:site_name\" content=\"Nordiclabsupplies.com\" \/>\n<meta property=\"article:modified_time\" content=\"2025-05-08T07:28:30+00:00\" \/>\n<meta property=\"og:image\" content=\"https:\/\/nordiclabsupplies.com\/wp-content\/uploads\/2024\/08\/dispenser-__1.jpg\" \/>\n\t<meta property=\"og:image:width\" content=\"1000\" \/>\n\t<meta property=\"og:image:height\" content=\"1000\" \/>\n\t<meta property=\"og:image:type\" content=\"image\/jpeg\" \/>\n<meta name=\"twitter:card\" content=\"summary_large_image\" \/>\n<meta name=\"twitter:label1\" content=\"Price\" \/>\n\t<meta name=\"twitter:data1\" content=\"2640,00&nbsp;&#107;&#114;\" \/>\n\t<meta name=\"twitter:label2\" content=\"Availability\" \/>\n\t<meta name=\"twitter:data2\" content=\"Out of stock\" \/>\n<script type=\"application\/ld+json\" class=\"yoast-schema-graph\">{\"@context\":\"https:\\\/\\\/schema.org\",\"@graph\":[{\"@type\":\"WebPage\",\"@id\":\"https:\\\/\\\/nordiclabsupplies.com\\\/produkt\\\/dispensmate-bottle-top-dispenser-25-25ml\\\/\",\"url\":\"https:\\\/\\\/nordiclabsupplies.com\\\/produkt\\\/dispensmate-bottle-top-dispenser-25-25ml\\\/\",\"name\":\"DispensMate Bottle-Top Dispenser 2,5-25ml - Nordiclabsupplies.com\",\"isPartOf\":{\"@id\":\"https:\\\/\\\/nordiclabsupplies.com\\\/#website\"},\"primaryImageOfPage\":{\"@id\":\"https:\\\/\\\/nordiclabsupplies.com\\\/produkt\\\/dispensmate-bottle-top-dispenser-25-25ml\\\/#primaryimage\"},\"image\":{\"@id\":\"https:\\\/\\\/nordiclabsupplies.com\\\/produkt\\\/dispensmate-bottle-top-dispenser-25-25ml\\\/#primaryimage\"},\"thumbnailUrl\":\"https:\\\/\\\/nordiclabsupplies.com\\\/wp-content\\\/uploads\\\/2024\\\/08\\\/dispenser-__1.jpg\",\"datePublished\":\"2024-08-01T14:10:09+00:00\",\"dateModified\":\"2025-05-08T07:28:30+00:00\",\"breadcrumb\":{\"@id\":\"https:\\\/\\\/nordiclabsupplies.com\\\/produkt\\\/dispensmate-bottle-top-dispenser-25-25ml\\\/#breadcrumb\"},\"inLanguage\":\"en-US\",\"potentialAction\":[{\"@type\":\"ReadAction\",\"target\":[\"https:\\\/\\\/nordiclabsupplies.com\\\/produkt\\\/dispensmate-bottle-top-dispenser-25-25ml\\\/\"]}]},{\"@type\":\"ImageObject\",\"inLanguage\":\"en-US\",\"@id\":\"https:\\\/\\\/nordiclabsupplies.com\\\/produkt\\\/dispensmate-bottle-top-dispenser-25-25ml\\\/#primaryimage\",\"url\":\"https:\\\/\\\/nordiclabsupplies.com\\\/wp-content\\\/uploads\\\/2024\\\/08\\\/dispenser-__1.jpg\",\"contentUrl\":\"https:\\\/\\\/nordiclabsupplies.com\\\/wp-content\\\/uploads\\\/2024\\\/08\\\/dispenser-__1.jpg\",\"width\":1000,\"height\":1000},{\"@type\":\"BreadcrumbList\",\"@id\":\"https:\\\/\\\/nordiclabsupplies.com\\\/produkt\\\/dispensmate-bottle-top-dispenser-25-25ml\\\/#breadcrumb\",\"itemListElement\":[{\"@type\":\"ListItem\",\"position\":1,\"name\":\"Home\",\"item\":\"https:\\\/\\\/nordiclabsupplies.com\\\/\"},{\"@type\":\"ListItem\",\"position\":2,\"name\":\"Butik\",\"item\":\"https:\\\/\\\/nordiclabsupplies.com\\\/butik\\\/\"},{\"@type\":\"ListItem\",\"position\":3,\"name\":\"DispensMate Bottle-Top Dispenser 2,5-25ml\"}]},{\"@type\":\"WebSite\",\"@id\":\"https:\\\/\\\/nordiclabsupplies.com\\\/#website\",\"url\":\"https:\\\/\\\/nordiclabsupplies.com\\\/\",\"name\":\"Nordiclabsupplies.com\",\"description\":\"\",\"potentialAction\":[{\"@type\":\"SearchAction\",\"target\":{\"@type\":\"EntryPoint\",\"urlTemplate\":\"https:\\\/\\\/nordiclabsupplies.com\\\/?s={search_term_string}\"},\"query-input\":{\"@type\":\"PropertyValueSpecification\",\"valueRequired\":true,\"valueName\":\"search_term_string\"}}],\"inLanguage\":\"en-US\"}]}<\/script>\n<meta property=\"product:price:amount\" content=\"2640.00\" \/>\n<meta property=\"product:price:currency\" content=\"SEK\" \/>\n<meta property=\"og:availability\" content=\"out of stock\" \/>\n<meta property=\"product:availability\" content=\"out of stock\" \/>\n<meta property=\"product:retailer_item_id\" content=\"7012100103\" \/>\n<meta property=\"product:condition\" content=\"new\" \/>\n<!-- \/ Yoast SEO Premium plugin. -->","yoast_head_json":{"title":"DispensMate Bottle-Top Dispenser 2,5-25ml - Nordiclabsupplies.com","robots":{"index":"index","follow":"follow","max-snippet":"max-snippet:-1","max-image-preview":"max-image-preview:large","max-video-preview":"max-video-preview:-1"},"canonical":"https:\/\/nordiclabsupplies.com\/en\/product\/dispensmate-bottle-top-dispenser-25-25ml\/","og_locale":"en_US","og_type":"article","og_title":"DispensMate Bottle-Top Dispenser 2,5-25ml","og_description":"DispensMate Bottle-Top Dispenser \u00e4r en h\u00f6gkvalitativ och precisionsutrustning designad f\u00f6r att underl\u00e4tta exakt och s\u00e4ker dosering av v\u00e4tskor i laboratoriemilj\u00f6er. Den \u00e4r idealisk f\u00f6r anv\u00e4ndning i kemi-, bioteknik- och farmaceutiska laboratorier. DispensMate \u00e4r tillverkad med h\u00e5llbara material och avancerad teknik f\u00f6r att s\u00e4kerst\u00e4lla l\u00e5ngvarig anv\u00e4ndning och tillf\u00f6rlitliga resultat. Noggrann volymjustering med h\u00f6g precision f\u00f6r att [&hellip;]","og_url":"https:\/\/nordiclabsupplies.com\/en\/product\/dispensmate-bottle-top-dispenser-25-25ml\/","og_site_name":"Nordiclabsupplies.com","article_modified_time":"2025-05-08T07:28:30+00:00","og_image":[{"width":1000,"height":1000,"url":"https:\/\/nordiclabsupplies.com\/wp-content\/uploads\/2024\/08\/dispenser-__1.jpg","type":"image\/jpeg"}],"twitter_card":"summary_large_image","twitter_misc":{"Price":"2640,00&nbsp;&#107;&#114;","Availability":"Out of stock"},"schema":{"@context":"https:\/\/schema.org","@graph":[{"@type":"WebPage","@id":"https:\/\/nordiclabsupplies.com\/produkt\/dispensmate-bottle-top-dispenser-25-25ml\/","url":"https:\/\/nordiclabsupplies.com\/produkt\/dispensmate-bottle-top-dispenser-25-25ml\/","name":"DispensMate Bottle-Top Dispenser 2,5-25ml - Nordiclabsupplies.com","isPartOf":{"@id":"https:\/\/nordiclabsupplies.com\/#website"},"primaryImageOfPage":{"@id":"https:\/\/nordiclabsupplies.com\/produkt\/dispensmate-bottle-top-dispenser-25-25ml\/#primaryimage"},"image":{"@id":"https:\/\/nordiclabsupplies.com\/produkt\/dispensmate-bottle-top-dispenser-25-25ml\/#primaryimage"},"thumbnailUrl":"https:\/\/nordiclabsupplies.com\/wp-content\/uploads\/2024\/08\/dispenser-__1.jpg","datePublished":"2024-08-01T14:10:09+00:00","dateModified":"2025-05-08T07:28:30+00:00","breadcrumb":{"@id":"https:\/\/nordiclabsupplies.com\/produkt\/dispensmate-bottle-top-dispenser-25-25ml\/#breadcrumb"},"inLanguage":"en-US","potentialAction":[{"@type":"ReadAction","target":["https:\/\/nordiclabsupplies.com\/produkt\/dispensmate-bottle-top-dispenser-25-25ml\/"]}]},{"@type":"ImageObject","inLanguage":"en-US","@id":"https:\/\/nordiclabsupplies.com\/produkt\/dispensmate-bottle-top-dispenser-25-25ml\/#primaryimage","url":"https:\/\/nordiclabsupplies.com\/wp-content\/uploads\/2024\/08\/dispenser-__1.jpg","contentUrl":"https:\/\/nordiclabsupplies.com\/wp-content\/uploads\/2024\/08\/dispenser-__1.jpg","width":1000,"height":1000},{"@type":"BreadcrumbList","@id":"https:\/\/nordiclabsupplies.com\/produkt\/dispensmate-bottle-top-dispenser-25-25ml\/#breadcrumb","itemListElement":[{"@type":"ListItem","position":1,"name":"Home","item":"https:\/\/nordiclabsupplies.com\/"},{"@type":"ListItem","position":2,"name":"Butik","item":"https:\/\/nordiclabsupplies.com\/butik\/"},{"@type":"ListItem","position":3,"name":"DispensMate Bottle-Top Dispenser 2,5-25ml"}]},{"@type":"WebSite","@id":"https:\/\/nordiclabsupplies.com\/#website","url":"https:\/\/nordiclabsupplies.com\/","name":"Nordiclabsupplies.com","description":"","potentialAction":[{"@type":"SearchAction","target":{"@type":"EntryPoint","urlTemplate":"https:\/\/nordiclabsupplies.com\/?s={search_term_string}"},"query-input":{"@type":"PropertyValueSpecification","valueRequired":true,"valueName":"search_term_string"}}],"inLanguage":"en-US"}]},"product_price_amount":"2640.00","product_price_currency":"SEK","og_availability":"out of stock","product_availability":"out of stock","product_retailer_item_id":"7012100103","product_condition":"new"},"_links":{"self":[{"href":"https:\/\/nordiclabsupplies.com\/en\/wp-json\/wp\/v2\/product\/553","targetHints":{"allow":["GET"]}}],"collection":[{"href":"https:\/\/nordiclabsupplies.com\/en\/wp-json\/wp\/v2\/product"}],"about":[{"href":"https:\/\/nordiclabsupplies.com\/en\/wp-json\/wp\/v2\/types\/product"}],"replies":[{"embeddable":true,"href":"https:\/\/nordiclabsupplies.com\/en\/wp-json\/wp\/v2\/comments?post=553"}],"wp:featuredmedia":[{"embeddable":true,"href":"https:\/\/nordiclabsupplies.com\/en\/wp-json\/wp\/v2\/media\/555"}],"wp:attachment":[{"href":"https:\/\/nordiclabsupplies.com\/en\/wp-json\/wp\/v2\/media?parent=553"}],"wp:term":[{"taxonomy":"product_brand","embeddable":true,"href":"https:\/\/nordiclabsupplies.com\/en\/wp-json\/wp\/v2\/product_brand?post=553"},{"taxonomy":"product_cat","embeddable":true,"href":"https:\/\/nordiclabsupplies.com\/en\/wp-json\/wp\/v2\/product_cat?post=553"},{"taxonomy":"product_tag","embeddable":true,"href":"https:\/\/nordiclabsupplies.com\/en\/wp-json\/wp\/v2\/product_tag?post=553"}],"curies":[{"name":"wp","href":"https:\/\/api.w.org\/{rel}","templated":true}]}}