{"id":684,"date":"2024-10-11T10:37:39","date_gmt":"2024-10-11T09:37:39","guid":{"rendered":"https:\/\/nordiclabsupplies.com\/?post_type=product&#038;p=684"},"modified":"2025-12-14T15:15:53","modified_gmt":"2025-12-14T14:15:53","slug":"ponceau-4r-lake-50g-rod","status":"publish","type":"product","link":"https:\/\/nordiclabsupplies.com\/en\/product\/ponceau-4r-lake-50g-red\/","title":{"rendered":"Ponceau 4R Lake 50g (Red)"},"content":{"rendered":"<p>Ponceau 4R Lake is an intense red pigment, perfect for giving products a strong and clear red shade. Mainly used in tablet manufacturing, food and cosmetics industries to create products with long-lasting color quality.<\/p>\n<ul>\n<li><strong>Paint<\/strong>: Red<\/li>\n<li><strong>Areas of use<\/strong>: Tablet manufacturing, food, cosmetics<\/li>\n<li><strong>Functions<\/strong>: High color intensity, long-term color stability<\/li>\n<\/ul>","protected":false},"excerpt":{"rendered":"<p>Ponceau 4R Lake is an intense red pigment, ideal for giving products a strong and clear red hue. Mainly used in tablet manufacturing, food and cosmetics industries to create products with long-lasting color quality. Color: Red Applications: Tablet manufacturing, food, cosmetics Features: High color intensity, long-lasting color stability<\/p>","protected":false},"featured_media":686,"comment_status":"open","ping_status":"closed","template":"","meta":{"_acf_changed":false},"product_brand":[],"product_cat":[35],"product_tag":[],"class_list":{"0":"post-684","1":"product","2":"type-product","3":"status-publish","4":"has-post-thumbnail","6":"product_cat-pigment","8":"first","9":"instock","10":"taxable","11":"shipping-taxable","12":"purchasable","13":"product-type-simple"},"acf":[],"yoast_head":"<!-- This site is optimized with the Yoast SEO Premium plugin v22.6 (Yoast SEO v27.1.1) - https:\/\/yoast.com\/product\/yoast-seo-premium-wordpress\/ -->\n<title>Ponceau 4R Lake 50g (R\u00f6d) - Nordiclabsupplies.com<\/title>\n<meta name=\"robots\" content=\"index, follow, max-snippet:-1, max-image-preview:large, max-video-preview:-1\" \/>\n<link rel=\"canonical\" href=\"https:\/\/nordiclabsupplies.com\/en\/product\/ponceau-4r-lake-50g-red\/\" \/>\n<meta property=\"og:locale\" content=\"en_US\" \/>\n<meta property=\"og:type\" content=\"article\" \/>\n<meta property=\"og:title\" content=\"Ponceau 4R Lake 50g (R\u00f6d)\" \/>\n<meta property=\"og:description\" content=\"Ponceau 4R Lake \u00e4r ett intensivt r\u00f6tt pigment, perfekt f\u00f6r att ge produkter en stark och klar r\u00f6d nyans. Anv\u00e4nds fr\u00e4mst inom tablettillverkning, livsmedels- och kosmetikaindustrin f\u00f6r att skapa produkter med l\u00e5ngvarig f\u00e4rgkvalitet. F\u00e4rg: R\u00f6d Anv\u00e4ndningsomr\u00e5den: Tablettillverkning, livsmedel, kosmetika Funktioner: H\u00f6g f\u00e4rgintensitet, l\u00e5ngvarig f\u00e4rgstabilitet\" \/>\n<meta property=\"og:url\" content=\"https:\/\/nordiclabsupplies.com\/en\/product\/ponceau-4r-lake-50g-red\/\" \/>\n<meta property=\"og:site_name\" content=\"Nordiclabsupplies.com\" \/>\n<meta property=\"article:modified_time\" content=\"2025-12-14T14:15:53+00:00\" \/>\n<meta property=\"og:image\" content=\"https:\/\/nordiclabsupplies.com\/wp-content\/uploads\/2024\/10\/DALL\u00b7E-2024-10-11-11.37.10-A-smooth-bright-red-fine-powder-representing-Ponceau-4R-Lake-pigment-piled-neatly-in-a-small-heap.-The-powder-has-a-flawless-texture-and-vivid-deep.webp\" \/>\n\t<meta property=\"og:image:width\" content=\"1024\" \/>\n\t<meta property=\"og:image:height\" content=\"1024\" \/>\n\t<meta property=\"og:image:type\" content=\"image\/webp\" \/>\n<meta name=\"twitter:card\" content=\"summary_large_image\" \/>\n<meta name=\"twitter:label1\" content=\"Price\" \/>\n\t<meta name=\"twitter:data1\" content=\"500,00&nbsp;&#107;&#114;\" \/>\n\t<meta name=\"twitter:label2\" content=\"Availability\" \/>\n\t<meta name=\"twitter:data2\" content=\"In stock\" \/>\n<script type=\"application\/ld+json\" class=\"yoast-schema-graph\">{\"@context\":\"https:\/\/schema.org\",\"@graph\":[{\"@type\":\"WebPage\",\"@id\":\"https:\/\/nordiclabsupplies.com\/produkt\/ponceau-4r-lake-50g-rod\/\",\"url\":\"https:\/\/nordiclabsupplies.com\/produkt\/ponceau-4r-lake-50g-rod\/\",\"name\":\"Ponceau 4R Lake 50g (R\u00f6d) - Nordiclabsupplies.com\",\"isPartOf\":{\"@id\":\"https:\/\/nordiclabsupplies.com\/#website\"},\"primaryImageOfPage\":{\"@id\":\"https:\/\/nordiclabsupplies.com\/produkt\/ponceau-4r-lake-50g-rod\/#primaryimage\"},\"image\":{\"@id\":\"https:\/\/nordiclabsupplies.com\/produkt\/ponceau-4r-lake-50g-rod\/#primaryimage\"},\"thumbnailUrl\":\"https:\/\/nordiclabsupplies.com\/wp-content\/uploads\/2024\/10\/DALL\u00b7E-2024-10-11-11.37.10-A-smooth-bright-red-fine-powder-representing-Ponceau-4R-Lake-pigment-piled-neatly-in-a-small-heap.-The-powder-has-a-flawless-texture-and-vivid-deep.webp\",\"datePublished\":\"2024-10-11T09:37:39+00:00\",\"dateModified\":\"2025-12-14T14:15:53+00:00\",\"breadcrumb\":{\"@id\":\"https:\/\/nordiclabsupplies.com\/produkt\/ponceau-4r-lake-50g-rod\/#breadcrumb\"},\"inLanguage\":\"en-US\",\"potentialAction\":[{\"@type\":\"ReadAction\",\"target\":[\"https:\/\/nordiclabsupplies.com\/produkt\/ponceau-4r-lake-50g-rod\/\"]}]},{\"@type\":\"ImageObject\",\"inLanguage\":\"en-US\",\"@id\":\"https:\/\/nordiclabsupplies.com\/produkt\/ponceau-4r-lake-50g-rod\/#primaryimage\",\"url\":\"https:\/\/nordiclabsupplies.com\/wp-content\/uploads\/2024\/10\/DALL\u00b7E-2024-10-11-11.37.10-A-smooth-bright-red-fine-powder-representing-Ponceau-4R-Lake-pigment-piled-neatly-in-a-small-heap.-The-powder-has-a-flawless-texture-and-vivid-deep.webp\",\"contentUrl\":\"https:\/\/nordiclabsupplies.com\/wp-content\/uploads\/2024\/10\/DALL\u00b7E-2024-10-11-11.37.10-A-smooth-bright-red-fine-powder-representing-Ponceau-4R-Lake-pigment-piled-neatly-in-a-small-heap.-The-powder-has-a-flawless-texture-and-vivid-deep.webp\",\"width\":1024,\"height\":1024},{\"@type\":\"BreadcrumbList\",\"@id\":\"https:\/\/nordiclabsupplies.com\/produkt\/ponceau-4r-lake-50g-rod\/#breadcrumb\",\"itemListElement\":[{\"@type\":\"ListItem\",\"position\":1,\"name\":\"Home\",\"item\":\"https:\/\/nordiclabsupplies.com\/\"},{\"@type\":\"ListItem\",\"position\":2,\"name\":\"Butik\",\"item\":\"https:\/\/nordiclabsupplies.com\/butik\/\"},{\"@type\":\"ListItem\",\"position\":3,\"name\":\"Ponceau 4R Lake 50g (R\u00f6d)\"}]},{\"@type\":\"WebSite\",\"@id\":\"https:\/\/nordiclabsupplies.com\/#website\",\"url\":\"https:\/\/nordiclabsupplies.com\/\",\"name\":\"Nordiclabsupplies.com\",\"description\":\"\",\"potentialAction\":[{\"@type\":\"SearchAction\",\"target\":{\"@type\":\"EntryPoint\",\"urlTemplate\":\"https:\/\/nordiclabsupplies.com\/?s={search_term_string}\"},\"query-input\":{\"@type\":\"PropertyValueSpecification\",\"valueRequired\":true,\"valueName\":\"search_term_string\"}}],\"inLanguage\":\"en-US\"}]}<\/script>\n<meta property=\"product:price:amount\" content=\"500.00\" \/>\n<meta property=\"product:price:currency\" content=\"SEK\" \/>\n<meta property=\"og:availability\" content=\"instock\" \/>\n<meta property=\"product:availability\" content=\"instock\" \/>\n<meta property=\"product:retailer_item_id\" content=\"Pig-r\u00f6d\" \/>\n<meta property=\"product:condition\" content=\"new\" \/>\n<!-- \/ Yoast SEO Premium plugin. -->","yoast_head_json":{"title":"Ponceau 4R Lake 50g (R\u00f6d) - Nordiclabsupplies.com","robots":{"index":"index","follow":"follow","max-snippet":"max-snippet:-1","max-image-preview":"max-image-preview:large","max-video-preview":"max-video-preview:-1"},"canonical":"https:\/\/nordiclabsupplies.com\/en\/product\/ponceau-4r-lake-50g-red\/","og_locale":"en_US","og_type":"article","og_title":"Ponceau 4R Lake 50g (R\u00f6d)","og_description":"Ponceau 4R Lake \u00e4r ett intensivt r\u00f6tt pigment, perfekt f\u00f6r att ge produkter en stark och klar r\u00f6d nyans. Anv\u00e4nds fr\u00e4mst inom tablettillverkning, livsmedels- och kosmetikaindustrin f\u00f6r att skapa produkter med l\u00e5ngvarig f\u00e4rgkvalitet. F\u00e4rg: R\u00f6d Anv\u00e4ndningsomr\u00e5den: Tablettillverkning, livsmedel, kosmetika Funktioner: H\u00f6g f\u00e4rgintensitet, l\u00e5ngvarig f\u00e4rgstabilitet","og_url":"https:\/\/nordiclabsupplies.com\/en\/product\/ponceau-4r-lake-50g-red\/","og_site_name":"Nordiclabsupplies.com","article_modified_time":"2025-12-14T14:15:53+00:00","og_image":[{"width":1024,"height":1024,"url":"https:\/\/nordiclabsupplies.com\/wp-content\/uploads\/2024\/10\/DALL\u00b7E-2024-10-11-11.37.10-A-smooth-bright-red-fine-powder-representing-Ponceau-4R-Lake-pigment-piled-neatly-in-a-small-heap.-The-powder-has-a-flawless-texture-and-vivid-deep.webp","type":"image\/webp"}],"twitter_card":"summary_large_image","twitter_misc":{"Price":"500,00&nbsp;&#107;&#114;","Availability":"In stock"},"schema":{"@context":"https:\/\/schema.org","@graph":[{"@type":"WebPage","@id":"https:\/\/nordiclabsupplies.com\/produkt\/ponceau-4r-lake-50g-rod\/","url":"https:\/\/nordiclabsupplies.com\/produkt\/ponceau-4r-lake-50g-rod\/","name":"Ponceau 4R Lake 50g (R\u00f6d) - Nordiclabsupplies.com","isPartOf":{"@id":"https:\/\/nordiclabsupplies.com\/#website"},"primaryImageOfPage":{"@id":"https:\/\/nordiclabsupplies.com\/produkt\/ponceau-4r-lake-50g-rod\/#primaryimage"},"image":{"@id":"https:\/\/nordiclabsupplies.com\/produkt\/ponceau-4r-lake-50g-rod\/#primaryimage"},"thumbnailUrl":"https:\/\/nordiclabsupplies.com\/wp-content\/uploads\/2024\/10\/DALL\u00b7E-2024-10-11-11.37.10-A-smooth-bright-red-fine-powder-representing-Ponceau-4R-Lake-pigment-piled-neatly-in-a-small-heap.-The-powder-has-a-flawless-texture-and-vivid-deep.webp","datePublished":"2024-10-11T09:37:39+00:00","dateModified":"2025-12-14T14:15:53+00:00","breadcrumb":{"@id":"https:\/\/nordiclabsupplies.com\/produkt\/ponceau-4r-lake-50g-rod\/#breadcrumb"},"inLanguage":"en-US","potentialAction":[{"@type":"ReadAction","target":["https:\/\/nordiclabsupplies.com\/produkt\/ponceau-4r-lake-50g-rod\/"]}]},{"@type":"ImageObject","inLanguage":"en-US","@id":"https:\/\/nordiclabsupplies.com\/produkt\/ponceau-4r-lake-50g-rod\/#primaryimage","url":"https:\/\/nordiclabsupplies.com\/wp-content\/uploads\/2024\/10\/DALL\u00b7E-2024-10-11-11.37.10-A-smooth-bright-red-fine-powder-representing-Ponceau-4R-Lake-pigment-piled-neatly-in-a-small-heap.-The-powder-has-a-flawless-texture-and-vivid-deep.webp","contentUrl":"https:\/\/nordiclabsupplies.com\/wp-content\/uploads\/2024\/10\/DALL\u00b7E-2024-10-11-11.37.10-A-smooth-bright-red-fine-powder-representing-Ponceau-4R-Lake-pigment-piled-neatly-in-a-small-heap.-The-powder-has-a-flawless-texture-and-vivid-deep.webp","width":1024,"height":1024},{"@type":"BreadcrumbList","@id":"https:\/\/nordiclabsupplies.com\/produkt\/ponceau-4r-lake-50g-rod\/#breadcrumb","itemListElement":[{"@type":"ListItem","position":1,"name":"Home","item":"https:\/\/nordiclabsupplies.com\/"},{"@type":"ListItem","position":2,"name":"Butik","item":"https:\/\/nordiclabsupplies.com\/butik\/"},{"@type":"ListItem","position":3,"name":"Ponceau 4R Lake 50g (R\u00f6d)"}]},{"@type":"WebSite","@id":"https:\/\/nordiclabsupplies.com\/#website","url":"https:\/\/nordiclabsupplies.com\/","name":"Nordiclabsupplies.com","description":"","potentialAction":[{"@type":"SearchAction","target":{"@type":"EntryPoint","urlTemplate":"https:\/\/nordiclabsupplies.com\/?s={search_term_string}"},"query-input":{"@type":"PropertyValueSpecification","valueRequired":true,"valueName":"search_term_string"}}],"inLanguage":"en-US"}]},"product_price_amount":"500.00","product_price_currency":"SEK","og_availability":"instock","product_availability":"instock","product_retailer_item_id":"Pig-r\u00f6d","product_condition":"new"},"_links":{"self":[{"href":"https:\/\/nordiclabsupplies.com\/en\/wp-json\/wp\/v2\/product\/684","targetHints":{"allow":["GET"]}}],"collection":[{"href":"https:\/\/nordiclabsupplies.com\/en\/wp-json\/wp\/v2\/product"}],"about":[{"href":"https:\/\/nordiclabsupplies.com\/en\/wp-json\/wp\/v2\/types\/product"}],"replies":[{"embeddable":true,"href":"https:\/\/nordiclabsupplies.com\/en\/wp-json\/wp\/v2\/comments?post=684"}],"wp:featuredmedia":[{"embeddable":true,"href":"https:\/\/nordiclabsupplies.com\/en\/wp-json\/wp\/v2\/media\/686"}],"wp:attachment":[{"href":"https:\/\/nordiclabsupplies.com\/en\/wp-json\/wp\/v2\/media?parent=684"}],"wp:term":[{"taxonomy":"product_brand","embeddable":true,"href":"https:\/\/nordiclabsupplies.com\/en\/wp-json\/wp\/v2\/product_brand?post=684"},{"taxonomy":"product_cat","embeddable":true,"href":"https:\/\/nordiclabsupplies.com\/en\/wp-json\/wp\/v2\/product_cat?post=684"},{"taxonomy":"product_tag","embeddable":true,"href":"https:\/\/nordiclabsupplies.com\/en\/wp-json\/wp\/v2\/product_tag?post=684"}],"curies":[{"name":"wp","href":"https:\/\/api.w.org\/{rel}","templated":true}]}}