{"id":687,"date":"2024-10-11T10:39:22","date_gmt":"2024-10-11T09:39:22","guid":{"rendered":"https:\/\/nordiclabsupplies.com\/?post_type=product&#038;p=687"},"modified":"2025-12-14T15:28:12","modified_gmt":"2025-12-14T14:28:12","slug":"erythrosine-lake-50g-rosa","status":"publish","type":"product","link":"https:\/\/nordiclabsupplies.com\/en\/product\/erythrosine-lake-50g-pink\/","title":{"rendered":"Erythrosine Lake 50g (Pink)"},"content":{"rendered":"<p>Erythrosine Lake is a brilliant pink pigment that provides a bold and eye-catching color. Commonly found in tablet manufacturing and cosmetics, where a vibrant pink hue is desired to achieve attractive end products.<\/p>\n<ul>\n<li><strong>Paint<\/strong>: Pink<\/li>\n<li><strong>Areas of use<\/strong>: Tablet manufacturing, food, cosmetics<\/li>\n<li><strong>Functions<\/strong>: Strong pink color, excellent color stability<\/li>\n<\/ul>","protected":false},"excerpt":{"rendered":"<p>Erythrosine Lake is a brilliant pink pigment that provides a bold and eye-catching color. Commonly used in tablet manufacturing and cosmetics, where a vibrant pink hue is desired to achieve attractive end products. Color: Pink Applications: Tablet manufacturing, food, cosmetics Features: Strong pink color, excellent color stability<\/p>","protected":false},"featured_media":681,"comment_status":"open","ping_status":"closed","template":"","meta":{"_acf_changed":false},"product_brand":[],"product_cat":[35],"product_tag":[],"class_list":{"0":"post-687","1":"product","2":"type-product","3":"status-publish","4":"has-post-thumbnail","6":"product_cat-pigment","8":"first","9":"instock","10":"taxable","11":"shipping-taxable","12":"purchasable","13":"product-type-simple"},"acf":[],"yoast_head":"<!-- This site is optimized with the Yoast SEO Premium plugin v22.6 (Yoast SEO v27.1.1) - https:\/\/yoast.com\/product\/yoast-seo-premium-wordpress\/ -->\n<title>Erythrosine Lake 50g (Rosa) - Nordiclabsupplies.com<\/title>\n<meta name=\"robots\" content=\"index, follow, max-snippet:-1, max-image-preview:large, max-video-preview:-1\" \/>\n<link rel=\"canonical\" href=\"https:\/\/nordiclabsupplies.com\/en\/product\/erythrosine-lake-50g-pink\/\" \/>\n<meta property=\"og:locale\" content=\"en_US\" \/>\n<meta property=\"og:type\" content=\"article\" \/>\n<meta property=\"og:title\" content=\"Erythrosine Lake 50g (Rosa)\" \/>\n<meta property=\"og:description\" content=\"Erythrosine Lake \u00e4r ett str\u00e5lande rosa pigment som ger en dj\u00e4rv och i\u00f6gonfallande f\u00e4rg. Vanligt f\u00f6rekommande i tablettillverkning och kosmetika, d\u00e4r en livlig rosa nyans \u00e4r \u00f6nskv\u00e4rd f\u00f6r att uppn\u00e5 attraktiva slutprodukter. F\u00e4rg: Rosa Anv\u00e4ndningsomr\u00e5den: Tablettillverkning, livsmedel, kosmetika Funktioner: Stark rosa f\u00e4rg, utm\u00e4rkt f\u00e4rgstabilitet\" \/>\n<meta property=\"og:url\" content=\"https:\/\/nordiclabsupplies.com\/en\/product\/erythrosine-lake-50g-pink\/\" \/>\n<meta property=\"og:site_name\" content=\"Nordiclabsupplies.com\" \/>\n<meta property=\"article:modified_time\" content=\"2025-12-14T14:28:12+00:00\" \/>\n<meta property=\"og:image\" content=\"https:\/\/nordiclabsupplies.com\/wp-content\/uploads\/2024\/10\/DALL\u00b7E-2024-10-11-11.19.29-A-bright-smooth-pink-fine-powder-representing-Erythrosine-Lake-pigment-piled-neatly-in-a-small-heap.-The-powder-has-a-flawless-texture-and-vivid-ev.webp\" \/>\n\t<meta property=\"og:image:width\" content=\"1024\" \/>\n\t<meta property=\"og:image:height\" content=\"1024\" \/>\n\t<meta property=\"og:image:type\" content=\"image\/webp\" \/>\n<meta name=\"twitter:card\" content=\"summary_large_image\" \/>\n<meta name=\"twitter:label1\" content=\"Price\" \/>\n\t<meta name=\"twitter:data1\" content=\"500,00&nbsp;&#107;&#114;\" \/>\n\t<meta name=\"twitter:label2\" content=\"Availability\" \/>\n\t<meta name=\"twitter:data2\" content=\"In stock\" \/>\n<script type=\"application\/ld+json\" class=\"yoast-schema-graph\">{\"@context\":\"https:\/\/schema.org\",\"@graph\":[{\"@type\":\"WebPage\",\"@id\":\"https:\/\/nordiclabsupplies.com\/produkt\/erythrosine-lake-50g-rosa\/\",\"url\":\"https:\/\/nordiclabsupplies.com\/produkt\/erythrosine-lake-50g-rosa\/\",\"name\":\"Erythrosine Lake 50g (Rosa) - Nordiclabsupplies.com\",\"isPartOf\":{\"@id\":\"https:\/\/nordiclabsupplies.com\/#website\"},\"primaryImageOfPage\":{\"@id\":\"https:\/\/nordiclabsupplies.com\/produkt\/erythrosine-lake-50g-rosa\/#primaryimage\"},\"image\":{\"@id\":\"https:\/\/nordiclabsupplies.com\/produkt\/erythrosine-lake-50g-rosa\/#primaryimage\"},\"thumbnailUrl\":\"https:\/\/nordiclabsupplies.com\/wp-content\/uploads\/2024\/10\/DALL\u00b7E-2024-10-11-11.19.29-A-bright-smooth-pink-fine-powder-representing-Erythrosine-Lake-pigment-piled-neatly-in-a-small-heap.-The-powder-has-a-flawless-texture-and-vivid-ev.webp\",\"datePublished\":\"2024-10-11T09:39:22+00:00\",\"dateModified\":\"2025-12-14T14:28:12+00:00\",\"breadcrumb\":{\"@id\":\"https:\/\/nordiclabsupplies.com\/produkt\/erythrosine-lake-50g-rosa\/#breadcrumb\"},\"inLanguage\":\"en-US\",\"potentialAction\":[{\"@type\":\"ReadAction\",\"target\":[\"https:\/\/nordiclabsupplies.com\/produkt\/erythrosine-lake-50g-rosa\/\"]}]},{\"@type\":\"ImageObject\",\"inLanguage\":\"en-US\",\"@id\":\"https:\/\/nordiclabsupplies.com\/produkt\/erythrosine-lake-50g-rosa\/#primaryimage\",\"url\":\"https:\/\/nordiclabsupplies.com\/wp-content\/uploads\/2024\/10\/DALL\u00b7E-2024-10-11-11.19.29-A-bright-smooth-pink-fine-powder-representing-Erythrosine-Lake-pigment-piled-neatly-in-a-small-heap.-The-powder-has-a-flawless-texture-and-vivid-ev.webp\",\"contentUrl\":\"https:\/\/nordiclabsupplies.com\/wp-content\/uploads\/2024\/10\/DALL\u00b7E-2024-10-11-11.19.29-A-bright-smooth-pink-fine-powder-representing-Erythrosine-Lake-pigment-piled-neatly-in-a-small-heap.-The-powder-has-a-flawless-texture-and-vivid-ev.webp\",\"width\":1024,\"height\":1024},{\"@type\":\"BreadcrumbList\",\"@id\":\"https:\/\/nordiclabsupplies.com\/produkt\/erythrosine-lake-50g-rosa\/#breadcrumb\",\"itemListElement\":[{\"@type\":\"ListItem\",\"position\":1,\"name\":\"Home\",\"item\":\"https:\/\/nordiclabsupplies.com\/\"},{\"@type\":\"ListItem\",\"position\":2,\"name\":\"Butik\",\"item\":\"https:\/\/nordiclabsupplies.com\/butik\/\"},{\"@type\":\"ListItem\",\"position\":3,\"name\":\"Erythrosine Lake 50g (Rosa)\"}]},{\"@type\":\"WebSite\",\"@id\":\"https:\/\/nordiclabsupplies.com\/#website\",\"url\":\"https:\/\/nordiclabsupplies.com\/\",\"name\":\"Nordiclabsupplies.com\",\"description\":\"\",\"potentialAction\":[{\"@type\":\"SearchAction\",\"target\":{\"@type\":\"EntryPoint\",\"urlTemplate\":\"https:\/\/nordiclabsupplies.com\/?s={search_term_string}\"},\"query-input\":{\"@type\":\"PropertyValueSpecification\",\"valueRequired\":true,\"valueName\":\"search_term_string\"}}],\"inLanguage\":\"en-US\"}]}<\/script>\n<meta property=\"product:price:amount\" content=\"500.00\" \/>\n<meta property=\"product:price:currency\" content=\"SEK\" \/>\n<meta property=\"og:availability\" content=\"instock\" \/>\n<meta property=\"product:availability\" content=\"instock\" \/>\n<meta property=\"product:retailer_item_id\" content=\"Pig-rosa\" \/>\n<meta property=\"product:condition\" content=\"new\" \/>\n<!-- \/ Yoast SEO Premium plugin. -->","yoast_head_json":{"title":"Erythrosine Lake 50g (Rosa) - Nordiclabsupplies.com","robots":{"index":"index","follow":"follow","max-snippet":"max-snippet:-1","max-image-preview":"max-image-preview:large","max-video-preview":"max-video-preview:-1"},"canonical":"https:\/\/nordiclabsupplies.com\/en\/product\/erythrosine-lake-50g-pink\/","og_locale":"en_US","og_type":"article","og_title":"Erythrosine Lake 50g (Rosa)","og_description":"Erythrosine Lake \u00e4r ett str\u00e5lande rosa pigment som ger en dj\u00e4rv och i\u00f6gonfallande f\u00e4rg. Vanligt f\u00f6rekommande i tablettillverkning och kosmetika, d\u00e4r en livlig rosa nyans \u00e4r \u00f6nskv\u00e4rd f\u00f6r att uppn\u00e5 attraktiva slutprodukter. F\u00e4rg: Rosa Anv\u00e4ndningsomr\u00e5den: Tablettillverkning, livsmedel, kosmetika Funktioner: Stark rosa f\u00e4rg, utm\u00e4rkt f\u00e4rgstabilitet","og_url":"https:\/\/nordiclabsupplies.com\/en\/product\/erythrosine-lake-50g-pink\/","og_site_name":"Nordiclabsupplies.com","article_modified_time":"2025-12-14T14:28:12+00:00","og_image":[{"width":1024,"height":1024,"url":"https:\/\/nordiclabsupplies.com\/wp-content\/uploads\/2024\/10\/DALL\u00b7E-2024-10-11-11.19.29-A-bright-smooth-pink-fine-powder-representing-Erythrosine-Lake-pigment-piled-neatly-in-a-small-heap.-The-powder-has-a-flawless-texture-and-vivid-ev.webp","type":"image\/webp"}],"twitter_card":"summary_large_image","twitter_misc":{"Price":"500,00&nbsp;&#107;&#114;","Availability":"In stock"},"schema":{"@context":"https:\/\/schema.org","@graph":[{"@type":"WebPage","@id":"https:\/\/nordiclabsupplies.com\/produkt\/erythrosine-lake-50g-rosa\/","url":"https:\/\/nordiclabsupplies.com\/produkt\/erythrosine-lake-50g-rosa\/","name":"Erythrosine Lake 50g (Rosa) - Nordiclabsupplies.com","isPartOf":{"@id":"https:\/\/nordiclabsupplies.com\/#website"},"primaryImageOfPage":{"@id":"https:\/\/nordiclabsupplies.com\/produkt\/erythrosine-lake-50g-rosa\/#primaryimage"},"image":{"@id":"https:\/\/nordiclabsupplies.com\/produkt\/erythrosine-lake-50g-rosa\/#primaryimage"},"thumbnailUrl":"https:\/\/nordiclabsupplies.com\/wp-content\/uploads\/2024\/10\/DALL\u00b7E-2024-10-11-11.19.29-A-bright-smooth-pink-fine-powder-representing-Erythrosine-Lake-pigment-piled-neatly-in-a-small-heap.-The-powder-has-a-flawless-texture-and-vivid-ev.webp","datePublished":"2024-10-11T09:39:22+00:00","dateModified":"2025-12-14T14:28:12+00:00","breadcrumb":{"@id":"https:\/\/nordiclabsupplies.com\/produkt\/erythrosine-lake-50g-rosa\/#breadcrumb"},"inLanguage":"en-US","potentialAction":[{"@type":"ReadAction","target":["https:\/\/nordiclabsupplies.com\/produkt\/erythrosine-lake-50g-rosa\/"]}]},{"@type":"ImageObject","inLanguage":"en-US","@id":"https:\/\/nordiclabsupplies.com\/produkt\/erythrosine-lake-50g-rosa\/#primaryimage","url":"https:\/\/nordiclabsupplies.com\/wp-content\/uploads\/2024\/10\/DALL\u00b7E-2024-10-11-11.19.29-A-bright-smooth-pink-fine-powder-representing-Erythrosine-Lake-pigment-piled-neatly-in-a-small-heap.-The-powder-has-a-flawless-texture-and-vivid-ev.webp","contentUrl":"https:\/\/nordiclabsupplies.com\/wp-content\/uploads\/2024\/10\/DALL\u00b7E-2024-10-11-11.19.29-A-bright-smooth-pink-fine-powder-representing-Erythrosine-Lake-pigment-piled-neatly-in-a-small-heap.-The-powder-has-a-flawless-texture-and-vivid-ev.webp","width":1024,"height":1024},{"@type":"BreadcrumbList","@id":"https:\/\/nordiclabsupplies.com\/produkt\/erythrosine-lake-50g-rosa\/#breadcrumb","itemListElement":[{"@type":"ListItem","position":1,"name":"Home","item":"https:\/\/nordiclabsupplies.com\/"},{"@type":"ListItem","position":2,"name":"Butik","item":"https:\/\/nordiclabsupplies.com\/butik\/"},{"@type":"ListItem","position":3,"name":"Erythrosine Lake 50g (Rosa)"}]},{"@type":"WebSite","@id":"https:\/\/nordiclabsupplies.com\/#website","url":"https:\/\/nordiclabsupplies.com\/","name":"Nordiclabsupplies.com","description":"","potentialAction":[{"@type":"SearchAction","target":{"@type":"EntryPoint","urlTemplate":"https:\/\/nordiclabsupplies.com\/?s={search_term_string}"},"query-input":{"@type":"PropertyValueSpecification","valueRequired":true,"valueName":"search_term_string"}}],"inLanguage":"en-US"}]},"product_price_amount":"500.00","product_price_currency":"SEK","og_availability":"instock","product_availability":"instock","product_retailer_item_id":"Pig-rosa","product_condition":"new"},"_links":{"self":[{"href":"https:\/\/nordiclabsupplies.com\/en\/wp-json\/wp\/v2\/product\/687","targetHints":{"allow":["GET"]}}],"collection":[{"href":"https:\/\/nordiclabsupplies.com\/en\/wp-json\/wp\/v2\/product"}],"about":[{"href":"https:\/\/nordiclabsupplies.com\/en\/wp-json\/wp\/v2\/types\/product"}],"replies":[{"embeddable":true,"href":"https:\/\/nordiclabsupplies.com\/en\/wp-json\/wp\/v2\/comments?post=687"}],"wp:featuredmedia":[{"embeddable":true,"href":"https:\/\/nordiclabsupplies.com\/en\/wp-json\/wp\/v2\/media\/681"}],"wp:attachment":[{"href":"https:\/\/nordiclabsupplies.com\/en\/wp-json\/wp\/v2\/media?parent=687"}],"wp:term":[{"taxonomy":"product_brand","embeddable":true,"href":"https:\/\/nordiclabsupplies.com\/en\/wp-json\/wp\/v2\/product_brand?post=687"},{"taxonomy":"product_cat","embeddable":true,"href":"https:\/\/nordiclabsupplies.com\/en\/wp-json\/wp\/v2\/product_cat?post=687"},{"taxonomy":"product_tag","embeddable":true,"href":"https:\/\/nordiclabsupplies.com\/en\/wp-json\/wp\/v2\/product_tag?post=687"}],"curies":[{"name":"wp","href":"https:\/\/api.w.org\/{rel}","templated":true}]}}