{"id":80,"date":"2024-05-29T14:41:21","date_gmt":"2024-05-29T13:41:21","guid":{"rendered":"https:\/\/nordiclab.webgiantdemo.se\/produkt\/injektionspropp-sterila-20mm-2000st\/"},"modified":"2026-04-22T12:24:25","modified_gmt":"2026-04-22T11:24:25","slug":"injektionspropp-sterila-20mm-2000st","status":"publish","type":"product","link":"https:\/\/nordiclabsupplies.com\/en\/product\/injection-stopper-sterile-20mm-2000pcs\/","title":{"rendered":"injection stopper Sterile 20mm 2000pcs"},"content":{"rendered":"<p>Sterile injection plugs 20 mm \u2013 2000-pack<\/p>\n<p>This package contains 2000 sterile injection plugs with a diameter of 20 mm. These stoppers are specially designed to ensure sterility and sealed vials and containers. They have undergone sterilization with ethylene oxide for high safety.<\/p>\n<p>Specifications:<\/p>\n<p>Diameter of the top part: 18.8 mm \u00b1 0.2 mm<br \/>\nUpper thickness: 3.3 mm \u00b1 0.1 mm<br \/>\nThese injection plugs are essential to maintain sterility and prevent contamination of your injectable product.<\/p>","protected":false},"excerpt":{"rendered":"<p>Sterile Injection Stoppers 20 mm \u2013 2000-pack This pack contains 2000 sterile injection stoppers with a diameter of 20 mm. These stoppers are specially designed to ensure sterility and sealed injection vials and containers. They have undergone ethylene oxide sterilization for high safety. Specifications: Diameter of the top part: 18.8 mm \u00b1 0.2 mm Thickness of the top part: 3.3 mm \u00b1 0.1 [\u2026]<\/p>","protected":false},"featured_media":503,"comment_status":"open","ping_status":"closed","template":"","meta":{"_acf_changed":false},"product_brand":[],"product_cat":[19],"product_tag":[],"class_list":{"0":"post-80","1":"product","2":"type-product","3":"status-publish","4":"has-post-thumbnail","6":"product_cat-gummi-toppar","8":"first","9":"instock","10":"taxable","11":"shipping-taxable","12":"purchasable","13":"product-type-simple"},"acf":[],"yoast_head":"<!-- This site is optimized with the Yoast SEO Premium plugin v22.6 (Yoast SEO v27.4) - https:\/\/yoast.com\/product\/yoast-seo-premium-wordpress\/ -->\n<title>injektionspropp Sterila 20mm 2000st - Nordiclabsupplies.com<\/title>\n<meta name=\"description\" content=\"Dessa proppar \u00e4r speciellt utformade f\u00f6r att s\u00e4kerst\u00e4lla sterilitet och f\u00f6rseglade injektionsflaskor och beh\u00e5llare.\" \/>\n<meta name=\"robots\" content=\"index, follow, max-snippet:-1, max-image-preview:large, max-video-preview:-1\" \/>\n<link rel=\"canonical\" href=\"https:\/\/nordiclabsupplies.com\/en\/product\/injection-stopper-sterile-20mm-2000pcs\/\" \/>\n<meta property=\"og:locale\" content=\"en_US\" \/>\n<meta property=\"og:type\" content=\"article\" \/>\n<meta property=\"og:title\" content=\"injektionspropp Sterila 20mm 2000st\" \/>\n<meta property=\"og:description\" content=\"Dessa proppar \u00e4r speciellt utformade f\u00f6r att s\u00e4kerst\u00e4lla sterilitet och f\u00f6rseglade injektionsflaskor och beh\u00e5llare.\" \/>\n<meta property=\"og:url\" content=\"https:\/\/nordiclabsupplies.com\/en\/product\/injection-stopper-sterile-20mm-2000pcs\/\" \/>\n<meta property=\"og:site_name\" content=\"Nordiclabsupplies.com\" \/>\n<meta property=\"article:modified_time\" content=\"2026-04-22T11:24:25+00:00\" \/>\n<meta property=\"og:image\" content=\"https:\/\/nordiclabsupplies.com\/wp-content\/uploads\/2024\/05\/S001S-1-scaled.jpg\" \/>\n\t<meta property=\"og:image:width\" content=\"2560\" \/>\n\t<meta property=\"og:image:height\" content=\"2105\" \/>\n\t<meta property=\"og:image:type\" content=\"image\/jpeg\" \/>\n<meta name=\"twitter:card\" content=\"summary_large_image\" \/>\n<meta name=\"twitter:label1\" content=\"Price\" \/>\n\t<meta name=\"twitter:data1\" content=\"3000,00&nbsp;&#107;&#114;\" \/>\n\t<meta name=\"twitter:label2\" content=\"Availability\" \/>\n\t<meta name=\"twitter:data2\" content=\"In stock\" \/>\n<script type=\"application\/ld+json\" class=\"yoast-schema-graph\">{\"@context\":\"https:\\\/\\\/schema.org\",\"@graph\":[{\"@type\":\"WebPage\",\"@id\":\"https:\\\/\\\/nordiclabsupplies.com\\\/produkt\\\/injektionspropp-sterila-20mm-2000st\\\/\",\"url\":\"https:\\\/\\\/nordiclabsupplies.com\\\/produkt\\\/injektionspropp-sterila-20mm-2000st\\\/\",\"name\":\"injektionspropp Sterila 20mm 2000st - Nordiclabsupplies.com\",\"isPartOf\":{\"@id\":\"https:\\\/\\\/nordiclabsupplies.com\\\/#website\"},\"primaryImageOfPage\":{\"@id\":\"https:\\\/\\\/nordiclabsupplies.com\\\/produkt\\\/injektionspropp-sterila-20mm-2000st\\\/#primaryimage\"},\"image\":{\"@id\":\"https:\\\/\\\/nordiclabsupplies.com\\\/produkt\\\/injektionspropp-sterila-20mm-2000st\\\/#primaryimage\"},\"thumbnailUrl\":\"https:\\\/\\\/nordiclabsupplies.com\\\/wp-content\\\/uploads\\\/2024\\\/05\\\/S001S-1-scaled.jpg\",\"datePublished\":\"2024-05-29T13:41:21+00:00\",\"dateModified\":\"2026-04-22T11:24:25+00:00\",\"description\":\"Dessa proppar \u00e4r speciellt utformade f\u00f6r att s\u00e4kerst\u00e4lla sterilitet och f\u00f6rseglade injektionsflaskor och beh\u00e5llare.\",\"breadcrumb\":{\"@id\":\"https:\\\/\\\/nordiclabsupplies.com\\\/produkt\\\/injektionspropp-sterila-20mm-2000st\\\/#breadcrumb\"},\"inLanguage\":\"en-US\",\"potentialAction\":[{\"@type\":\"ReadAction\",\"target\":[\"https:\\\/\\\/nordiclabsupplies.com\\\/produkt\\\/injektionspropp-sterila-20mm-2000st\\\/\"]}]},{\"@type\":\"ImageObject\",\"inLanguage\":\"en-US\",\"@id\":\"https:\\\/\\\/nordiclabsupplies.com\\\/produkt\\\/injektionspropp-sterila-20mm-2000st\\\/#primaryimage\",\"url\":\"https:\\\/\\\/nordiclabsupplies.com\\\/wp-content\\\/uploads\\\/2024\\\/05\\\/S001S-1-scaled.jpg\",\"contentUrl\":\"https:\\\/\\\/nordiclabsupplies.com\\\/wp-content\\\/uploads\\\/2024\\\/05\\\/S001S-1-scaled.jpg\",\"width\":2560,\"height\":2105},{\"@type\":\"BreadcrumbList\",\"@id\":\"https:\\\/\\\/nordiclabsupplies.com\\\/produkt\\\/injektionspropp-sterila-20mm-2000st\\\/#breadcrumb\",\"itemListElement\":[{\"@type\":\"ListItem\",\"position\":1,\"name\":\"Home\",\"item\":\"https:\\\/\\\/nordiclabsupplies.com\\\/\"},{\"@type\":\"ListItem\",\"position\":2,\"name\":\"Butik\",\"item\":\"https:\\\/\\\/nordiclabsupplies.com\\\/butik\\\/\"},{\"@type\":\"ListItem\",\"position\":3,\"name\":\"injektionspropp Sterila 20mm 2000st\"}]},{\"@type\":\"WebSite\",\"@id\":\"https:\\\/\\\/nordiclabsupplies.com\\\/#website\",\"url\":\"https:\\\/\\\/nordiclabsupplies.com\\\/\",\"name\":\"Nordiclabsupplies.com\",\"description\":\"\",\"potentialAction\":[{\"@type\":\"SearchAction\",\"target\":{\"@type\":\"EntryPoint\",\"urlTemplate\":\"https:\\\/\\\/nordiclabsupplies.com\\\/?s={search_term_string}\"},\"query-input\":{\"@type\":\"PropertyValueSpecification\",\"valueRequired\":true,\"valueName\":\"search_term_string\"}}],\"inLanguage\":\"en-US\"}]}<\/script>\n<meta property=\"product:price:amount\" content=\"3000.00\" \/>\n<meta property=\"product:price:currency\" content=\"SEK\" \/>\n<meta property=\"og:availability\" content=\"instock\" \/>\n<meta property=\"product:availability\" content=\"instock\" \/>\n<meta property=\"product:retailer_item_id\" content=\"S001S\" \/>\n<meta property=\"product:condition\" content=\"new\" \/>\n<!-- \/ Yoast SEO Premium plugin. -->","yoast_head_json":{"title":"injektionspropp Sterila 20mm 2000st - Nordiclabsupplies.com","description":"Dessa proppar \u00e4r speciellt utformade f\u00f6r att s\u00e4kerst\u00e4lla sterilitet och f\u00f6rseglade injektionsflaskor och beh\u00e5llare.","robots":{"index":"index","follow":"follow","max-snippet":"max-snippet:-1","max-image-preview":"max-image-preview:large","max-video-preview":"max-video-preview:-1"},"canonical":"https:\/\/nordiclabsupplies.com\/en\/product\/injection-stopper-sterile-20mm-2000pcs\/","og_locale":"en_US","og_type":"article","og_title":"injektionspropp Sterila 20mm 2000st","og_description":"Dessa proppar \u00e4r speciellt utformade f\u00f6r att s\u00e4kerst\u00e4lla sterilitet och f\u00f6rseglade injektionsflaskor och beh\u00e5llare.","og_url":"https:\/\/nordiclabsupplies.com\/en\/product\/injection-stopper-sterile-20mm-2000pcs\/","og_site_name":"Nordiclabsupplies.com","article_modified_time":"2026-04-22T11:24:25+00:00","og_image":[{"width":2560,"height":2105,"url":"https:\/\/nordiclabsupplies.com\/wp-content\/uploads\/2024\/05\/S001S-1-scaled.jpg","type":"image\/jpeg"}],"twitter_card":"summary_large_image","twitter_misc":{"Price":"3000,00&nbsp;&#107;&#114;","Availability":"In stock"},"schema":{"@context":"https:\/\/schema.org","@graph":[{"@type":"WebPage","@id":"https:\/\/nordiclabsupplies.com\/produkt\/injektionspropp-sterila-20mm-2000st\/","url":"https:\/\/nordiclabsupplies.com\/produkt\/injektionspropp-sterila-20mm-2000st\/","name":"injektionspropp Sterila 20mm 2000st - Nordiclabsupplies.com","isPartOf":{"@id":"https:\/\/nordiclabsupplies.com\/#website"},"primaryImageOfPage":{"@id":"https:\/\/nordiclabsupplies.com\/produkt\/injektionspropp-sterila-20mm-2000st\/#primaryimage"},"image":{"@id":"https:\/\/nordiclabsupplies.com\/produkt\/injektionspropp-sterila-20mm-2000st\/#primaryimage"},"thumbnailUrl":"https:\/\/nordiclabsupplies.com\/wp-content\/uploads\/2024\/05\/S001S-1-scaled.jpg","datePublished":"2024-05-29T13:41:21+00:00","dateModified":"2026-04-22T11:24:25+00:00","description":"Dessa proppar \u00e4r speciellt utformade f\u00f6r att s\u00e4kerst\u00e4lla sterilitet och f\u00f6rseglade injektionsflaskor och beh\u00e5llare.","breadcrumb":{"@id":"https:\/\/nordiclabsupplies.com\/produkt\/injektionspropp-sterila-20mm-2000st\/#breadcrumb"},"inLanguage":"en-US","potentialAction":[{"@type":"ReadAction","target":["https:\/\/nordiclabsupplies.com\/produkt\/injektionspropp-sterila-20mm-2000st\/"]}]},{"@type":"ImageObject","inLanguage":"en-US","@id":"https:\/\/nordiclabsupplies.com\/produkt\/injektionspropp-sterila-20mm-2000st\/#primaryimage","url":"https:\/\/nordiclabsupplies.com\/wp-content\/uploads\/2024\/05\/S001S-1-scaled.jpg","contentUrl":"https:\/\/nordiclabsupplies.com\/wp-content\/uploads\/2024\/05\/S001S-1-scaled.jpg","width":2560,"height":2105},{"@type":"BreadcrumbList","@id":"https:\/\/nordiclabsupplies.com\/produkt\/injektionspropp-sterila-20mm-2000st\/#breadcrumb","itemListElement":[{"@type":"ListItem","position":1,"name":"Home","item":"https:\/\/nordiclabsupplies.com\/"},{"@type":"ListItem","position":2,"name":"Butik","item":"https:\/\/nordiclabsupplies.com\/butik\/"},{"@type":"ListItem","position":3,"name":"injektionspropp Sterila 20mm 2000st"}]},{"@type":"WebSite","@id":"https:\/\/nordiclabsupplies.com\/#website","url":"https:\/\/nordiclabsupplies.com\/","name":"Nordiclabsupplies.com","description":"","potentialAction":[{"@type":"SearchAction","target":{"@type":"EntryPoint","urlTemplate":"https:\/\/nordiclabsupplies.com\/?s={search_term_string}"},"query-input":{"@type":"PropertyValueSpecification","valueRequired":true,"valueName":"search_term_string"}}],"inLanguage":"en-US"}]},"product_price_amount":"3000.00","product_price_currency":"SEK","og_availability":"instock","product_availability":"instock","product_retailer_item_id":"S001S","product_condition":"new"},"_links":{"self":[{"href":"https:\/\/nordiclabsupplies.com\/en\/wp-json\/wp\/v2\/product\/80","targetHints":{"allow":["GET"]}}],"collection":[{"href":"https:\/\/nordiclabsupplies.com\/en\/wp-json\/wp\/v2\/product"}],"about":[{"href":"https:\/\/nordiclabsupplies.com\/en\/wp-json\/wp\/v2\/types\/product"}],"replies":[{"embeddable":true,"href":"https:\/\/nordiclabsupplies.com\/en\/wp-json\/wp\/v2\/comments?post=80"}],"wp:featuredmedia":[{"embeddable":true,"href":"https:\/\/nordiclabsupplies.com\/en\/wp-json\/wp\/v2\/media\/503"}],"wp:attachment":[{"href":"https:\/\/nordiclabsupplies.com\/en\/wp-json\/wp\/v2\/media?parent=80"}],"wp:term":[{"taxonomy":"product_brand","embeddable":true,"href":"https:\/\/nordiclabsupplies.com\/en\/wp-json\/wp\/v2\/product_brand?post=80"},{"taxonomy":"product_cat","embeddable":true,"href":"https:\/\/nordiclabsupplies.com\/en\/wp-json\/wp\/v2\/product_cat?post=80"},{"taxonomy":"product_tag","embeddable":true,"href":"https:\/\/nordiclabsupplies.com\/en\/wp-json\/wp\/v2\/product_tag?post=80"}],"curies":[{"name":"wp","href":"https:\/\/api.w.org\/{rel}","templated":true}]}}