{"id":88,"date":"2024-05-29T14:41:24","date_gmt":"2024-05-29T13:41:24","guid":{"rendered":"https:\/\/nordiclab.webgiantdemo.se\/produkt\/20mm-center-tear-green-1000st\/"},"modified":"2025-12-01T16:15:11","modified_gmt":"2025-12-01T15:15:11","slug":"20mm-center-tear-green-1000st","status":"publish","type":"product","link":"https:\/\/nordiclabsupplies.com\/en\/product\/20mm-center-tear-green-1000pcs\/","title":{"rendered":"20mm center tear Green 1000pcs"},"content":{"rendered":"<p>1000-pack of 20mm Center Tear Green Crimp Tops<br \/>\nQuantity: 1000 pieces<br \/>\nColor: Green<br \/>\nClosure Style: Crimp Top<br \/>\nCrimping tool for application: 20mm Standard Crimper for aluminum tips<br \/>\nBottle compatible: Fits all serum bottles with a 20 mm outer diameter on the neck.<\/p>\n<p>This pack contains 1000 green Crimp Tops in 20mm size with Center Tear function. These tops are designed for crimp style sealing and are compatible with bottles that have an OD of 20mm at the neck.<\/p>\n<p>Main features:<\/p>\n<p>Easy Tear Function: The Center Tear design makes it easy to open the seal and access the contents of the bottle.<\/p>\n<p>Versatile Use: These green Crimp Tops are perfect for sealing serum bottles and other similar containers.<\/p>\n<p>Safe and Reliable: The Crimp Top closure style ensures a safe and reliable seal to protect the contents of the bottle.<\/p>\n<p>Easy Application: Use the 20mm Standard Crimper tool with the aluminum tips for easy application.<\/p>\n<p>Whether you work in the laboratory or any other sector that requires reliable seals with a convenient tear function, these green 20mm Center Tear Crimp Tops offer an excellent solution.<\/p>\n<p>Note: To apply these Crimp Tops, use the 20mm Standard Crimper for aluminum tops. Bottles with an outer diameter of 20 mm in the neck are compatible with these Crimp Tops.<\/p>","protected":false},"excerpt":{"rendered":"<p>1000-pack of 20mm Center Tear Green Crimp Tops Quantity: 1000 pieces Color: Green Closure Style: Crimp Top Crimping Tool for Application: 20mm Standard Crimper for Aluminum Tops Bottle Compatible: Fits all serum bottles with 20mm outer diameter neck. This pack contains 1000 green Crimp Tops in 20mm size with Center Tear feature. These tops are designed for crimp style sealing and [\u2026]<\/p>","protected":false},"featured_media":87,"comment_status":"open","ping_status":"closed","template":"","meta":{"_acf_changed":false},"product_brand":[],"product_cat":[48],"product_tag":[],"class_list":{"0":"post-88","1":"product","2":"type-product","3":"status-publish","4":"has-post-thumbnail","6":"product_cat-forslutningar-20-mm","8":"first","9":"instock","10":"taxable","11":"shipping-taxable","12":"purchasable","13":"product-type-simple"},"acf":[],"yoast_head":"<!-- This site is optimized with the Yoast SEO plugin v27.4 - https:\/\/yoast.com\/product\/yoast-seo-wordpress\/ -->\n<title>20mm center tear Green 1000st - Nordiclabsupplies.com<\/title>\n<meta name=\"robots\" content=\"index, follow, max-snippet:-1, max-image-preview:large, max-video-preview:-1\" \/>\n<link rel=\"canonical\" href=\"https:\/\/nordiclabsupplies.com\/en\/product\/20mm-center-tear-green-1000pcs\/\" \/>\n<meta property=\"og:locale\" content=\"en_US\" \/>\n<meta property=\"og:type\" content=\"article\" \/>\n<meta property=\"og:title\" content=\"20mm center tear Green 1000st - Nordiclabsupplies.com\" \/>\n<meta property=\"og:description\" content=\"1000-pack av 20mm Center Tear Green Crimp Tops Antal: 1000 stycken F\u00e4rg: Gr\u00f6n St\u00e4ngningsstil: Crimp Top Crimpverktyg f\u00f6r applicering: 20mm Standard Crimper f\u00f6r aluminiumtoppar Flaska kompatibel: Passar alla serumflaskor med 20 mm ytterdiameter p\u00e5 halsen. Denna f\u00f6rpackning inneh\u00e5ller 1000 gr\u00f6na Crimp Tops i 20mm storlek med Center Tear-funktion. Dessa toppar \u00e4r utformade f\u00f6r crimp-stilf\u00f6rsegling och [&hellip;]\" \/>\n<meta property=\"og:url\" content=\"https:\/\/nordiclabsupplies.com\/en\/product\/20mm-center-tear-green-1000pcs\/\" \/>\n<meta property=\"og:site_name\" content=\"Nordiclabsupplies.com\" \/>\n<meta property=\"article:modified_time\" content=\"2025-12-01T15:15:11+00:00\" \/>\n<meta property=\"og:image\" content=\"https:\/\/nordiclabsupplies.com\/wp-content\/uploads\/2024\/05\/c001g.jpg\" \/>\n\t<meta property=\"og:image:width\" content=\"400\" \/>\n\t<meta property=\"og:image:height\" content=\"300\" \/>\n\t<meta property=\"og:image:type\" content=\"image\/jpeg\" \/>\n<meta name=\"twitter:card\" content=\"summary_large_image\" \/>\n<meta name=\"twitter:label1\" content=\"Est. reading time\" \/>\n\t<meta name=\"twitter:data1\" content=\"1 minute\" \/>\n<script type=\"application\/ld+json\" class=\"yoast-schema-graph\">{\"@context\":\"https:\\\/\\\/schema.org\",\"@graph\":[{\"@type\":\"WebPage\",\"@id\":\"https:\\\/\\\/nordiclabsupplies.com\\\/produkt\\\/20mm-center-tear-green-1000st\\\/\",\"url\":\"https:\\\/\\\/nordiclabsupplies.com\\\/produkt\\\/20mm-center-tear-green-1000st\\\/\",\"name\":\"20mm center tear Green 1000st - Nordiclabsupplies.com\",\"isPartOf\":{\"@id\":\"https:\\\/\\\/nordiclabsupplies.com\\\/#website\"},\"primaryImageOfPage\":{\"@id\":\"https:\\\/\\\/nordiclabsupplies.com\\\/produkt\\\/20mm-center-tear-green-1000st\\\/#primaryimage\"},\"image\":{\"@id\":\"https:\\\/\\\/nordiclabsupplies.com\\\/produkt\\\/20mm-center-tear-green-1000st\\\/#primaryimage\"},\"thumbnailUrl\":\"https:\\\/\\\/nordiclabsupplies.com\\\/wp-content\\\/uploads\\\/2024\\\/05\\\/c001g.jpg\",\"datePublished\":\"2024-05-29T13:41:24+00:00\",\"dateModified\":\"2025-12-01T15:15:11+00:00\",\"breadcrumb\":{\"@id\":\"https:\\\/\\\/nordiclabsupplies.com\\\/produkt\\\/20mm-center-tear-green-1000st\\\/#breadcrumb\"},\"inLanguage\":\"en-US\",\"potentialAction\":[{\"@type\":\"ReadAction\",\"target\":[\"https:\\\/\\\/nordiclabsupplies.com\\\/produkt\\\/20mm-center-tear-green-1000st\\\/\"]}]},{\"@type\":\"ImageObject\",\"inLanguage\":\"en-US\",\"@id\":\"https:\\\/\\\/nordiclabsupplies.com\\\/produkt\\\/20mm-center-tear-green-1000st\\\/#primaryimage\",\"url\":\"https:\\\/\\\/nordiclabsupplies.com\\\/wp-content\\\/uploads\\\/2024\\\/05\\\/c001g.jpg\",\"contentUrl\":\"https:\\\/\\\/nordiclabsupplies.com\\\/wp-content\\\/uploads\\\/2024\\\/05\\\/c001g.jpg\",\"width\":400,\"height\":300},{\"@type\":\"BreadcrumbList\",\"@id\":\"https:\\\/\\\/nordiclabsupplies.com\\\/produkt\\\/20mm-center-tear-green-1000st\\\/#breadcrumb\",\"itemListElement\":[{\"@type\":\"ListItem\",\"position\":1,\"name\":\"Home\",\"item\":\"https:\\\/\\\/nordiclabsupplies.com\\\/\"},{\"@type\":\"ListItem\",\"position\":2,\"name\":\"Butik\",\"item\":\"https:\\\/\\\/nordiclabsupplies.com\\\/butik\\\/\"},{\"@type\":\"ListItem\",\"position\":3,\"name\":\"20mm center tear Green 1000st\"}]},{\"@type\":\"WebSite\",\"@id\":\"https:\\\/\\\/nordiclabsupplies.com\\\/#website\",\"url\":\"https:\\\/\\\/nordiclabsupplies.com\\\/\",\"name\":\"Nordiclabsupplies.com\",\"description\":\"\",\"potentialAction\":[{\"@type\":\"SearchAction\",\"target\":{\"@type\":\"EntryPoint\",\"urlTemplate\":\"https:\\\/\\\/nordiclabsupplies.com\\\/?s={search_term_string}\"},\"query-input\":{\"@type\":\"PropertyValueSpecification\",\"valueRequired\":true,\"valueName\":\"search_term_string\"}}],\"inLanguage\":\"en-US\"}]}<\/script>\n<!-- \/ Yoast SEO plugin. -->","yoast_head_json":{"title":"20mm center tear Green 1000st - Nordiclabsupplies.com","robots":{"index":"index","follow":"follow","max-snippet":"max-snippet:-1","max-image-preview":"max-image-preview:large","max-video-preview":"max-video-preview:-1"},"canonical":"https:\/\/nordiclabsupplies.com\/en\/product\/20mm-center-tear-green-1000pcs\/","og_locale":"en_US","og_type":"article","og_title":"20mm center tear Green 1000st - Nordiclabsupplies.com","og_description":"1000-pack av 20mm Center Tear Green Crimp Tops Antal: 1000 stycken F\u00e4rg: Gr\u00f6n St\u00e4ngningsstil: Crimp Top Crimpverktyg f\u00f6r applicering: 20mm Standard Crimper f\u00f6r aluminiumtoppar Flaska kompatibel: Passar alla serumflaskor med 20 mm ytterdiameter p\u00e5 halsen. Denna f\u00f6rpackning inneh\u00e5ller 1000 gr\u00f6na Crimp Tops i 20mm storlek med Center Tear-funktion. Dessa toppar \u00e4r utformade f\u00f6r crimp-stilf\u00f6rsegling och [&hellip;]","og_url":"https:\/\/nordiclabsupplies.com\/en\/product\/20mm-center-tear-green-1000pcs\/","og_site_name":"Nordiclabsupplies.com","article_modified_time":"2025-12-01T15:15:11+00:00","og_image":[{"width":400,"height":300,"url":"https:\/\/nordiclabsupplies.com\/wp-content\/uploads\/2024\/05\/c001g.jpg","type":"image\/jpeg"}],"twitter_card":"summary_large_image","twitter_misc":{"Est. reading time":"1 minute"},"schema":{"@context":"https:\/\/schema.org","@graph":[{"@type":"WebPage","@id":"https:\/\/nordiclabsupplies.com\/produkt\/20mm-center-tear-green-1000st\/","url":"https:\/\/nordiclabsupplies.com\/produkt\/20mm-center-tear-green-1000st\/","name":"20mm center tear Green 1000st - Nordiclabsupplies.com","isPartOf":{"@id":"https:\/\/nordiclabsupplies.com\/#website"},"primaryImageOfPage":{"@id":"https:\/\/nordiclabsupplies.com\/produkt\/20mm-center-tear-green-1000st\/#primaryimage"},"image":{"@id":"https:\/\/nordiclabsupplies.com\/produkt\/20mm-center-tear-green-1000st\/#primaryimage"},"thumbnailUrl":"https:\/\/nordiclabsupplies.com\/wp-content\/uploads\/2024\/05\/c001g.jpg","datePublished":"2024-05-29T13:41:24+00:00","dateModified":"2025-12-01T15:15:11+00:00","breadcrumb":{"@id":"https:\/\/nordiclabsupplies.com\/produkt\/20mm-center-tear-green-1000st\/#breadcrumb"},"inLanguage":"en-US","potentialAction":[{"@type":"ReadAction","target":["https:\/\/nordiclabsupplies.com\/produkt\/20mm-center-tear-green-1000st\/"]}]},{"@type":"ImageObject","inLanguage":"en-US","@id":"https:\/\/nordiclabsupplies.com\/produkt\/20mm-center-tear-green-1000st\/#primaryimage","url":"https:\/\/nordiclabsupplies.com\/wp-content\/uploads\/2024\/05\/c001g.jpg","contentUrl":"https:\/\/nordiclabsupplies.com\/wp-content\/uploads\/2024\/05\/c001g.jpg","width":400,"height":300},{"@type":"BreadcrumbList","@id":"https:\/\/nordiclabsupplies.com\/produkt\/20mm-center-tear-green-1000st\/#breadcrumb","itemListElement":[{"@type":"ListItem","position":1,"name":"Home","item":"https:\/\/nordiclabsupplies.com\/"},{"@type":"ListItem","position":2,"name":"Butik","item":"https:\/\/nordiclabsupplies.com\/butik\/"},{"@type":"ListItem","position":3,"name":"20mm center tear Green 1000st"}]},{"@type":"WebSite","@id":"https:\/\/nordiclabsupplies.com\/#website","url":"https:\/\/nordiclabsupplies.com\/","name":"Nordiclabsupplies.com","description":"","potentialAction":[{"@type":"SearchAction","target":{"@type":"EntryPoint","urlTemplate":"https:\/\/nordiclabsupplies.com\/?s={search_term_string}"},"query-input":{"@type":"PropertyValueSpecification","valueRequired":true,"valueName":"search_term_string"}}],"inLanguage":"en-US"}]}},"_links":{"self":[{"href":"https:\/\/nordiclabsupplies.com\/en\/wp-json\/wp\/v2\/product\/88","targetHints":{"allow":["GET"]}}],"collection":[{"href":"https:\/\/nordiclabsupplies.com\/en\/wp-json\/wp\/v2\/product"}],"about":[{"href":"https:\/\/nordiclabsupplies.com\/en\/wp-json\/wp\/v2\/types\/product"}],"replies":[{"embeddable":true,"href":"https:\/\/nordiclabsupplies.com\/en\/wp-json\/wp\/v2\/comments?post=88"}],"wp:featuredmedia":[{"embeddable":true,"href":"https:\/\/nordiclabsupplies.com\/en\/wp-json\/wp\/v2\/media\/87"}],"wp:attachment":[{"href":"https:\/\/nordiclabsupplies.com\/en\/wp-json\/wp\/v2\/media?parent=88"}],"wp:term":[{"taxonomy":"product_brand","embeddable":true,"href":"https:\/\/nordiclabsupplies.com\/en\/wp-json\/wp\/v2\/product_brand?post=88"},{"taxonomy":"product_cat","embeddable":true,"href":"https:\/\/nordiclabsupplies.com\/en\/wp-json\/wp\/v2\/product_cat?post=88"},{"taxonomy":"product_tag","embeddable":true,"href":"https:\/\/nordiclabsupplies.com\/en\/wp-json\/wp\/v2\/product_tag?post=88"}],"curies":[{"name":"wp","href":"https:\/\/api.w.org\/{rel}","templated":true}]}}